{"id":25354,"date":"2022-07-01T08:27:51","date_gmt":"2022-07-01T08:27:51","guid":{"rendered":"https:\/\/einfach-mehr-wissen.de\/?page_id=25354"},"modified":"2022-10-06T09:08:36","modified_gmt":"2022-10-06T09:08:36","slug":"impressum","status":"publish","type":"page","link":"https:\/\/einfach-mehr-wissen.de\/cs\/impressum\/","title":{"rendered":"Otisk"},"content":{"rendered":"<div data-elementor-type=\"wp-page\" data-elementor-id=\"25354\" class=\"elementor elementor-25354\" data-elementor-post-type=\"page\">\n\t\t\t\t\t\t<section class=\"elementor-section elementor-top-section elementor-element elementor-element-8746723 elementor-section-boxed elementor-section-height-default elementor-section-height-default\" data-id=\"8746723\" data-element_type=\"section\" data-e-type=\"section\">\n\t\t\t\t\t\t<div class=\"elementor-container elementor-column-gap-default\">\n\t\t\t\t\t<div class=\"elementor-column elementor-col-100 elementor-top-column elementor-element elementor-element-429ef65\" data-id=\"429ef65\" data-element_type=\"column\" data-e-type=\"column\">\n\t\t\t<div class=\"elementor-widget-wrap elementor-element-populated\">\n\t\t\t\t\t\t<div class=\"elementor-element elementor-element-8dc76a9 elementor-widget elementor-widget-text-editor\" data-id=\"8dc76a9\" data-element_type=\"widget\" data-e-type=\"widget\" data-widget_type=\"text-editor.default\">\n\t\t\t\t<div class=\"elementor-widget-container\">\n\t\t\t\t\t\t\t\t\t<p class=\"font_8\"><strong>Informace podle \u00a7 5 TMG<\/strong><\/p><p class=\"font_8\"><span class=\"wixGuard\">\u200b<\/span>Lehrke Verlag GmbH<\/p><p class=\"font_8\">Isestra\u00dfe 49<\/p><p class=\"font_8\">20144 Hamburk<\/p><p class=\"font_8\">Obchodn\u00ed rejst\u0159\u00edk: 99232<\/p><p class=\"font_8\">Rejst\u0159\u00edkov\u00fd soud: Hamburk<\/p><p class=\"font_8\"><span class=\"wixGuard\">\u200b<\/span><\/p><p class=\"font_8\">Zastoupen\u00e1:<\/p><p class=\"font_8\">Lehrke Verlag GmbH, zastoupen\u00e1 gener\u00e1ln\u00edm \u0159editelem Matthiasem Lehrkem<\/p><p class=\"font_8\">Kontakt<\/p><p class=\"font_8\">Telefon: 040\/40 17 09-15<\/p><p class=\"font_8\">Fax: 040\/40 17 09-14<\/p><p class=\"font_8\">E-mail: mail(at)lehrke-verlag.de<\/p><p class=\"font_8\"><span class=\"wixGuard\">\u200b<\/span><span class=\"wixGuard\">\u200b<\/span><\/p><p class=\"font_8\"><strong>DI\u010c PRO DPH<\/strong><\/p><p class=\"font_8\">Identifika\u010dn\u00ed \u010d\u00edslo pro da\u0148 z obratu podle \u00a7 27a z\u00e1kona o dani z obratu:<\/p><p class=\"font_8\">DE251663150<\/p><p class=\"font_8\"><span class=\"wixGuard\">\u200b<\/span><\/p><p class=\"font_8\"><strong>\u0158e\u0161en\u00ed spor\u016f v EU<\/strong><\/p><p class=\"font_8\"><span class=\"wixGuard\">\u200b<\/span>Evropsk\u00e1 komise poskytuje platformu pro online \u0159e\u0161en\u00ed spor\u016f (ODR):<\/p><p class=\"font_8\"><a href=\"https:\/\/ec.europa.eu\/consumers\/odr.\" target=\"_blank\" rel=\"noopener\" data-auto-recognition=\"true\">https:\/\/ec.europa.eu\/consumers\/odr.<\/a><\/p><p class=\"font_8\">Na\u0161i e-mailovou adresu najdete v tir\u00e1\u017ei v\u00fd\u0161e.<\/p><p class=\"font_8\">\u0158e\u0161en\u00ed spot\u0159ebitelsk\u00fdch spor\u016f\/Univerz\u00e1ln\u00ed rozhod\u010d\u00ed komise<\/p><p class=\"font_8\">Nejsme ochotni ani povinni \u00fa\u010dastnit se \u0159\u00edzen\u00ed o \u0159e\u0161en\u00ed spor\u016f p\u0159ed spot\u0159ebitelskou rozhod\u010d\u00ed komis\u00ed.<\/p><p class=\"font_8\"><span class=\"wixGuard\">\u200b<\/span><span class=\"wixGuard\">\u200b<\/span><\/p><p class=\"font_8\"><strong>Odpov\u011bdnost za obsah<\/strong><\/p><p class=\"font_8\"><span class=\"wixGuard\">\u200b<\/span>Jako poskytovatel slu\u017eeb neseme odpov\u011bdnost za vlastn\u00ed obsah t\u011bchto str\u00e1nek v souladu s obecn\u00fdmi pr\u00e1vn\u00edmi p\u0159edpisy podle \u00a7 7 odst. 1 n\u011bmeck\u00e9ho z\u00e1kona o telem\u00e9di\u00edch (TMG). Podle \u00a7\u00a7 8 a\u017e 10 TMG v\u0161ak nejsme jako poskytovatel slu\u017eeb povinni sledovat p\u0159en\u00e1\u0161en\u00e9 nebo ukl\u00e1dan\u00e9 informace t\u0159et\u00edch stran nebo vy\u0161et\u0159ovat okolnosti, kter\u00e9 nazna\u010duj\u00ed nez\u00e1konnou \u010dinnost.<\/p><p class=\"font_8\">Povinnosti odstranit nebo zablokovat pou\u017e\u00edv\u00e1n\u00ed informac\u00ed v souladu s obecn\u00fdmi pr\u00e1vn\u00edmi p\u0159edpisy t\u00edm nejsou dot\u010deny. Odpov\u011bdnost v tomto ohledu je v\u0161ak mo\u017en\u00e1 a\u017e od okam\u017eiku, kdy se dozv\u00edte o konkr\u00e9tn\u00edm poru\u0161en\u00ed. Pokud se dozv\u00edme o p\u0159\u00edslu\u0161n\u00fdch poru\u0161en\u00edch, tento obsah okam\u017eit\u011b odstran\u00edme.<\/p><p class=\"font_8\"><span class=\"wixGuard\">\u200b<\/span><span class=\"wixGuard\">\u200b<\/span><\/p><p class=\"font_8\"><strong>Odpov\u011bdnost za odkazy<\/strong><\/p><p class=\"font_8\"><span class=\"wixGuard\">\u200b<\/span>Na\u0161e nab\u00eddka obsahuje odkazy na extern\u00ed webov\u00e9 str\u00e1nky t\u0159et\u00edch stran, na jejich\u017e obsah nem\u00e1me \u017e\u00e1dn\u00fd vliv.<\/p><p class=\"font_8\">Proto za tento extern\u00ed obsah nem\u016f\u017eeme p\u0159evz\u00edt \u017e\u00e1dnou odpov\u011bdnost. Za obsah odkazovan\u00fdch str\u00e1nek v\u017edy odpov\u00edd\u00e1 p\u0159\u00edslu\u0161n\u00fd poskytovatel nebo provozovatel str\u00e1nek. Odkazovan\u00e9 str\u00e1nky byly v dob\u011b odkazov\u00e1n\u00ed zkontrolov\u00e1ny z hlediska mo\u017en\u00e9ho poru\u0161en\u00ed pr\u00e1vn\u00edch p\u0159edpis\u016f. Neleg\u00e1ln\u00ed obsah nebyl v dob\u011b propojen\u00ed rozpoznateln\u00fd.<\/p><p class=\"font_8\">Trval\u00e1 kontrola obsahu odkazovan\u00fdch str\u00e1nek v\u0161ak nen\u00ed bez konkr\u00e9tn\u00edch d\u016fkaz\u016f o poru\u0161en\u00ed z\u00e1kona p\u0159im\u011b\u0159en\u00e1. Pokud se dozv\u00edme o jak\u00e9mkoli poru\u0161en\u00ed z\u00e1kona, okam\u017eit\u011b takov\u00e9 odkazy odstran\u00edme.<\/p><p class=\"font_8\"><span class=\"wixGuard\">\u200b<\/span><strong>Autorsk\u00e1 pr\u00e1va<\/strong><\/p><p class=\"font_8\"><span class=\"wixGuard\">\u200b<\/span>Obsah a d\u00edla vytvo\u0159en\u00e1 provozovateli str\u00e1nek na t\u011bchto str\u00e1nk\u00e1ch podl\u00e9haj\u00ed n\u011bmeck\u00e9mu autorsk\u00e9mu pr\u00e1vu. Kop\u00edrov\u00e1n\u00ed, zpracov\u00e1n\u00ed, \u0161\u00ed\u0159en\u00ed a jak\u00fdkoli zp\u016fsob vyu\u017eit\u00ed nad r\u00e1mec autorsk\u00e9ho z\u00e1kona vy\u017eaduje p\u00edsemn\u00fd souhlas p\u0159\u00edslu\u0161n\u00e9ho autora nebo tv\u016frce.<\/p><p class=\"font_8\">Stahov\u00e1n\u00ed a kop\u00edrov\u00e1n\u00ed t\u00e9to str\u00e1nky je povoleno pouze pro soukrom\u00e9, nekomer\u010dn\u00ed pou\u017eit\u00ed.<\/p><p class=\"font_8\">Pokud obsah t\u00e9to str\u00e1nky nebyl vytvo\u0159en provozovatelem, jsou autorsk\u00e1 pr\u00e1va t\u0159et\u00edch stran respektov\u00e1na. Jako takov\u00fd je ozna\u010den zejm\u00e9na obsah t\u0159et\u00edch stran. Pokud se p\u0159esto dozv\u00edte o poru\u0161en\u00ed autorsk\u00fdch pr\u00e1v, informujte n\u00e1s o tom. Pokud se dozv\u00edme o jak\u00e9mkoli poru\u0161en\u00ed, okam\u017eit\u011b takov\u00fd obsah odstran\u00edme.<\/p>\t\t\t\t\t\t\t\t<\/div>\n\t\t\t\t<\/div>\n\t\t\t\t\t<\/div>\n\t\t<\/div>\n\t\t\t\t\t<\/div>\n\t\t<\/section>\n\t\t\t\t<\/div>","protected":false},"excerpt":{"rendered":"<p>Angaben gem\u00e4\u00df \u00a7 5 TMG \u200bLehrke Verlag GmbH Isestra\u00dfe 49 20144 Hamburg Handelsregister: 99232 Registergericht: Hamburg \u200b Vertreten durch: Lehrke Verlag GmbH, vertreten durch den Gesch\u00e4ftsfu\u0308hrer Matthias Lehrke Kontakt Telefon: 040\/40 17 09-15 Telefax: 040\/40 17 09-14 E-Mail: mail(at)lehrke-verlag.de \u200b\u200b Umsatzsteuer-ID Umsatzsteuer-Identifikationsnummer gem\u00e4\u00df \u00a7 27 a Umsatzsteuergesetz: DE251663150 \u200b EU-Streitschlichtung \u200bDie Europ\u00e4ische Kommission stellt eine [&hellip;]<\/p>\n","protected":false},"author":1,"featured_media":0,"parent":0,"menu_order":0,"comment_status":"closed","ping_status":"closed","template":"","meta":{"site-sidebar-layout":"no-sidebar","site-content-layout":"page-builder","ast-site-content-layout":"default","site-content-style":"default","site-sidebar-style":"default","ast-global-header-display":"","ast-banner-title-visibility":"","ast-main-header-display":"","ast-hfb-above-header-display":"","ast-hfb-below-header-display":"","ast-hfb-mobile-header-display":"","site-post-title":"disabled","ast-breadcrumbs-content":"","ast-featured-img":"disabled","footer-sml-layout":"","ast-disable-related-posts":"","theme-transparent-header-meta":"","adv-header-id-meta":"","stick-header-meta":"","header-above-stick-meta":"","header-main-stick-meta":"","header-below-stick-meta":"","astra-migrate-meta-layouts":"default","ast-page-background-enabled":"default","ast-page-background-meta":{"desktop":{"background-color":"","background-image":"","background-repeat":"repeat","background-position":"center center","background-size":"auto","background-attachment":"scroll","background-type":"","background-media":"","overlay-type":"","overlay-color":"","overlay-opacity":"","overlay-gradient":""},"tablet":{"background-color":"","background-image":"","background-repeat":"repeat","background-position":"center center","background-size":"auto","background-attachment":"scroll","background-type":"","background-media":"","overlay-type":"","overlay-color":"","overlay-opacity":"","overlay-gradient":""},"mobile":{"background-color":"","background-image":"","background-repeat":"repeat","background-position":"center center","background-size":"auto","background-attachment":"scroll","background-type":"","background-media":"","overlay-type":"","overlay-color":"","overlay-opacity":"","overlay-gradient":""}},"ast-content-background-meta":{"desktop":{"background-color":"var(--ast-global-color-5)","background-image":"","background-repeat":"repeat","background-position":"center center","background-size":"auto","background-attachment":"scroll","background-type":"","background-media":"","overlay-type":"","overlay-color":"","overlay-opacity":"","overlay-gradient":""},"tablet":{"background-color":"var(--ast-global-color-5)","background-image":"","background-repeat":"repeat","background-position":"center center","background-size":"auto","background-attachment":"scroll","background-type":"","background-media":"","overlay-type":"","overlay-color":"","overlay-opacity":"","overlay-gradient":""},"mobile":{"background-color":"var(--ast-global-color-5)","background-image":"","background-repeat":"repeat","background-position":"center center","background-size":"auto","background-attachment":"scroll","background-type":"","background-media":"","overlay-type":"","overlay-color":"","overlay-opacity":"","overlay-gradient":""}},"footnotes":""},"class_list":["post-25354","page","type-page","status-publish","hentry"],"_links":{"self":[{"href":"https:\/\/einfach-mehr-wissen.de\/cs\/wp-json\/wp\/v2\/pages\/25354","targetHints":{"allow":["GET"]}}],"collection":[{"href":"https:\/\/einfach-mehr-wissen.de\/cs\/wp-json\/wp\/v2\/pages"}],"about":[{"href":"https:\/\/einfach-mehr-wissen.de\/cs\/wp-json\/wp\/v2\/types\/page"}],"author":[{"embeddable":true,"href":"https:\/\/einfach-mehr-wissen.de\/cs\/wp-json\/wp\/v2\/users\/1"}],"replies":[{"embeddable":true,"href":"https:\/\/einfach-mehr-wissen.de\/cs\/wp-json\/wp\/v2\/comments?post=25354"}],"version-history":[{"count":13,"href":"https:\/\/einfach-mehr-wissen.de\/cs\/wp-json\/wp\/v2\/pages\/25354\/revisions"}],"predecessor-version":[{"id":27447,"href":"https:\/\/einfach-mehr-wissen.de\/cs\/wp-json\/wp\/v2\/pages\/25354\/revisions\/27447"}],"wp:attachment":[{"href":"https:\/\/einfach-mehr-wissen.de\/cs\/wp-json\/wp\/v2\/media?parent=25354"}],"curies":[{"name":"wp","href":"https:\/\/api.w.org\/{rel}","templated":true}]}}