{"id":26010,"date":"2022-07-14T13:15:32","date_gmt":"2022-07-14T13:15:32","guid":{"rendered":"https:\/\/einfach-mehr-wissen.de\/?page_id=26010"},"modified":"2022-09-30T10:53:13","modified_gmt":"2022-09-30T10:53:13","slug":"nutzungsvereinbarung","status":"publish","type":"page","link":"https:\/\/einfach-mehr-wissen.de\/cs\/nutzungsvereinbarung\/","title":{"rendered":"LV: Smlouva s u\u017eivatelem vzd\u011bl\u00e1vac\u00ed platformy"},"content":{"rendered":"<h1 class=\"wp-block-heading\">U\u017eivatelsk\u00e1 smlouva<\/h1>\n\n\n\n<figure class=\"wp-block-table\"><table><tbody><tr><td>1. pou\u017e\u00edv\u00e1n\u00ed v\u00fdukov\u00e9 platformy <br>V\u00fdukovou platformu provozuje spole\u010dnost Lehrke Verlag GmbH. Obsah v\u00fdukov\u00e9 platformy je u\u017eivatel\u016fm k dispozici v souladu se spr\u00e1vou a v z\u00e1sad\u011b zdarma.<br><br>Pr\u00e1vo na u\u017e\u00edv\u00e1n\u00ed automaticky zanik\u00e1 po odchodu z \u010dlensk\u00e9 instituce nebo po ukon\u010den\u00ed projektov\u00e9ho partnerstv\u00ed, pokud nebyl vyhl\u00e1\u0161en zvl\u00e1\u0161tn\u00ed status (nap\u0159. absolventa).<br><br>2. autorsk\u00e1 pr\u00e1va<br>Ve\u0161ker\u00e1 autorsk\u00e1 pr\u00e1va k obsahu z\u016fst\u00e1vaj\u00ed p\u0159\u00edslu\u0161n\u00fdm autor\u016fm.<br><br>Jak\u00e9koli rozmno\u017eov\u00e1n\u00ed (datov\u00e9 nosi\u010de, v\u00fdtisky a kopie na pap\u00ed\u0159e nebo jin\u00fdch materi\u00e1lech atd.) a\/nebo jejich p\u0159ed\u00e1v\u00e1n\u00ed t\u0159et\u00edm stran\u00e1m ke komer\u010dn\u00edm \u00fa\u010del\u016fm b\u011bhem platnosti povolen\u00ed k p\u0159\u00edstupu a po jeho ukon\u010den\u00ed nen\u00ed povoleno a bude st\u00edh\u00e1no podle trestn\u00edho a ob\u010dansk\u00e9ho pr\u00e1va. Povede to rovn\u011b\u017e k okam\u017eit\u00e9mu ukon\u010den\u00ed opr\u00e1vn\u011bn\u00ed u\u017eivatele. To plat\u00ed i pro zp\u0159\u00edstupn\u011bn\u00ed obsahu t\u0159et\u00edm osob\u00e1m, kter\u00e9 k n\u011bmu nemaj\u00ed opr\u00e1vn\u011bn\u00ed (nap\u0159. p\u0159ed\u00e1n\u00edm osobn\u00edho hesla).<br><br>3. ochrana \u00fadaj\u016f<br>3.1 Shroma\u017e\u010fov\u00e1n\u00ed, zpracov\u00e1n\u00ed a uchov\u00e1v\u00e1n\u00ed \u00fadaj\u016f<br>Pro registraci na platform\u011b je vy\u017eadov\u00e1na platn\u00e1 e-mailov\u00e1 adresa. D\u00e1le je povinn\u00e9 uv\u00e9st jm\u00e9no a p\u0159\u00edjmen\u00ed, jako\u017e i n\u00e1zev u\u017eivatele a instituce. Instituce je vy\u017eadov\u00e1na pro p\u0159i\u0159azen\u00ed k \u010dlensk\u00fdm instituc\u00edm v r\u00e1mci BAG digitale Lehre H\u00f6D. Tyto osobn\u00ed \u00fadaje se ukl\u00e1daj\u00ed pouze za \u00fa\u010delem umo\u017en\u011bn\u00ed p\u0159\u00edstupu u\u017eivatel\u016f k obsahu a pouze po dobu pou\u017e\u00edv\u00e1n\u00ed.<br><br>\u00dadaje o chov\u00e1n\u00ed u\u017eivatel\u016f na vzd\u011bl\u00e1vac\u00ed platform\u011b jsou zaznamen\u00e1v\u00e1ny syst\u00e9mem a mohou je prohl\u00ed\u017eet spr\u00e1vci nebo auto\u0159i. Zaznamen\u00e1vaj\u00ed a ukl\u00e1daj\u00ed se n\u00e1sleduj\u00edc\u00ed \u00fadaje:<br><br><br>Souhlas s pou\u017eit\u00edm a datum souhlasu<br>Opr\u00e1vn\u011bn\u00ed nebo role jednotliv\u00fdch u\u017eivatelsk\u00fdch jmen<br>Pro \u010dlenstv\u00ed ve skupin\u00e1ch a kurzech: datum z\u00e1pisu a pr\u016fb\u011bh u\u010den\u00ed (\"Je\u0161t\u011b neza\u010dal\" \/ \"Prob\u00edh\u00e1\" \/ \"Rozpracov\u00e1no\" \/ \"Neusp\u011bl\").<br>\u00dadaje o historii: Datum vytvo\u0159en\u00ed \u00fa\u010dtu a kdo jej vytvo\u0159il (vlastn\u00edk), posledn\u00ed p\u0159ihl\u00e1\u0161en\u00ed a vlastnictv\u00ed objekt\u016f.<br>P\u0159i pou\u017e\u00edv\u00e1n\u00ed intern\u00edho po\u0161tovn\u00edho syst\u00e9mu jsou zpr\u00e1vy odeslan\u00e9 a p\u0159ijat\u00e9 prost\u0159ednictv\u00edm t\u00e9to e-mailov\u00e9 funkce<br>P\u0159i pou\u017eit\u00ed funkce automatick\u00e9ho oznamov\u00e1n\u00ed ve skupin\u00e1ch a kurzech se odeslan\u00e9 a p\u0159ijat\u00e9 zpr\u00e1vy v jednotliv\u00fdch p\u0159\u00edpadech.<br>V p\u0159\u00edpad\u011b chyby a pro \u00fa\u010dely zaji\u0161t\u011bn\u00ed kvality mohou spr\u00e1vci aktivovat a vyhodnotit protokoly serveru. Ty obsahuj\u00ed n\u00e1zev na\u010dten\u00e9ho souboru nebo str\u00e1nky, datum a \u010das na\u010dten\u00ed, objem p\u0159enesen\u00fdch dat, stavov\u00fd k\u00f3d http, na\u010d\u00edtaj\u00edc\u00ed IP adresu a typ a verzi prohl\u00ed\u017ee\u010de.<br>Probl\u00e9my a po\u017eadavky na podporu jsou v p\u0159\u00edpad\u011b pot\u0159eby p\u0159ed\u00e1ny syst\u00e9mu podpory u poskytovatele. Krom\u011b osobn\u00edch \u00fadaj\u016f (p\u0159\u00edjmen\u00ed, jm\u00e9no a e-mailov\u00e1 adresa) se zde jako historick\u00e9 \u00fadaje ukl\u00e1daj\u00ed datum a \u010das vytvo\u0159en\u00ed po\u017eadavku na podporu, obsah po\u017eadavku a historie jeho zpracov\u00e1n\u00ed, jako\u017e i pr\u016fb\u011bh dal\u0161\u00ed komunikace t\u00fdkaj\u00edc\u00ed se tohoto po\u017eadavku a\u017e do jeho uzav\u0159en\u00ed (vy\u0159\u00edzen\u00ed po\u017eadavku).<br>K \u00fadaj\u016fm mohou m\u00edt za \u00fa\u010delem spln\u011bn\u00ed \u00fa\u010delu p\u0159\u00edstup tyto osoby:<br><br><br>Lekto\u0159i kurz\u016f, skupiny a\/nebo spr\u00e1vci kurz\u016f mohou vid\u011bt zapsan\u00e9 \u00fa\u010dastn\u00edky a jejich pr\u016fb\u011bh u\u010den\u00ed s hlavn\u00edmi \u00fadaji a \u00fadaji o historii (stav z\u00e1pisu, seznam \u00fa\u010dastn\u00edk\u016f, \u00fasp\u011b\u0161nost u\u010den\u00ed, posledn\u00ed p\u0159ihl\u00e1\u0161en\u00ed\/registrace).<br>\u010clenov\u00e9 skupiny a\/nebo kurzu vid\u00ed u\u017eivatelsk\u00e1 jm\u00e9na p\u0159\u00edslu\u0161n\u00fdch \u010dlen\u016f a mohou je kontaktovat. Dal\u0161\u00ed podrobnosti (tzv. profilov\u00e9 \u00fadaje) jsou viditeln\u00e9 pouze tehdy, pokud je p\u0159\u00edslu\u0161n\u00fd u\u017eivatel zve\u0159ejnil.<br>B\u011bhem pou\u017e\u00edv\u00e1n\u00ed mohou v\u0161ichni \u00fa\u010dastn\u00edci vid\u011bt, kdo je na vzd\u011bl\u00e1vac\u00ed platform\u011b sou\u010dasn\u011b (\"Aktivn\u00ed u\u017eivatel\u00e9\" - zobrazen\u00ed). u\u017eivatel\u00e9 sami ur\u010duj\u00ed \u00fadaje nad r\u00e1mec zve\u0159ejn\u011bn\u00ed jm\u00e9na a u\u017eivatelsk\u00e9ho jm\u00e9na v osobn\u00edm profilu.<br><br>3.2 Ukl\u00e1d\u00e1n\u00ed dat<br>\u00dadaje jsou ulo\u017eeny u poskytovatele ve form\u011b objednan\u00e9ho zpracov\u00e1n\u00ed dat. K dispozici je smlouva v souladu s ustanoven\u00edmi n\u011bmeck\u00e9ho na\u0159\u00edzen\u00ed o ochran\u011b osobn\u00edch \u00fadaj\u016f (DSGVO).<br>N\u00e1zev a adresa sou\u010dasn\u00e9ho poskytovatele:<br><br>STRATO AG<br>Otto Ostrowski Ulice 7<br>D-10249 Berl\u00edn<br>\u2003\u2003<a rel=\"noreferrer noopener\" href=\"https:\/\/www.strato.de\/\" target=\"_blank\">www.databay.de<\/a><br><br>3.3 Poskytov\u00e1n\u00ed \u00fadaj\u016f t\u0159et\u00edm stran\u00e1m<br>\u017d\u00e1dn\u00e9 \u00fadaje nejsou p\u0159ed\u00e1v\u00e1ny t\u0159et\u00edm stran\u00e1m.<br><br>3.4 P\u0159enositelnost \u00fadaj\u016f<br>U\u017eivatel\u00e9 mohou z v\u00fdukov\u00e9 platformy p\u0159en\u00e1\u0161et n\u00e1sleduj\u00edc\u00ed \u00fadaje:<br><br>P\u0159enosn\u00e9 po\u010d\u00edta\u010de jsou:<br>Profil, vlastn\u00ed nastaven\u00ed (XML)<br>Osobn\u00ed pozn\u00e1mky na \"Osobn\u00edm stole<br>Z\u00e1lo\u017eky<br>soukrom\u00e9 kalend\u00e1\u0159e<br>Stavy u\u010den\u00ed<br>Exportovat lze:<br>Certifik\u00e1ty<br>Objekty z osobn\u00edho pracovn\u00edho prostoru<br>Odznaky<br>Osobn\u00ed blogy<br>Portfolio<br>Vlastn\u00ed kontakty<br>3.5 Vymaz\u00e1n\u00ed dat<br>Jakmile u\u017eivatel\u00e9 p\u00edsemn\u011b nebo e-mailem informuj\u00ed m\u00edstn\u00edho spr\u00e1vce sv\u00e9 instituce, \u017ee ji\u017e nemaj\u00ed z\u00e1jem o dal\u0161\u00ed pou\u017e\u00edv\u00e1n\u00ed, budou jejich \u00fadaje vymaz\u00e1ny. Osobn\u00ed \u00fadaje v koment\u00e1\u0159\u00edch a f\u00f3rech v\u0161ak z\u016fst\u00e1vaj\u00ed nedot\u010deny, proto\u017ee je nelze automatizovat. Proto je t\u0159eba p\u0159\u00edsp\u011bvky pova\u017eovat za takov\u00e9.<br><br>3.6 Anonymn\u00ed ukl\u00e1d\u00e1n\u00ed dat<br>U\u017eivatel\u00e9 rovn\u011b\u017e souhlas\u00ed s t\u00edm, \u017ee \u00fadaje mohou b\u00fdt uchov\u00e1v\u00e1ny i po uplynut\u00ed doby pou\u017e\u00edv\u00e1n\u00ed, pokud se tak d\u011bje v\u00fdhradn\u011b v anonymn\u00ed podob\u011b a informace jsou pou\u017e\u00edv\u00e1ny pouze pro v\u011bdeck\u00e9 \u00fa\u010dely, nap\u0159. pro optimalizaci v\u00fduky, sestavov\u00e1n\u00ed statistik u\u017eivatel\u016f atd. \u00dadaje mohou b\u00fdt pou\u017eity i pro jin\u00e9 \u00fa\u010dely.<br><br>3.7 Pozn\u00e1mky k soubor\u016fm cookie<br>K v\u00fdukov\u00e9 platform\u011b se p\u0159istupuje prost\u0159ednictv\u00edm prohl\u00ed\u017ee\u010de. V t\u00e9to souvislosti se p\u0159i vyvol\u00e1v\u00e1n\u00ed aktu\u00e1ln\u00edch verz\u00ed v\u00fdukov\u00e9 platformy zapisuj\u00ed dva soubory cookie. Soubory cookie jsou ulo\u017eeny v klientovi (prohl\u00ed\u017ee\u010di u\u017eivatele), nikoli v samotn\u00e9 vzd\u011bl\u00e1vac\u00ed platform\u011b nebo na serverech poskytovatele vzd\u011bl\u00e1vac\u00ed platformy. Do soubor\u016f cookie se p\u0159\u00edmo nezapisuj\u00ed \u017e\u00e1dn\u00e9 osobn\u00ed \u00fadaje.<br><br>4. povinnosti u\u017eivatel\u016f<br>U\u017eivatel\u00e9 nesm\u011bj\u00ed ve sv\u00fdch p\u0159\u00edsp\u011bvc\u00edch (f\u00f3ra, chaty, c\u00edle hypertextov\u00fdch odkaz\u016f a nahran\u00e9 soubory atd.) zve\u0159ej\u0148ovat \u017e\u00e1dn\u00e1 ur\u00e1\u017eliv\u00e1 nebo protipr\u00e1vn\u00ed prohl\u00e1\u0161en\u00ed a obsah. Poru\u0161en\u00ed t\u011bchto ustanoven\u00ed m\u016f\u017ee b\u00fdt st\u00edh\u00e1no podle trestn\u00edho a ob\u010dansk\u00e9ho pr\u00e1va a m\u016f\u017ee v\u00e9st k okam\u017eit\u00e9mu ukon\u010den\u00ed opr\u00e1vn\u011bn\u00ed u\u017eivatele.<br><br>U\u017eivatel\u00e9 jsou povinni se podle sv\u00e9ho nejlep\u0161\u00edho v\u011bdom\u00ed a sv\u011bdom\u00ed zdr\u017eet \u010dinnost\u00ed a zad\u00e1v\u00e1n\u00ed \u00fadaj\u016f na vzd\u011bl\u00e1vac\u00ed platform\u011b, kter\u00e9 by mohly v\u00e9st k naru\u0161en\u00ed celkov\u00e9ho provozu.<br><br>5. z\u0159eknut\u00ed se odpov\u011bdnosti<br>Za obsah, na kter\u00fd se odkazuje p\u0159\u00edmo nebo nep\u0159\u00edmo (odkazy) a kter\u00fd le\u017e\u00ed mimo sf\u00e9ru vlivu spole\u010dnosti Lehrke Verlag GmbH, nep\u0159eb\u00edr\u00e1me \u017e\u00e1dnou odpov\u011bdnost.<br><br>Za aktu\u00e1lnost a \u00faplnost obsahu poskytovan\u00e9ho na vzd\u011bl\u00e1vac\u00ed platform\u011b se neru\u010d\u00ed. N\u00e1roky z odpov\u011bdnosti v\u016f\u010di autor\u016fm, Lehrke Verlag GmbH a provozovatel\u016fm v\u00fdukov\u00e9 platformy t\u00fdkaj\u00edc\u00ed se majetkov\u00e9 \u010di nemajetkov\u00e9 \u00fajmy zp\u016fsoben\u00e9 pou\u017e\u00edv\u00e1n\u00edm \u010di nepou\u017e\u00edv\u00e1n\u00edm poskytnut\u00e9ho obsahu nebo pou\u017e\u00edv\u00e1n\u00edm nespr\u00e1vn\u00e9ho a ne\u00fapln\u00e9ho obsahu jsou vylou\u010deny. Pou\u017e\u00edv\u00e1n\u00ed je na vlastn\u00ed nebezpe\u010d\u00ed u\u017eivatele.<br><br>6. r\u016fzn\u00e9<br>Tato u\u017eivatelsk\u00e1 smlouva je p\u0159\u00edstupn\u00e1 online na registra\u010dn\u00ed str\u00e1nce. Spole\u010dnost Lehrke Verlag GmbH ji m\u016f\u017ee kdykoli zm\u011bnit, pokud je to objektivn\u011b od\u016fvodn\u011bn\u00e9.<br><br>Souhlasem s touto u\u017eivatelskou smlouvou u\u017eivatel uzn\u00e1v\u00e1 platnost ka\u017ed\u00e9ho jednotliv\u00e9ho ustanoven\u00ed pro sebe; platnost ka\u017ed\u00e9ho jednotliv\u00e9ho ustanoven\u00ed nen\u00ed dot\u010dena platnost\u00ed ostatn\u00edch jednotliv\u00fdch ustanoven\u00ed. Zm\u011bny vstupuj\u00ed v platnost zve\u0159ejn\u011bn\u00edm online. Pokra\u010dov\u00e1n\u00edm v pou\u017e\u00edv\u00e1n\u00ed v\u00fdukov\u00e9 platformy u\u017eivatel\u00e9 souhlas\u00ed se zm\u011bn\u011bnou smlouvou.<br><br>Stav: 12. srpna 2022<\/td><\/tr><\/tbody><\/table><\/figure>","protected":false},"excerpt":{"rendered":"<p>Nutzungsvereinbarung 1. Nutzung der Lernplattform Die Lernplattform wird von Lehrke Verlag GmbH betrieben. Die Inhalte der Lernplattform stehen den Nutzenden nach Ma\u00dfgabe der Administration und grunds\u00e4tzlich kostenlos zur Verf\u00fcgung. Das Nutzungsrecht erlischt automatisch mit dem Ausscheiden aus der Mitgliedsinstitution oder mit der Beendigung einer Projektpartnerschaft, sofern kein besonderer Status (z. B. als Alumni) ausgesprochen worden [&hellip;]<\/p>\n","protected":false},"author":1,"featured_media":0,"parent":0,"menu_order":0,"comment_status":"closed","ping_status":"closed","template":"","meta":{"site-sidebar-layout":"default","site-content-layout":"","ast-site-content-layout":"default","site-content-style":"default","site-sidebar-style":"default","ast-global-header-display":"","ast-banner-title-visibility":"","ast-main-header-display":"","ast-hfb-above-header-display":"","ast-hfb-below-header-display":"","ast-hfb-mobile-header-display":"","site-post-title":"","ast-breadcrumbs-content":"","ast-featured-img":"","footer-sml-layout":"","ast-disable-related-posts":"","theme-transparent-header-meta":"","adv-header-id-meta":"","stick-header-meta":"","header-above-stick-meta":"","header-main-stick-meta":"","header-below-stick-meta":"","astra-migrate-meta-layouts":"default","ast-page-background-enabled":"default","ast-page-background-meta":{"desktop":{"background-color":"","background-image":"","background-repeat":"repeat","background-position":"center center","background-size":"auto","background-attachment":"scroll","background-type":"","background-media":"","overlay-type":"","overlay-color":"","overlay-opacity":"","overlay-gradient":""},"tablet":{"background-color":"","background-image":"","background-repeat":"repeat","background-position":"center center","background-size":"auto","background-attachment":"scroll","background-type":"","background-media":"","overlay-type":"","overlay-color":"","overlay-opacity":"","overlay-gradient":""},"mobile":{"background-color":"","background-image":"","background-repeat":"repeat","background-position":"center center","background-size":"auto","background-attachment":"scroll","background-type":"","background-media":"","overlay-type":"","overlay-color":"","overlay-opacity":"","overlay-gradient":""}},"ast-content-background-meta":{"desktop":{"background-color":"var(--ast-global-color-5)","background-image":"","background-repeat":"repeat","background-position":"center center","background-size":"auto","background-attachment":"scroll","background-type":"","background-media":"","overlay-type":"","overlay-color":"","overlay-opacity":"","overlay-gradient":""},"tablet":{"background-color":"var(--ast-global-color-5)","background-image":"","background-repeat":"repeat","background-position":"center center","background-size":"auto","background-attachment":"scroll","background-type":"","background-media":"","overlay-type":"","overlay-color":"","overlay-opacity":"","overlay-gradient":""},"mobile":{"background-color":"var(--ast-global-color-5)","background-image":"","background-repeat":"repeat","background-position":"center center","background-size":"auto","background-attachment":"scroll","background-type":"","background-media":"","overlay-type":"","overlay-color":"","overlay-opacity":"","overlay-gradient":""}},"footnotes":""},"class_list":["post-26010","page","type-page","status-publish","hentry"],"_links":{"self":[{"href":"https:\/\/einfach-mehr-wissen.de\/cs\/wp-json\/wp\/v2\/pages\/26010","targetHints":{"allow":["GET"]}}],"collection":[{"href":"https:\/\/einfach-mehr-wissen.de\/cs\/wp-json\/wp\/v2\/pages"}],"about":[{"href":"https:\/\/einfach-mehr-wissen.de\/cs\/wp-json\/wp\/v2\/types\/page"}],"author":[{"embeddable":true,"href":"https:\/\/einfach-mehr-wissen.de\/cs\/wp-json\/wp\/v2\/users\/1"}],"replies":[{"embeddable":true,"href":"https:\/\/einfach-mehr-wissen.de\/cs\/wp-json\/wp\/v2\/comments?post=26010"}],"version-history":[{"count":6,"href":"https:\/\/einfach-mehr-wissen.de\/cs\/wp-json\/wp\/v2\/pages\/26010\/revisions"}],"predecessor-version":[{"id":27414,"href":"https:\/\/einfach-mehr-wissen.de\/cs\/wp-json\/wp\/v2\/pages\/26010\/revisions\/27414"}],"wp:attachment":[{"href":"https:\/\/einfach-mehr-wissen.de\/cs\/wp-json\/wp\/v2\/media?parent=26010"}],"curies":[{"name":"wp","href":"https:\/\/api.w.org\/{rel}","templated":true}]}}