{"id":324,"date":"2019-02-12T01:29:05","date_gmt":"2019-02-12T01:29:05","guid":{"rendered":"https:\/\/einfach-mehr-wissen.de\/my-account\/"},"modified":"2025-01-20T08:23:58","modified_gmt":"2025-01-20T08:23:58","slug":"user-account","status":"publish","type":"page","link":"https:\/\/einfach-mehr-wissen.de\/cs\/user-account\/","title":{"rendered":"U\u017eivatelsk\u00fd \u00fa\u010det"},"content":{"rendered":"<div class=\"learndash-wrapper\"><a class=\"ld-login ld-login ld-login-text ld-login-button ld-button\" href=\"#login\"><span class=\"ld-icon ld-icon-login ld-icon-left\"><\/span>P\u0159ihl\u00e1\u0161en\u00ed<\/a><\/div>\n\n\n\n<h1 class=\"wp-block-heading\">U\u017eivatelsk\u00fd \u00fa\u010det<\/h1>\n\n\n\n<p>V\u00edtejte ve sv\u00e9m osobn\u00edm u\u017eivatelsk\u00e9m \u00fa\u010dtu.<\/p>\n\n\n\n<p>V \u010d\u00e1sti \"Va\u0161e kurzy\" m\u00e1te p\u0159\u00edm\u00fd p\u0159\u00edstup ke kurz\u016fm, ke kter\u00fdm jste opr\u00e1vn\u011bni. Za\u010dn\u011bte kliknut\u00edm na kurz.<\/p>\n\n\n\n<p>V \u010d\u00e1sti \"\u0160kol\u00edc\u00ed port\u00e1l\" naleznete d\u016fle\u017eit\u00e9 informace, nap\u0159\u00edklad smlouvu s u\u017eivatelem.<\/p>\n\n\n\n\n\n\n<h2 class=\"wp-block-heading\">\u0160kol\u00edc\u00ed port\u00e1l<\/h2>\n\n\n\n\n<div class=\"learndash-wrapper\"><a class=\"ld-login ld-login ld-login-text ld-login-button ld-button\" href=\"#login\"><span class=\"ld-icon ld-icon-login ld-icon-left\"><\/span>P\u0159ihl\u00e1\u0161en\u00ed<\/a><\/div>\n\n\n\n<div style=\"height:100px\" aria-hidden=\"true\" class=\"wp-block-spacer\"><\/div>","protected":false},"excerpt":{"rendered":"<p>U\u017eivatelsk\u00fd \u00fa\u010det V\u00edtejte ve sv\u00e9m osobn\u00edm u\u017eivatelsk\u00e9m \u00fa\u010dtu. V \u010d\u00e1sti \"Va\u0161e kurzy\" m\u00e1te p\u0159\u00edm\u00fd p\u0159\u00edstup ke kurz\u016fm, ke kter\u00fdm jste opr\u00e1vn\u011bni. Za\u010dn\u011bte kliknut\u00edm na kurz. V \u010d\u00e1sti \"\u0160kol\u00edc\u00ed port\u00e1l\" naleznete d\u016fle\u017eit\u00e9 informace, nap\u0159\u00edklad u\u017eivatelskou smlouvu. \u0160kol\u00edc\u00ed port\u00e1l<\/p>","protected":false},"author":1,"featured_media":0,"parent":0,"menu_order":0,"comment_status":"closed","ping_status":"closed","template":"","meta":{"site-sidebar-layout":"no-sidebar","site-content-layout":"page-builder","ast-site-content-layout":"full-width-container","site-content-style":"unboxed","site-sidebar-style":"unboxed","ast-global-header-display":"","ast-banner-title-visibility":"","ast-main-header-display":"","ast-hfb-above-header-display":"","ast-hfb-below-header-display":"","ast-hfb-mobile-header-display":"","site-post-title":"disabled","ast-breadcrumbs-content":"","ast-featured-img":"disabled","footer-sml-layout":"","ast-disable-related-posts":"","theme-transparent-header-meta":"enabled","adv-header-id-meta":"","stick-header-meta":"","header-above-stick-meta":"","header-main-stick-meta":"","header-below-stick-meta":"","astra-migrate-meta-layouts":"set","ast-page-background-enabled":"default","ast-page-background-meta":{"desktop":{"background-color":"","background-image":"","background-repeat":"repeat","background-position":"center center","background-size":"auto","background-attachment":"scroll","background-type":"","background-media":"","overlay-type":"","overlay-color":"","overlay-opacity":"","overlay-gradient":""},"tablet":{"background-color":"","background-image":"","background-repeat":"repeat","background-position":"center center","background-size":"auto","background-attachment":"scroll","background-type":"","background-media":"","overlay-type":"","overlay-color":"","overlay-opacity":"","overlay-gradient":""},"mobile":{"background-color":"","background-image":"","background-repeat":"repeat","background-position":"center center","background-size":"auto","background-attachment":"scroll","background-type":"","background-media":"","overlay-type":"","overlay-color":"","overlay-opacity":"","overlay-gradient":""}},"ast-content-background-meta":{"desktop":{"background-color":"var(--ast-global-color-5)","background-image":"","background-repeat":"repeat","background-position":"center center","background-size":"auto","background-attachment":"scroll","background-type":"","background-media":"","overlay-type":"","overlay-color":"","overlay-opacity":"","overlay-gradient":""},"tablet":{"background-color":"var(--ast-global-color-5)","background-image":"","background-repeat":"repeat","background-position":"center center","background-size":"auto","background-attachment":"scroll","background-type":"","background-media":"","overlay-type":"","overlay-color":"","overlay-opacity":"","overlay-gradient":""},"mobile":{"background-color":"var(--ast-global-color-5)","background-image":"","background-repeat":"repeat","background-position":"center center","background-size":"auto","background-attachment":"scroll","background-type":"","background-media":"","overlay-type":"","overlay-color":"","overlay-opacity":"","overlay-gradient":""}},"footnotes":""},"class_list":["post-324","page","type-page","status-publish","hentry"],"_links":{"self":[{"href":"https:\/\/einfach-mehr-wissen.de\/cs\/wp-json\/wp\/v2\/pages\/324","targetHints":{"allow":["GET"]}}],"collection":[{"href":"https:\/\/einfach-mehr-wissen.de\/cs\/wp-json\/wp\/v2\/pages"}],"about":[{"href":"https:\/\/einfach-mehr-wissen.de\/cs\/wp-json\/wp\/v2\/types\/page"}],"author":[{"embeddable":true,"href":"https:\/\/einfach-mehr-wissen.de\/cs\/wp-json\/wp\/v2\/users\/1"}],"replies":[{"embeddable":true,"href":"https:\/\/einfach-mehr-wissen.de\/cs\/wp-json\/wp\/v2\/comments?post=324"}],"version-history":[{"count":50,"href":"https:\/\/einfach-mehr-wissen.de\/cs\/wp-json\/wp\/v2\/pages\/324\/revisions"}],"predecessor-version":[{"id":31006,"href":"https:\/\/einfach-mehr-wissen.de\/cs\/wp-json\/wp\/v2\/pages\/324\/revisions\/31006"}],"wp:attachment":[{"href":"https:\/\/einfach-mehr-wissen.de\/cs\/wp-json\/wp\/v2\/media?parent=324"}],"curies":[{"name":"wp","href":"https:\/\/api.w.org\/{rel}","templated":true}]}}