{"id":25354,"date":"2022-07-01T08:27:51","date_gmt":"2022-07-01T08:27:51","guid":{"rendered":"https:\/\/einfach-mehr-wissen.de\/?page_id=25354"},"modified":"2022-10-06T09:08:36","modified_gmt":"2022-10-06T09:08:36","slug":"impressum","status":"publish","type":"page","link":"https:\/\/einfach-mehr-wissen.de\/es\/impressum\/","title":{"rendered":"Pie de imprenta"},"content":{"rendered":"<div data-elementor-type=\"wp-page\" data-elementor-id=\"25354\" class=\"elementor elementor-25354\" data-elementor-post-type=\"page\">\n\t\t\t\t\t\t<section class=\"elementor-section elementor-top-section elementor-element elementor-element-8746723 elementor-section-boxed elementor-section-height-default elementor-section-height-default\" data-id=\"8746723\" data-element_type=\"section\" data-e-type=\"section\">\n\t\t\t\t\t\t<div class=\"elementor-container elementor-column-gap-default\">\n\t\t\t\t\t<div class=\"elementor-column elementor-col-100 elementor-top-column elementor-element elementor-element-429ef65\" data-id=\"429ef65\" data-element_type=\"column\" data-e-type=\"column\">\n\t\t\t<div class=\"elementor-widget-wrap elementor-element-populated\">\n\t\t\t\t\t\t<div class=\"elementor-element elementor-element-8dc76a9 elementor-widget elementor-widget-text-editor\" data-id=\"8dc76a9\" data-element_type=\"widget\" data-e-type=\"widget\" data-widget_type=\"text-editor.default\">\n\t\t\t\t<div class=\"elementor-widget-container\">\n\t\t\t\t\t\t\t\t\t<p class=\"font_8\"><strong>Informaci\u00f3n seg\u00fan el art\u00edculo 5 de la TMG<\/strong><\/p><p class=\"font_8\"><span class=\"wixGuard\">\u200b<\/span>Lehrke Verlag GmbH<\/p><p class=\"font_8\">Calle Isestra\u00dfe 49<\/p><p class=\"font_8\">20144 Hamburgo<\/p><p class=\"font_8\">Registro comercial: 99232<\/p><p class=\"font_8\">Tribunal de registro: Hamburgo<\/p><p class=\"font_8\"><span class=\"wixGuard\">\u200b<\/span><\/p><p class=\"font_8\">Representado por:<\/p><p class=\"font_8\">Lehrke Verlag GmbH, representada por el Director General Matthias Lehrke<\/p><p class=\"font_8\">Contacte con<\/p><p class=\"font_8\">Tel\u00e9fono: 040\/40 17 09-15<\/p><p class=\"font_8\">Fax: 040\/40 17 09-14<\/p><p class=\"font_8\">Correo electr\u00f3nico: mail(at)lehrke-verlag.de<\/p><p class=\"font_8\"><span class=\"wixGuard\">\u200b<\/span><span class=\"wixGuard\">\u200b<\/span><\/p><p class=\"font_8\"><strong>ID DEL IVA<\/strong><\/p><p class=\"font_8\">N\u00famero de identificaci\u00f3n del impuesto sobre la venta seg\u00fan el art\u00edculo 27 a de la Ley alemana del impuesto sobre la venta:<\/p><p class=\"font_8\">DE251663150<\/p><p class=\"font_8\"><span class=\"wixGuard\">\u200b<\/span><\/p><p class=\"font_8\"><strong>Resoluci\u00f3n de litigios en la UE<\/strong><\/p><p class=\"font_8\"><span class=\"wixGuard\">\u200b<\/span>La Comisi\u00f3n Europea ofrece una plataforma para la resoluci\u00f3n de litigios en l\u00ednea (ODR):<\/p><p class=\"font_8\"><a href=\"https:\/\/ec.europa.eu\/consumers\/odr.\" target=\"_blank\" rel=\"noopener\" data-auto-recognition=\"true\">https:\/\/ec.europa.eu\/consumers\/odr.<\/a><\/p><p class=\"font_8\">Puede encontrar nuestra direcci\u00f3n de correo electr\u00f3nico en el pie de imprenta de arriba.<\/p><p class=\"font_8\">Resoluci\u00f3n de litigios en materia de consumo\/Junta Arbitral Universal<\/p><p class=\"font_8\">No estamos dispuestos ni obligados a participar en un procedimiento de resoluci\u00f3n de conflictos ante una junta de arbitraje de consumo.<\/p><p class=\"font_8\"><span class=\"wixGuard\">\u200b<\/span><span class=\"wixGuard\">\u200b<\/span><\/p><p class=\"font_8\"><strong>Responsabilidad por el contenido<\/strong><\/p><p class=\"font_8\"><span class=\"wixGuard\">\u200b<\/span>Como proveedor de servicios, somos responsables de nuestros propios contenidos en estas p\u00e1ginas de acuerdo con la legislaci\u00f3n general seg\u00fan el art\u00edculo 7 (1) de la Ley de Telemedia alemana (TMG). Sin embargo, de acuerdo con los art\u00edculos 8 a 10 de la TMG, no estamos obligados, como proveedores de servicios, a supervisar la informaci\u00f3n de terceros transmitida o almacenada ni a investigar las circunstancias que indiquen una actividad ilegal.<\/p><p class=\"font_8\">Las obligaciones de eliminar o bloquear el uso de la informaci\u00f3n de acuerdo con las leyes generales no se ven afectadas por esto. Sin embargo, la responsabilidad a este respecto s\u00f3lo es posible a partir del momento en que se tiene conocimiento de una infracci\u00f3n concreta. Si tenemos conocimiento de las correspondientes infracciones, eliminaremos estos contenidos inmediatamente.<\/p><p class=\"font_8\"><span class=\"wixGuard\">\u200b<\/span><span class=\"wixGuard\">\u200b<\/span><\/p><p class=\"font_8\"><strong>Responsabilidad de los enlaces<\/strong><\/p><p class=\"font_8\"><span class=\"wixGuard\">\u200b<\/span>Nuestra oferta contiene enlaces a p\u00e1ginas web externas de terceros, sobre cuyos contenidos no tenemos ninguna influencia.<\/p><p class=\"font_8\">Por lo tanto, no podemos asumir ninguna responsabilidad por estos contenidos externos. El proveedor u operador de las p\u00e1ginas es siempre responsable del contenido de las p\u00e1ginas enlazadas. Las p\u00e1ginas enlazadas fueron revisadas para detectar posibles infracciones legales en el momento de enlazarlas. Los contenidos ilegales no eran reconocibles en el momento del enlace.<\/p><p class=\"font_8\">Sin embargo, un control permanente de los contenidos de las p\u00e1ginas enlazadas no es razonable sin pruebas concretas de una violaci\u00f3n de la ley. Si tenemos conocimiento de alguna infracci\u00f3n de la ley, eliminaremos dichos enlaces inmediatamente.<\/p><p class=\"font_8\"><span class=\"wixGuard\">\u200b<\/span><strong>Copyright<\/strong><\/p><p class=\"font_8\"><span class=\"wixGuard\">\u200b<\/span>Los contenidos y obras creados por los operadores del sitio en estas p\u00e1ginas est\u00e1n sujetos a la legislaci\u00f3n alemana sobre derechos de autor. La duplicaci\u00f3n, el procesamiento, la distribuci\u00f3n y cualquier tipo de explotaci\u00f3n fuera de los l\u00edmites de la ley de derechos de autor requieren el consentimiento por escrito del respectivo autor o creador.<\/p><p class=\"font_8\">Las descargas y copias de esta p\u00e1gina s\u00f3lo est\u00e1n permitidas para uso privado y no comercial.<\/p><p class=\"font_8\">En la medida en que el contenido de esta p\u00e1gina no ha sido creado por el operador, se respetan los derechos de autor de terceros. En particular, los contenidos de terceros se identifican como tales. No obstante, si tiene conocimiento de una infracci\u00f3n de los derechos de autor, le rogamos que nos informe de ello. Si tenemos conocimiento de alguna infracci\u00f3n, eliminaremos dicho contenido inmediatamente.<\/p>\t\t\t\t\t\t\t\t<\/div>\n\t\t\t\t<\/div>\n\t\t\t\t\t<\/div>\n\t\t<\/div>\n\t\t\t\t\t<\/div>\n\t\t<\/section>\n\t\t\t\t<\/div>","protected":false},"excerpt":{"rendered":"<p>Angaben gem\u00e4\u00df \u00a7 5 TMG \u200bLehrke Verlag GmbH Isestra\u00dfe 49 20144 Hamburg Handelsregister: 99232 Registergericht: Hamburg \u200b Vertreten durch: Lehrke Verlag GmbH, vertreten durch den Gesch\u00e4ftsfu\u0308hrer Matthias Lehrke Kontakt Telefon: 040\/40 17 09-15 Telefax: 040\/40 17 09-14 E-Mail: mail(at)lehrke-verlag.de \u200b\u200b Umsatzsteuer-ID Umsatzsteuer-Identifikationsnummer gem\u00e4\u00df \u00a7 27 a Umsatzsteuergesetz: DE251663150 \u200b EU-Streitschlichtung \u200bDie Europ\u00e4ische Kommission stellt eine [&hellip;]<\/p>\n","protected":false},"author":1,"featured_media":0,"parent":0,"menu_order":0,"comment_status":"closed","ping_status":"closed","template":"","meta":{"site-sidebar-layout":"no-sidebar","site-content-layout":"page-builder","ast-site-content-layout":"default","site-content-style":"default","site-sidebar-style":"default","ast-global-header-display":"","ast-banner-title-visibility":"","ast-main-header-display":"","ast-hfb-above-header-display":"","ast-hfb-below-header-display":"","ast-hfb-mobile-header-display":"","site-post-title":"disabled","ast-breadcrumbs-content":"","ast-featured-img":"disabled","footer-sml-layout":"","ast-disable-related-posts":"","theme-transparent-header-meta":"","adv-header-id-meta":"","stick-header-meta":"","header-above-stick-meta":"","header-main-stick-meta":"","header-below-stick-meta":"","astra-migrate-meta-layouts":"default","ast-page-background-enabled":"default","ast-page-background-meta":{"desktop":{"background-color":"","background-image":"","background-repeat":"repeat","background-position":"center center","background-size":"auto","background-attachment":"scroll","background-type":"","background-media":"","overlay-type":"","overlay-color":"","overlay-opacity":"","overlay-gradient":""},"tablet":{"background-color":"","background-image":"","background-repeat":"repeat","background-position":"center center","background-size":"auto","background-attachment":"scroll","background-type":"","background-media":"","overlay-type":"","overlay-color":"","overlay-opacity":"","overlay-gradient":""},"mobile":{"background-color":"","background-image":"","background-repeat":"repeat","background-position":"center center","background-size":"auto","background-attachment":"scroll","background-type":"","background-media":"","overlay-type":"","overlay-color":"","overlay-opacity":"","overlay-gradient":""}},"ast-content-background-meta":{"desktop":{"background-color":"var(--ast-global-color-5)","background-image":"","background-repeat":"repeat","background-position":"center center","background-size":"auto","background-attachment":"scroll","background-type":"","background-media":"","overlay-type":"","overlay-color":"","overlay-opacity":"","overlay-gradient":""},"tablet":{"background-color":"var(--ast-global-color-5)","background-image":"","background-repeat":"repeat","background-position":"center center","background-size":"auto","background-attachment":"scroll","background-type":"","background-media":"","overlay-type":"","overlay-color":"","overlay-opacity":"","overlay-gradient":""},"mobile":{"background-color":"var(--ast-global-color-5)","background-image":"","background-repeat":"repeat","background-position":"center center","background-size":"auto","background-attachment":"scroll","background-type":"","background-media":"","overlay-type":"","overlay-color":"","overlay-opacity":"","overlay-gradient":""}},"footnotes":""},"class_list":["post-25354","page","type-page","status-publish","hentry"],"_links":{"self":[{"href":"https:\/\/einfach-mehr-wissen.de\/es\/wp-json\/wp\/v2\/pages\/25354","targetHints":{"allow":["GET"]}}],"collection":[{"href":"https:\/\/einfach-mehr-wissen.de\/es\/wp-json\/wp\/v2\/pages"}],"about":[{"href":"https:\/\/einfach-mehr-wissen.de\/es\/wp-json\/wp\/v2\/types\/page"}],"author":[{"embeddable":true,"href":"https:\/\/einfach-mehr-wissen.de\/es\/wp-json\/wp\/v2\/users\/1"}],"replies":[{"embeddable":true,"href":"https:\/\/einfach-mehr-wissen.de\/es\/wp-json\/wp\/v2\/comments?post=25354"}],"version-history":[{"count":13,"href":"https:\/\/einfach-mehr-wissen.de\/es\/wp-json\/wp\/v2\/pages\/25354\/revisions"}],"predecessor-version":[{"id":27447,"href":"https:\/\/einfach-mehr-wissen.de\/es\/wp-json\/wp\/v2\/pages\/25354\/revisions\/27447"}],"wp:attachment":[{"href":"https:\/\/einfach-mehr-wissen.de\/es\/wp-json\/wp\/v2\/media?parent=25354"}],"curies":[{"name":"wp","href":"https:\/\/api.w.org\/{rel}","templated":true}]}}