{"id":25400,"date":"2022-07-01T09:03:49","date_gmt":"2022-07-01T09:03:49","guid":{"rendered":"https:\/\/einfach-mehr-wissen.de\/?page_id=25400"},"modified":"2022-10-06T09:09:25","modified_gmt":"2022-10-06T09:09:25","slug":"agb-kundeninformationen","status":"publish","type":"page","link":"https:\/\/einfach-mehr-wissen.de\/es\/agb-kundeninformationen\/","title":{"rendered":"Informaci\u00f3n sobre la AGB y los clientes"},"content":{"rendered":"<p>A continuaci\u00f3n encontrar\u00e1 las condiciones generales de Lehrke Verlag, as\u00ed como informaci\u00f3n para el cliente. Los hemos redactado de la forma m\u00e1s comprensible para usted.<\/p>\n\n\n\n<p>Si todav\u00eda tiene alguna pregunta, p\u00f3ngase en contacto con nosotros por correo electr\u00f3nico (mail(at)lehrke-verlag.de).<\/p>\n\n\n\n<p>\u200b<\/p>\n\n\n\n<p><strong>Condiciones generales con informaci\u00f3n al cliente<\/strong><\/p>\n\n\n\n<p><strong>\u00cdndice de contenidos<\/strong><\/p>\n\n\n\n<ol class=\"wp-block-list\"><li>Alcance<\/li><li>Conclusi\u00f3n del contrato<\/li><li>Derecho de desistimiento<\/li><li>Precios y condiciones de pago<\/li><li>Condiciones de entrega y env\u00edo<\/li><li>Conservaci\u00f3n del t\u00edtulo<\/li><li>Responsabilidad por defectos (garant\u00eda)<\/li><li>Condiciones especiales para la transformaci\u00f3n de mercanc\u00edas seg\u00fan determinadas especificaciones del cliente<\/li><li>Legislaci\u00f3n aplicable<\/li><li>Lugar de jurisdicci\u00f3n<\/li><li>Resoluci\u00f3n alternativa de conflictos<\/li><\/ol>\n\n\n\n<p><strong>1. \u00e1mbito de aplicaci\u00f3n<\/strong><\/p>\n\n\n\n<p><strong>\u200b<\/strong><\/p>\n\n\n\n<p>1.1 Las presentes Condiciones Generales de Contrataci\u00f3n (en lo sucesivo, \"CGC\") de la empresa Lehrke Verlag (en lo sucesivo, \"Vendedor\") se aplicar\u00e1n a todos los contratos celebrados entre un consumidor o un comerciante (en lo sucesivo, \"Cliente\") y el Vendedor relativos a todos los bienes y\/o servicios presentados en la tienda online del Vendedor. Por la presente se rechaza la inclusi\u00f3n de los propios t\u00e9rminos y condiciones del Cliente, a menos que se acuerde lo contrario.<\/p>\n\n\n\n<p>\u200b<\/p>\n\n\n\n<p>1.2 Las presentes CGC se aplicar\u00e1n a los contratos de suministro de vales, salvo que se estipule expresamente lo contrario.<\/p>\n\n\n\n<p>\u200b<\/p>\n\n\n\n<p>1.3 Un consumidor, en el sentido de estas CGC, es toda persona f\u00edsica que realiza un negocio jur\u00eddico con fines predominantemente no comerciales ni aut\u00f3nomos. Un empresario en el sentido de estas CGC es una persona f\u00edsica o jur\u00eddica o una sociedad con capacidad jur\u00eddica que, al celebrar un negocio jur\u00eddico, act\u00faa en el ejercicio de su actividad comercial o profesional independiente.<\/p>\n\n\n\n<p><strong>2 Conclusi\u00f3n del contrato<\/strong><\/p>\n\n\n\n<p><strong>\u200b<\/strong><\/p>\n\n\n\n<p>2.1 Las descripciones de los productos contenidas en la tienda online del Vendedor no constituyen ofertas vinculantes por parte del Vendedor, sino que sirven para la presentaci\u00f3n de una oferta vinculante por parte del cliente.<\/p>\n\n\n\n<p>\u200b<\/p>\n\n\n\n<p>2.2 El cliente puede presentar la oferta a trav\u00e9s del formulario de pedido online integrado en la tienda online del vendedor. Despu\u00e9s de colocar los bienes seleccionados en la cesta de la compra virtual y pasar por el proceso de pedido electr\u00f3nico, el cliente presenta una oferta contractual legalmente vinculante con respecto a los bienes contenidos en la cesta de la compra haciendo clic en el bot\u00f3n que concluye el proceso de pedido. Adem\u00e1s, el cliente tambi\u00e9n puede presentar la oferta al vendedor por tel\u00e9fono, fax, correo electr\u00f3nico, correo postal o formulario de contacto en l\u00ednea.<\/p>\n\n\n\n<p>\u200b<\/p>\n\n\n\n<p>2.3 El vendedor puede aceptar la oferta del cliente en un plazo de cinco d\u00edas,<\/p>\n\n\n\n<ul class=\"wp-block-list\"><li>enviando al cliente una confirmaci\u00f3n de pedido por escrito o una confirmaci\u00f3n de pedido en forma de texto (fax o correo electr\u00f3nico), en cuyo caso la recepci\u00f3n de la confirmaci\u00f3n de pedido por parte del cliente es decisiva, o<\/li><li>entregando al cliente la mercanc\u00eda solicitada, en cuyo caso es determinante la recepci\u00f3n de la misma por parte del cliente, o solicitando el pago al cliente despu\u00e9s de que \u00e9ste haya realizado el pedido.<\/li><\/ul>\n\n\n\n<p>Si existen varias de las alternativas mencionadas, el contrato se celebra en el momento en que una de las alternativas mencionadas se produce en primer lugar. El plazo para la aceptaci\u00f3n de la oferta comienza el d\u00eda siguiente al env\u00edo de la oferta por parte del cliente y finaliza al expirar el quinto d\u00eda siguiente al env\u00edo de la oferta. Si el vendedor no acepta la oferta del cliente en el plazo mencionado, esto se considera un rechazo de la oferta con la consecuencia de que el cliente deja de estar obligado por su declaraci\u00f3n de intenciones.<\/p>\n\n\n\n<p>\u200b<\/p>\n\n\n\n<p>2.4 Al presentar una oferta a trav\u00e9s del formulario de pedido en l\u00ednea del Vendedor, el texto del contrato ser\u00e1 almacenado por el Vendedor despu\u00e9s de la conclusi\u00f3n del contrato y transmitido al cliente en forma de texto (por ejemplo, correo electr\u00f3nico, fax o carta) despu\u00e9s del env\u00edo del pedido del cliente. El vendedor no facilita el texto del contrato m\u00e1s all\u00e1 de esto. Si el cliente ha creado una cuenta de usuario en la tienda online del vendedor antes de enviar su pedido, los datos del pedido se archivar\u00e1n en el sitio web del vendedor y el cliente podr\u00e1 acceder a ellos gratuitamente a trav\u00e9s de su cuenta de usuario protegida por contrase\u00f1a facilitando los datos de acceso correspondientes.<\/p>\n\n\n\n<p>\u200b<\/p>\n\n\n\n<p>2.5 Antes de enviar un pedido vinculante a trav\u00c3\u00a9s del formulario de pedido en l\u00c3nea del Vendedor, el Cliente puede identificar posibles errores de introducci\u00c3\u00b3n leyendo atentamente la informaci\u00c3\u00b3n que aparece en la pantalla. Un medio t\u00e9cnico eficaz para reconocer mejor los errores de entrada puede ser la funci\u00f3n de zoom del navegador, con cuya ayuda se ampl\u00eda la visualizaci\u00f3n en la pantalla. El cliente puede corregir sus entradas durante el proceso de pedido electr\u00f3nico utilizando las funciones habituales del teclado y el rat\u00f3n hasta que pulse el bot\u00f3n que completa el proceso de pedido.<\/p>\n\n\n\n<p>\u200b<\/p>\n\n\n\n<p>2.6 Para la celebraci\u00f3n del contrato s\u00f3lo est\u00e1 disponible el idioma alem\u00e1n.<\/p>\n\n\n\n<p>\u200b<\/p>\n\n\n\n<p>2.7 La tramitaci\u00f3n de los pedidos y el contacto con los mismos se realizan normalmente por correo electr\u00f3nico y mediante la tramitaci\u00f3n automatizada de los pedidos. El cliente debe asegurarse de que la direcci\u00f3n de correo electr\u00f3nico que proporciona para la tramitaci\u00f3n del pedido es correcta para que los correos electr\u00f3nicos enviados por el vendedor puedan ser recibidos en esta direcci\u00f3n. En particular, al utilizar los filtros de SPAM, el cliente debe asegurarse de que todos los correos electr\u00f3nicos enviados por el vendedor o por terceros encargados por el vendedor de procesar el pedido puedan ser entregados.<\/p>\n\n\n\n<p>\u200b<\/p>\n\n\n\n<p><strong>3. derecho de desistimiento<\/strong><\/p>\n\n\n\n<p>\u200b<\/p>\n\n\n\n<p>3.1 En general, los consumidores tienen derecho de desistimiento.<\/p>\n\n\n\n<p>\u200b<\/p>\n\n\n\n<p>3.2 Encontrar\u00e1 informaci\u00f3n m\u00e1s detallada sobre el derecho de desistimiento en las instrucciones del vendedor sobre el desistimiento.<\/p>\n\n\n\n<p>\u200b<\/p>\n\n\n\n<p>3.3 El derecho de desistimiento no se aplica a los consumidores que no pertenezcan a un Estado miembro de la Uni\u00f3n Europea en el momento de la celebraci\u00f3n del contrato y cuyo \u00fanico lugar de residencia y direcci\u00f3n de entrega est\u00e9n fuera de la Uni\u00f3n Europea en el momento de la celebraci\u00f3n del contrato.<\/p>\n\n\n\n<p>\u200b<\/p>\n\n\n\n<p><strong>4. precios y condiciones de pago<\/strong><\/p>\n\n\n\n<p><strong>\u200b<\/strong><\/p>\n\n\n\n<p>4.1 Salvo que se indique lo contrario en la descripci\u00f3n del producto del Vendedor, los precios indicados son precios totales que incluyen el impuesto sobre el valor a\u00f1adido legal. Los costes adicionales de entrega y env\u00edo se indicar\u00e1n por separado en la descripci\u00f3n del producto correspondiente.<\/p>\n\n\n\n<p>\u200b<\/p>\n\n\n\n<p>4.2 En el caso de env\u00edos a pa\u00edses fuera de la Uni\u00f3n Europea, pueden producirse otros costes en casos particulares de los que el vendedor no es responsable y que deben ser asumidos por el cliente. Entre ellos se encuentran, por ejemplo, los costes de transferencia de fondos por parte de las entidades de cr\u00e9dito (por ejemplo, comisiones de transferencia, comisiones de cambio) o los derechos o impuestos de importaci\u00f3n (por ejemplo, derechos de aduana). Dichos costes tambi\u00e9n pueden producirse en relaci\u00f3n con la transferencia de fondos si la entrega no se realiza en un pa\u00eds fuera de la Uni\u00f3n Europea, pero el cliente realiza el pago desde un pa\u00eds fuera de la Uni\u00f3n Europea.<\/p>\n\n\n\n<p>\u200b<\/p>\n\n\n\n<p>4.3 El cliente ser\u00e1 informado de la(s) opci\u00f3n(es) de pago en la tienda online del vendedor.<\/p>\n\n\n\n<p>\u200b<\/p>\n\n\n\n<p>4.4 Si se ha acordado el pago por adelantado mediante transferencia bancaria, el pago deber\u00e1 efectuarse inmediatamente despu\u00e9s de la celebraci\u00f3n del contrato, a menos que las partes hayan acordado una fecha de vencimiento posterior.<\/p>\n\n\n\n<p>\u200b<\/p>\n\n\n\n<p>4.5 Si el pago se realiza mediante una forma de pago ofrecida por PayPal, el pago se procesa a trav\u00e9s del proveedor de servicios de pago PayPal (Europe) S.\u00e0 r.l. et Cie, S.C.A., 22-24 Boulevard Royal, L-2449 Luxemburgo (en lo sucesivo, \"PayPal\"), sujeto a las Condiciones de uso de PayPal, que pueden consultarse en&nbsp;<a href=\"https:\/\/www.paypal.com\/de\/webapps\/mpp\/ua\/useragreement-full\" target=\"_blank\" rel=\"noreferrer noopener\">https:\/\/www.paypal.com\/de\/webapps\/mpp\/ua\/useragreement-full<\/a>&nbsp;o &#8211; si el cliente no tiene una cuenta de PayPal &#8211; sujeto a los t\u00e9rminos y condiciones para los pagos sin cuenta de PayPal, que se pueden ver en&nbsp;<a href=\"https:\/\/www.paypal.com\/de\/webapps\/mpp\/ua\/privacywax-full.\" target=\"_blank\" rel=\"noreferrer noopener\">https:\/\/www.paypal.com\/de\/webapps\/mpp\/ua\/privacywax-full.<\/a><\/p>\n\n\n\n<p>\u200b<\/p>\n\n\n\n<p>4.6 Si se selecciona el m\u00e9todo de pago \"SOFORT\", el pago se procesar\u00e1 a trav\u00e9s del proveedor de servicios de pago SOFORT GmbH, Theresienh\u00f6he 12, 80339 M\u00fanich (en lo sucesivo, \"SOFORT\"). Para poder pagar el importe de la factura a trav\u00e9s de \"SOFORT\", el cliente debe tener una cuenta bancaria en l\u00ednea activada para participar en \"SOFORT\", legitimarse en consecuencia durante el proceso de pago y confirmar la instrucci\u00f3n de pago a \"SOFORT\". A continuaci\u00f3n, \"SOFORT\" ejecutar\u00e1 inmediatamente la operaci\u00f3n de pago y efectuar\u00e1 el cargo en la cuenta bancaria del cliente. El cliente puede encontrar m\u00e1s informaci\u00f3n sobre el m\u00e9todo de pago \"SOFORT\" en la siguiente direcci\u00f3n de Internet&nbsp;<a href=\"https:\/\/www.klarna.com\/sofort\/\" target=\"_blank\" rel=\"noreferrer noopener\">https:\/\/www.klarna.com\/sofort\/<\/a>&nbsp;recuperar.<\/p>\n\n\n\n<p>\u200b<\/p>\n\n\n\n<p>4.7 Si se selecciona la modalidad de pago de compra a cuenta, el precio de compra ser\u00e1 exigible una vez entregada y facturada la mercanc\u00eda. En este caso, el precio de compra se pagar\u00e1 en un plazo de 14 (catorce) d\u00edas a partir de la recepci\u00f3n de la factura sin deducci\u00f3n alguna, salvo acuerdo en contrario. El vendedor se reserva el derecho de ofrecer el m\u00e9todo de pago de compra a cuenta s\u00f3lo hasta un determinado volumen de pedidos y de rechazar este m\u00e9todo de pago si se supera el volumen de pedidos especificado. En este caso, el vendedor informar\u00e1 al cliente de la correspondiente restricci\u00f3n de pago en su informaci\u00f3n de pago en la tienda online. Adem\u00e1s, el vendedor se reserva el derecho de realizar una comprobaci\u00f3n de solvencia al seleccionar la forma de pago de la compra a cuenta y de rechazar esta forma de pago en caso de que la comprobaci\u00f3n de solvencia sea negativa.<\/p>\n\n\n\n<p>\u200b<\/p>\n\n\n\n<p><strong>5. condiciones de entrega y env\u00edo<\/strong><\/p>\n\n\n\n<p>5.1 La entrega de la mercanc\u00eda se realizar\u00e1 mediante el env\u00edo a la direcci\u00f3n de entrega facilitada por el cliente, salvo acuerdo en contrario. La direcci\u00f3n de entrega indicada en la tramitaci\u00f3n del pedido del Vendedor ser\u00e1 determinante en la tramitaci\u00f3n de la transacci\u00f3n.<\/p>\n\n\n\n<p>\u200b<\/p>\n\n\n\n<p>5.2 Si la empresa de transporte devuelve al vendedor la mercanc\u00eda enviada porque no ha sido posible la entrega al cliente, el cliente correr\u00e1 con los gastos del env\u00edo fallido. Esto no se aplica si el cliente no es responsable de la circunstancia que condujo a la imposibilidad de la entrega o si se le impidi\u00f3 temporalmente aceptar el servicio ofrecido, a menos que el vendedor le hubiera avisado con una antelaci\u00f3n razonable del servicio. Adem\u00e1s, esto no se aplica a los costes de la devoluci\u00f3n si el cliente ejerce efectivamente su derecho de desistimiento. En caso de ejercicio efectivo del derecho de desistimiento por parte del cliente, se aplicar\u00c3\u00a1 a los gastos de devoluci\u00c3\u00b3n lo dispuesto en las instrucciones del vendedor sobre el desistimiento.<\/p>\n\n\n\n<p>\u200b<\/p>\n\n\n\n<p>5.3 La auto-recolecci\u00f3n no es posible por razones log\u00edsticas.<\/p>\n\n\n\n<p>\u200b<\/p>\n\n\n\n<p><strong>6. retenci\u00f3n de la titularidad<\/strong><\/p>\n\n\n\n<p><strong>\u200b<\/strong><\/p>\n\n\n\n<p>Si el vendedor realiza el pago por adelantado, conservar\u00e1 la propiedad de los bienes entregados hasta que el precio de compra adeudado haya sido pagado en su totalidad.<\/p>\n\n\n\n<p>\u200b<\/p>\n\n\n\n<p><strong>7. responsabilidad por defectos (garant\u00eda)<\/strong><\/p>\n\n\n\n<p><strong>\u200b<\/strong><\/p>\n\n\n\n<p>7.1 Si el art\u00edculo adquirido es defectuoso, se aplicar\u00e1n las disposiciones de la responsabilidad legal por defectos.<\/p>\n\n\n\n<p>\u200b<\/p>\n\n\n\n<p>7.2 Se ruega al cliente que reclame al repartidor las mercanc\u00edas entregadas que presenten da\u00f1os evidentes durante el transporte y que informe de ello al vendedor. Si el cliente no lo hace, esto no tendr\u00e1 ning\u00fan efecto sobre sus reclamaciones legales o contractuales por defectos.<\/p>\n\n\n\n<p>\u200b<\/p>\n\n\n\n<p><strong>8. condiciones especiales para la transformaci\u00f3n de mercanc\u00edas seg\u00fan determinadas especificaciones del cliente<\/strong><\/p>\n\n\n\n<p><strong>\u200b<\/strong><\/p>\n\n\n\n<p>8.1 Si, de acuerdo con el contenido del contrato, el vendedor, adem\u00e1s de la entrega de la mercanc\u00eda, tambi\u00e9n debe el procesamiento de la misma seg\u00fan determinadas especificaciones del cliente, el cliente debe proporcionar al operador todo el contenido necesario para el procesamiento, como textos, im\u00e1genes o gr\u00e1ficos en los formatos de archivo, el formato, la imagen y los tama\u00f1os de archivo especificados por el operador y concederle los derechos de uso necesarios para ello. El cliente es el \u00fanico responsable de la obtenci\u00f3n y adquisici\u00f3n de los derechos de estos contenidos. El cliente declara y acepta la responsabilidad de que tiene derecho a utilizar el contenido proporcionado al vendedor. En particular, se asegurar\u00e1 de que no se violen los derechos de terceros, especialmente los derechos de autor, los derechos de marca y los derechos personales.<\/p>\n\n\n\n<p>\u200b<\/p>\n\n\n\n<p>8.2 El cliente indemnizar\u00e1 al vendedor por las reclamaciones de terceros que puedan hacer valer contra el vendedor en relaci\u00f3n con una infracci\u00f3n de sus derechos por el uso contractual de los contenidos del cliente. El cliente tambi\u00c3\u00a9n correr\u00c3\u00a1 con los gastos razonables de la defensa legal necesaria, incluyendo todas las costas judiciales y los honorarios de los abogados en la cuant\u00c3a legal. Esto no se aplica si el cliente no es responsable de la infracci\u00f3n. En caso de reclamaci\u00f3n por parte de un tercero, el cliente est\u00e1 obligado a proporcionar al vendedor de forma inmediata, veraz y completa toda la informaci\u00f3n necesaria para el examen de las reclamaciones y una defensa.<\/p>\n\n\n\n<p>\u200b<\/p>\n\n\n\n<p>8.3 El vendedor se reserva el derecho de rechazar la tramitaci\u00f3n de los pedidos si el contenido facilitado por el cliente a tal efecto infringe prohibiciones legales u oficiales o atenta contra las buenas costumbres. Esto se aplica, en particular, al suministro de contenidos anticonstitucionales, racistas, xen\u00f3fobos, discriminatorios, ofensivos, que pongan en peligro a los j\u00f3venes y\/o que glorifiquen la violencia.<\/p>\n\n\n\n<p>\u200b<\/p>\n\n\n\n<p><strong>9 Legislaci\u00f3n aplicable<\/strong><\/p>\n\n\n\n<p>\u200b<\/p>\n\n\n\n<p>9.1 Todas las relaciones jur\u00eddicas entre las partes se regir\u00e1n por el derecho de la Rep\u00fablica Federal de Alemania, con exclusi\u00f3n de las leyes sobre la venta internacional de bienes muebles. En el caso de los consumidores, esta elecci\u00f3n de la ley s\u00f3lo se aplicar\u00e1 en la medida en que la protecci\u00f3n concedida no sea retirada por disposiciones imperativas de la ley del pa\u00eds en el que el consumidor tenga su residencia habitual.<\/p>\n\n\n\n<p>\u200b<\/p>\n\n\n\n<p>9.2 Adem\u00e1s, esta elecci\u00f3n de la ley con respecto al derecho legal de desistimiento no se aplica a los consumidores que no pertenezcan a un estado miembro de la Uni\u00f3n Europea en el momento de la celebraci\u00f3n del contrato y cuyo \u00fanico lugar de residencia y direcci\u00f3n de entrega est\u00e9n fuera de la Uni\u00f3n Europea en el momento de la celebraci\u00f3n del contrato.<\/p>\n\n\n\n<p>\u200b<\/p>\n\n\n\n<p><strong>10. lugar de jurisdicci\u00f3n<\/strong><\/p>\n\n\n\n<p>\u200b<\/p>\n\n\n\n<p>Si el cliente es un comerciante, una persona jur\u00eddica de derecho p\u00fablico o un patrimonio especial de derecho p\u00fablico con domicilio social en el territorio de la Rep\u00fablica Federal de Alemania, la jurisdicci\u00f3n exclusiva para todos los litigios derivados de este contrato ser\u00e1 el domicilio social del vendedor. Si el cliente est\u00e1 domiciliado fuera del territorio de la Rep\u00fablica Federal de Alemania, el lugar del negocio del vendedor ser\u00e1 la jurisdicci\u00f3n exclusiva para todas las disputas derivadas de este contrato si el contrato o las reclamaciones derivadas del mismo pueden atribuirse a la actividad profesional o comercial del cliente. Sin embargo, en los casos mencionados, el vendedor tiene en todo caso derecho a recurrir al tribunal del domicilio del cliente.<br>&nbsp;<\/p>\n\n\n\n<p><strong>11. resoluci\u00f3n alternativa de conflictos<\/strong><\/p>\n\n\n\n<p><strong>\u200b<\/strong><\/p>\n\n\n\n<p>11.1 La Comisi\u00f3n de la UE ofrece una plataforma de resoluci\u00f3n de litigios en l\u00ednea en el siguiente enlace:&nbsp;<a href=\"https:\/\/ec.europa.eu\/consumers\/odr\" target=\"_blank\" rel=\"noreferrer noopener\">https:\/\/ec.europa.eu\/consumers\/odr<\/a><\/p>\n\n\n\n<p>Esta plataforma sirve de punto de contacto para la resoluci\u00f3n extrajudicial de los litigios derivados de los contratos de compra o de servicios en l\u00ednea en los que interviene un consumidor.<\/p>\n\n\n\n<p>\u200b<\/p>\n\n\n\n<p>11.2 El Vendedor no est\u00e1 obligado ni dispuesto a participar en un procedimiento de resoluci\u00f3n de conflictos ante una junta de arbitraje de consumo.<\/p>\n\n\n\n<p>\u200b<\/p>","protected":false},"excerpt":{"rendered":"<p>Im Folgenden finden Sie die Allgemeinen Gesch\u00e4ftsbedingungen vom Lehrke Verlag&nbsp; sowie Kundeninformationen. Wir haben diese in einer f\u00fcr Sie m\u00f6glichst verst\u00e4ndlichen Form verfasst. Sollten Sie dennoch eine Frage haben, kontaktieren Sie uns gerne per E-Mail (mail(at)lehrke-verlag.de). \u200b Allgemeine Gesch\u00e4ftsbedingungen mit Kundeninformationen Inhaltsverzeichnis Geltungsbereich Vertragsschluss Widerrufsrecht Preise und Zahlungsbedingungen Liefer- und Versandbedingungen Eigentumsvorbehalt M\u00e4ngelhaftung (Gew\u00e4hrleistung) Besondere [&hellip;]<\/p>\n","protected":false},"author":1,"featured_media":0,"parent":0,"menu_order":0,"comment_status":"closed","ping_status":"closed","template":"","meta":{"site-sidebar-layout":"default","site-content-layout":"","ast-site-content-layout":"default","site-content-style":"default","site-sidebar-style":"default","ast-global-header-display":"","ast-banner-title-visibility":"","ast-main-header-display":"","ast-hfb-above-header-display":"","ast-hfb-below-header-display":"","ast-hfb-mobile-header-display":"","site-post-title":"","ast-breadcrumbs-content":"","ast-featured-img":"","footer-sml-layout":"","ast-disable-related-posts":"","theme-transparent-header-meta":"","adv-header-id-meta":"","stick-header-meta":"","header-above-stick-meta":"","header-main-stick-meta":"","header-below-stick-meta":"","astra-migrate-meta-layouts":"default","ast-page-background-enabled":"default","ast-page-background-meta":{"desktop":{"background-color":"","background-image":"","background-repeat":"repeat","background-position":"center center","background-size":"auto","background-attachment":"scroll","background-type":"","background-media":"","overlay-type":"","overlay-color":"","overlay-opacity":"","overlay-gradient":""},"tablet":{"background-color":"","background-image":"","background-repeat":"repeat","background-position":"center center","background-size":"auto","background-attachment":"scroll","background-type":"","background-media":"","overlay-type":"","overlay-color":"","overlay-opacity":"","overlay-gradient":""},"mobile":{"background-color":"","background-image":"","background-repeat":"repeat","background-position":"center center","background-size":"auto","background-attachment":"scroll","background-type":"","background-media":"","overlay-type":"","overlay-color":"","overlay-opacity":"","overlay-gradient":""}},"ast-content-background-meta":{"desktop":{"background-color":"var(--ast-global-color-5)","background-image":"","background-repeat":"repeat","background-position":"center center","background-size":"auto","background-attachment":"scroll","background-type":"","background-media":"","overlay-type":"","overlay-color":"","overlay-opacity":"","overlay-gradient":""},"tablet":{"background-color":"var(--ast-global-color-5)","background-image":"","background-repeat":"repeat","background-position":"center center","background-size":"auto","background-attachment":"scroll","background-type":"","background-media":"","overlay-type":"","overlay-color":"","overlay-opacity":"","overlay-gradient":""},"mobile":{"background-color":"var(--ast-global-color-5)","background-image":"","background-repeat":"repeat","background-position":"center center","background-size":"auto","background-attachment":"scroll","background-type":"","background-media":"","overlay-type":"","overlay-color":"","overlay-opacity":"","overlay-gradient":""}},"footnotes":""},"class_list":["post-25400","page","type-page","status-publish","hentry"],"_links":{"self":[{"href":"https:\/\/einfach-mehr-wissen.de\/es\/wp-json\/wp\/v2\/pages\/25400","targetHints":{"allow":["GET"]}}],"collection":[{"href":"https:\/\/einfach-mehr-wissen.de\/es\/wp-json\/wp\/v2\/pages"}],"about":[{"href":"https:\/\/einfach-mehr-wissen.de\/es\/wp-json\/wp\/v2\/types\/page"}],"author":[{"embeddable":true,"href":"https:\/\/einfach-mehr-wissen.de\/es\/wp-json\/wp\/v2\/users\/1"}],"replies":[{"embeddable":true,"href":"https:\/\/einfach-mehr-wissen.de\/es\/wp-json\/wp\/v2\/comments?post=25400"}],"version-history":[{"count":4,"href":"https:\/\/einfach-mehr-wissen.de\/es\/wp-json\/wp\/v2\/pages\/25400\/revisions"}],"predecessor-version":[{"id":30764,"href":"https:\/\/einfach-mehr-wissen.de\/es\/wp-json\/wp\/v2\/pages\/25400\/revisions\/30764"}],"wp:attachment":[{"href":"https:\/\/einfach-mehr-wissen.de\/es\/wp-json\/wp\/v2\/media?parent=25400"}],"curies":[{"name":"wp","href":"https:\/\/api.w.org\/{rel}","templated":true}]}}