{"id":26010,"date":"2022-07-14T13:15:32","date_gmt":"2022-07-14T13:15:32","guid":{"rendered":"https:\/\/einfach-mehr-wissen.de\/?page_id=26010"},"modified":"2022-09-30T10:53:13","modified_gmt":"2022-09-30T10:53:13","slug":"nutzungsvereinbarung","status":"publish","type":"page","link":"https:\/\/einfach-mehr-wissen.de\/es\/nutzungsvereinbarung\/","title":{"rendered":"LV: Acuerdo de usuario de la plataforma de aprendizaje"},"content":{"rendered":"<h1 class=\"wp-block-heading\">Acuerdo de usuario<\/h1>\n\n\n\n<figure class=\"wp-block-table\"><table><tbody><tr><td>1. uso de la plataforma de aprendizaje <br>La plataforma de aprendizaje est\u00e1 gestionada por Lehrke Verlag GmbH. El contenido de la plataforma de aprendizaje est\u00e1 a disposici\u00f3n de los usuarios de acuerdo con la administraci\u00f3n y b\u00e1sicamente de forma gratuita.<br><br>El derecho de uso expira autom\u00e1ticamente al abandonar la instituci\u00f3n miembro o al finalizar la asociaci\u00f3n de un proyecto, a menos que se haya pronunciado un estatus especial (por ejemplo, como antiguo alumno).<br><br>2. derechos de autor<br>Todos los derechos de autor de los contenidos pertenecen a sus respectivos autores.<br><br>Cualquier reproducci\u00f3n (soportes de datos, impresiones y copias en papel u otros materiales, etc.) y\/o su cesi\u00f3n a terceros con fines comerciales durante y despu\u00e9s de la finalizaci\u00f3n de la autorizaci\u00f3n de acceso no est\u00e1 permitida y ser\u00e1 perseguida por la v\u00eda penal y civil. Tambi\u00e9n dar\u00e1 lugar a la rescisi\u00f3n inmediata de la autorizaci\u00f3n de uso. Esto tambi\u00e9n se aplica a hacer accesibles los contenidos a terceros que no est\u00e9n autorizados a acceder a ellos (por ejemplo, mediante la transmisi\u00f3n de la contrase\u00f1a personal).<br><br>3. protecci\u00f3n de datos<br>3.1 Datos recogidos, tratados y almacenados<br>Para registrarse en la plataforma es necesario disponer de una direcci\u00f3n de correo electr\u00f3nico v\u00e1lida. Adem\u00e1s, son obligatorios el nombre y los apellidos, as\u00ed como el nombre de usuario y la instituci\u00f3n. La instituci\u00f3n es necesaria para la asignaci\u00f3n a las instituciones miembros dentro del BAG digitale Lehre H\u00f6D. Estos datos personales s\u00f3lo se almacenan para permitir a los usuarios acceder a los contenidos y \u00fanicamente durante el tiempo de uso.<br><br>Los datos sobre el comportamiento de los usuarios en la plataforma de aprendizaje son registrados por el sistema y pueden ser consultados por los administradores o los autores. Se registran y almacenan los siguientes datos:<br><br><br>Acuerdo de consentimiento de uso y fecha del consentimiento<br>Los permisos o funciones de cada nombre de usuario<br>Para la pertenencia a grupos y cursos: fecha de inscripci\u00f3n y progreso del aprendizaje (\"A\u00fan no iniciado\" \/ \"En curso\" \/ \"Trabajado\" \/ \"Suspenso\").<br>Datos hist\u00f3ricos: Fecha de creaci\u00f3n de la cuenta y por qui\u00e9n (propietario), \u00faltimo inicio de sesi\u00f3n y propiedad de los objetos.<br>Cuando se utiliza el sistema de correo interno, los mensajes enviados y recibidos a trav\u00e9s de esta funci\u00f3n de correo electr\u00f3nico<br>Al utilizar la funci\u00f3n de notificaci\u00f3n autom\u00e1tica en grupos y cursos, los mensajes enviados y recibidos en cada caso.<br>En caso de error y para garantizar la calidad, los administradores pueden activar y evaluar los registros del servidor. Contienen el nombre del archivo o p\u00e1gina recuperado, la fecha y hora de la recuperaci\u00f3n, la cantidad de datos transferidos, el c\u00f3digo de estado http, la direcci\u00f3n IP de recuperaci\u00f3n y el tipo y versi\u00f3n del navegador.<br>En caso necesario, los problemas y solicitudes de asistencia se transmiten a un sistema de asistencia del proveedor. Adem\u00e1s de los datos personales (apellidos, nombre y direcci\u00f3n de correo electr\u00f3nico), all\u00ed se almacenan como datos hist\u00f3ricos la fecha y la hora de creaci\u00f3n de la solicitud de asistencia, el contenido de la solicitud y su historial de tramitaci\u00f3n, as\u00ed como el curso de la comunicaci\u00f3n posterior relativa a esta solicitud hasta su cierre (finalizaci\u00f3n de la solicitud).<br>Podr\u00e1n acceder a los datos las siguientes personas para el cumplimiento de su finalidad:<br><br><br>Los tutores del curso, el grupo y\/o los administradores del curso pueden ver a los participantes inscritos y su progreso de aprendizaje con datos maestros e hist\u00f3ricos (estado de inscripci\u00f3n, lista de participantes, \u00e9xito de aprendizaje, \u00faltimo inicio de sesi\u00f3n\/inscripci\u00f3n).<br>Los miembros de grupos y\/o cursos ven los nombres de usuario de los respectivos miembros y pueden ponerse en contacto con ellos. Otros detalles (los llamados datos de perfil) s\u00f3lo son visibles si han sido liberados por el usuario respectivo.<br>Durante el uso, todos los participantes pueden ver qui\u00e9n est\u00e1 en la plataforma de aprendizaje al mismo tiempo (\"Usuarios activos\" - visualizaci\u00f3n). los propios usuarios determinan los datos m\u00e1s all\u00e1 de la publicaci\u00f3n del nombre y el nombre de usuario en el perfil personal.<br><br>3.2 Almacenamiento de datos<br>Los datos son almacenados por un proveedor en forma de tratamiento de datos por encargo. Existe un contrato conforme a las disposiciones del Reglamento alem\u00e1n de protecci\u00f3n de datos (DSGVO).<br>Nombre y direcci\u00f3n del proveedor actual:<br><br>STRATO AG<br>Otto Ostrowski Calle 7<br>D-10249 Berl\u00edn<br>\u2003\u2003<a rel=\"noreferrer noopener\" href=\"https:\/\/www.strato.de\/\" target=\"_blank\">www.databay.de<\/a><br><br>3.3 Divulgaci\u00f3n de datos a terceros<br>No se transmite ning\u00fan dato a terceros.<br><br>3.4 Portabilidad de los datos<br>Los usuarios pueden transferir los siguientes datos desde la plataforma de aprendizaje:<br><br>Los port\u00e1tiles lo son:<br>Perfil, configuraci\u00f3n propia (XML)<br>Notas personales en el \"Escritorio personal<br>Marcadores<br>calendarios privados<br>Estados de aprendizaje<br>Son exportables:<br>Certificados<br>Objetos del espacio de trabajo personal<br>Insignias<br>Blogs personales<br>Carteras<br>Contactos propios<br>3.5 Supresi\u00f3n de datos<br>Tan pronto como los usuarios informen al administrador local de su instituci\u00f3n por escrito o por correo electr\u00f3nico de que ya no est\u00e1n interesados en seguir utiliz\u00e1ndolos, se borrar\u00e1n sus datos. Sin embargo, los datos personales de los comentarios y foros no se ver\u00e1n afectados, ya que esto no puede automatizarse. Por lo tanto, las entradas deben considerarse como tales.<br><br>3.6 Almacenamiento an\u00f3nimo de datos<br>Los usuarios tambi\u00e9n aceptan que los datos puedan almacenarse m\u00e1s all\u00e1 del periodo de uso si se hace de forma exclusivamente an\u00f3nima y la informaci\u00f3n s\u00f3lo se utiliza con fines cient\u00edficos, por ejemplo, para optimizar la ense\u00f1anza, elaborar estad\u00edsticas de usuarios, etc.<br><br>3.7 Notas sobre las cookies<br>Se accede a la plataforma de aprendizaje a trav\u00e9s de un navegador. En este contexto, se escriben dos cookies cuando se accede a las versiones actuales de la plataforma de aprendizaje. Las cookies se almacenan en el cliente (navegador del usuario) y no en la propia plataforma de aprendizaje ni en los servidores del proveedor de la plataforma de aprendizaje. No se escriben datos personales directamente en las cookies.<br><br>4. obligaciones de los usuarios<br>Los usuarios no podr\u00e1n publicar declaraciones ni contenidos ofensivos o il\u00edcitos en sus contribuciones (foros, chats, objetivos de hiperv\u00ednculos, as\u00ed como archivos cargados, etc.). Las infracciones de estas disposiciones podr\u00e1n ser perseguidas por la v\u00eda penal y civil y podr\u00e1n dar lugar al cese inmediato de la autorizaci\u00f3n del usuario.<br><br>Los usuarios est\u00e1n obligados, seg\u00fan su leal saber y entender, a abstenerse de realizar acciones e introducir datos en la plataforma de aprendizaje que puedan provocar una perturbaci\u00f3n del funcionamiento general.<br><br>5. descargo de responsabilidad<br>No se asume ninguna responsabilidad por los contenidos a los que se haga referencia directa o indirectamente (enlaces) y que se encuentren fuera del \u00e1mbito de influencia de Lehrke Verlag GmbH.<br><br>No se garantiza la actualidad e integridad de los contenidos ofrecidos en la plataforma de aprendizaje. Quedan excluidas las reclamaciones de responsabilidad contra los autores, el Lehrke Verlag GmbH y los operadores de la plataforma de aprendizaje relativas a da\u00f1os materiales o inmateriales causados por el uso o no uso del contenido proporcionado o por el uso de contenido incorrecto e incompleto. La utilizaci\u00f3n corre por cuenta y riesgo del usuario.<br><br>6. varios<br>Este acuerdo de usuario es accesible en l\u00ednea desde la p\u00e1gina de registro. Podr\u00e1 ser modificado por Lehrke Verlag GmbH en cualquier momento, siempre que est\u00e9 objetivamente justificado.<br><br>Al aceptar este acuerdo de usuario, el usuario reconoce la validez de cada disposici\u00f3n individual para s\u00ed mismo; la validez de cada disposici\u00f3n individual no se ve afectada por la validez de otras disposiciones individuales. Los cambios entran en vigor con la publicaci\u00f3n en l\u00ednea. Al seguir utilizando la plataforma de aprendizaje, los usuarios aceptan el acuerdo modificado.<br><br>Situaci\u00f3n: 12 de agosto de 2022<\/td><\/tr><\/tbody><\/table><\/figure>","protected":false},"excerpt":{"rendered":"<p>Nutzungsvereinbarung 1. Nutzung der Lernplattform Die Lernplattform wird von Lehrke Verlag GmbH betrieben. Die Inhalte der Lernplattform stehen den Nutzenden nach Ma\u00dfgabe der Administration und grunds\u00e4tzlich kostenlos zur Verf\u00fcgung. Das Nutzungsrecht erlischt automatisch mit dem Ausscheiden aus der Mitgliedsinstitution oder mit der Beendigung einer Projektpartnerschaft, sofern kein besonderer Status (z. B. als Alumni) ausgesprochen worden [&hellip;]<\/p>\n","protected":false},"author":1,"featured_media":0,"parent":0,"menu_order":0,"comment_status":"closed","ping_status":"closed","template":"","meta":{"site-sidebar-layout":"default","site-content-layout":"","ast-site-content-layout":"default","site-content-style":"default","site-sidebar-style":"default","ast-global-header-display":"","ast-banner-title-visibility":"","ast-main-header-display":"","ast-hfb-above-header-display":"","ast-hfb-below-header-display":"","ast-hfb-mobile-header-display":"","site-post-title":"","ast-breadcrumbs-content":"","ast-featured-img":"","footer-sml-layout":"","ast-disable-related-posts":"","theme-transparent-header-meta":"","adv-header-id-meta":"","stick-header-meta":"","header-above-stick-meta":"","header-main-stick-meta":"","header-below-stick-meta":"","astra-migrate-meta-layouts":"default","ast-page-background-enabled":"default","ast-page-background-meta":{"desktop":{"background-color":"","background-image":"","background-repeat":"repeat","background-position":"center center","background-size":"auto","background-attachment":"scroll","background-type":"","background-media":"","overlay-type":"","overlay-color":"","overlay-opacity":"","overlay-gradient":""},"tablet":{"background-color":"","background-image":"","background-repeat":"repeat","background-position":"center center","background-size":"auto","background-attachment":"scroll","background-type":"","background-media":"","overlay-type":"","overlay-color":"","overlay-opacity":"","overlay-gradient":""},"mobile":{"background-color":"","background-image":"","background-repeat":"repeat","background-position":"center center","background-size":"auto","background-attachment":"scroll","background-type":"","background-media":"","overlay-type":"","overlay-color":"","overlay-opacity":"","overlay-gradient":""}},"ast-content-background-meta":{"desktop":{"background-color":"var(--ast-global-color-5)","background-image":"","background-repeat":"repeat","background-position":"center center","background-size":"auto","background-attachment":"scroll","background-type":"","background-media":"","overlay-type":"","overlay-color":"","overlay-opacity":"","overlay-gradient":""},"tablet":{"background-color":"var(--ast-global-color-5)","background-image":"","background-repeat":"repeat","background-position":"center center","background-size":"auto","background-attachment":"scroll","background-type":"","background-media":"","overlay-type":"","overlay-color":"","overlay-opacity":"","overlay-gradient":""},"mobile":{"background-color":"var(--ast-global-color-5)","background-image":"","background-repeat":"repeat","background-position":"center center","background-size":"auto","background-attachment":"scroll","background-type":"","background-media":"","overlay-type":"","overlay-color":"","overlay-opacity":"","overlay-gradient":""}},"footnotes":""},"class_list":["post-26010","page","type-page","status-publish","hentry"],"_links":{"self":[{"href":"https:\/\/einfach-mehr-wissen.de\/es\/wp-json\/wp\/v2\/pages\/26010","targetHints":{"allow":["GET"]}}],"collection":[{"href":"https:\/\/einfach-mehr-wissen.de\/es\/wp-json\/wp\/v2\/pages"}],"about":[{"href":"https:\/\/einfach-mehr-wissen.de\/es\/wp-json\/wp\/v2\/types\/page"}],"author":[{"embeddable":true,"href":"https:\/\/einfach-mehr-wissen.de\/es\/wp-json\/wp\/v2\/users\/1"}],"replies":[{"embeddable":true,"href":"https:\/\/einfach-mehr-wissen.de\/es\/wp-json\/wp\/v2\/comments?post=26010"}],"version-history":[{"count":6,"href":"https:\/\/einfach-mehr-wissen.de\/es\/wp-json\/wp\/v2\/pages\/26010\/revisions"}],"predecessor-version":[{"id":27414,"href":"https:\/\/einfach-mehr-wissen.de\/es\/wp-json\/wp\/v2\/pages\/26010\/revisions\/27414"}],"wp:attachment":[{"href":"https:\/\/einfach-mehr-wissen.de\/es\/wp-json\/wp\/v2\/media?parent=26010"}],"curies":[{"name":"wp","href":"https:\/\/api.w.org\/{rel}","templated":true}]}}