{"id":26587,"date":"2022-08-12T08:05:58","date_gmt":"2022-08-12T08:05:58","guid":{"rendered":"https:\/\/einfach-mehr-wissen.de\/?page_id=26587"},"modified":"2022-09-30T10:50:40","modified_gmt":"2022-09-30T10:50:40","slug":"nutzungsvereinbarung-cafea-gruppe","status":"publish","type":"page","link":"https:\/\/einfach-mehr-wissen.de\/es\/nutzungsvereinbarung-cafea-gruppe\/","title":{"rendered":"CAFEA, DEK-B, DEK-HH: Acuerdo de usuario"},"content":{"rendered":"<p>POL\u00cdTICA DE PRIVACIDAD GESTI\u00d3N DE VISITANTES<\/p>\n\n\n\n<p>Pre\u00e1mbulo<\/p>\n\n\n\n<p>CAFEA GmbH, Am Sandtorkai 2, 20457 Hamburgo (en adelante \"CAFEA\", \"nosotros\", \"nos\") se encarga de la gesti\u00f3n de visitas del Grupo Cafea. En el \u00e1mbito de estas actividades, CAFEA procesa datos personales en nombre y para los fines de las empresas del Grupo Cafea, por lo que CAFEA se califica a este respecto como un procesador de la ley de protecci\u00f3n de datos en el sentido del Art 4 Z 8 del Reglamento General de Protecci\u00f3n de Datos (DSGVO). CAFEA debe ser calificado como un controlador en el sentido del Art 4 N\u00ba 7 del GDPR si los datos personales son procesados para sus propios fines. Para CAFEA, la protecci\u00f3n y confidencialidad de sus datos es de especial importancia. Huelga decir que sus datos se procesar\u00e1n exclusivamente de conformidad con la normativa aplicable en materia de protecci\u00f3n de datos, en particular la Ley Federal Alemana de Protecci\u00f3n de Datos (BDSG) y la Ley Alemana de Telemedios (TMG). Esta declaraci\u00f3n de protecci\u00f3n de datos tambi\u00e9n cumple todos los requisitos legales que ser\u00e1n obligatorios cuando entre en vigor el Reglamento Europeo de Protecci\u00f3n de Datos (DSGVO). El DSGVO est\u00e1 en vigor desde el 25 de mayo de 2018.<\/p>\n\n\n\n<p>\u00bfQu\u00e9 son los datos personales?<br class=\"\">Los datos personales son cualquier informaci\u00f3n de la que puedan extraerse conclusiones sobre sus circunstancias personales o f\u00e1cticas o que permita identificarle.<\/p>\n\n\n\n<p>2. \u00bfqu\u00e9 datos se almacenan?<br class=\"\">Nombre y direcci\u00f3n de la empresa<br class=\"\">Nombre y apellidos del visitante<br class=\"\">Motivo de la visita<br class=\"\">En caso necesario: Informaci\u00f3n sobre las instrucciones de higiene y la fecha de validez correspondiente<br class=\"\">Fecha y hora de inicio y fin de la visita<br class=\"\">Si entra en el recinto con un veh\u00edculo; la matr\u00edcula del veh\u00edculo<\/p>\n\n\n\n<p>3. objetivo de la recogida de datos<br class=\"\">CAFEA utiliza sus datos personales exclusivamente para cumplir con la documentaci\u00f3n del tr\u00e1fico de visitantes en el marco de los requisitos de protecci\u00f3n del producto, el estatus de OEA y los requisitos de la asociaci\u00f3n de seguros de responsabilidad civil de los empresarios.<\/p>\n\n\n\n<p>4. \u00bfse ceden o recogen datos de terceros?<br class=\"\">Los datos recogidos por CAFEA no ser\u00e1n publicados por CAFEA ni cedidos a terceros sin autorizaci\u00f3n, es decir, en particular, sin su consentimiento.<br class=\"\">CAFEA puede estar legalmente obligada a divulgar datos si la divulgaci\u00f3n de los datos es necesaria para la afirmaci\u00f3n, el ejercicio o la defensa de reclamaciones legales del mandante ante una autoridad p\u00fablica.<br class=\"\">En la medida en que CAFEA desee utilizar sus datos de una forma que vaya m\u00e1s all\u00e1 de lo descrito anteriormente, CAFEA obtendr\u00e1 previamente su consentimiento expreso.<\/p>\n\n\n\n<p>5. periodos de almacenamiento<br class=\"\">En el marco de los requisitos mencionados, hemos establecido un periodo de conservaci\u00f3n de los datos de visitantes, entradas y pases de veh\u00edculos de 5 a\u00f1os tras el final del a\u00f1o natural.<br class=\"\">Tambi\u00e9n pueden derivarse periodos de conservaci\u00f3n m\u00e1s largos que los mencionados del hecho de que los datos sean necesarios para la afirmaci\u00f3n, el ejercicio o la defensa de reclamaciones legales ante una autoridad o de que existan obligaciones legales de conservaci\u00f3n. Los datos se conservar\u00e1n durante el tiempo necesario para cumplir estos fines.<\/p>\n\n\n\n<p>5. sus derechos en relaci\u00f3n con los datos almacenados<br>Tiene derecho a obtener informaci\u00f3n gratuita sobre cu\u00e1les de sus datos personales tratamos, as\u00ed como derecho de rectificaci\u00f3n, supresi\u00f3n, limitaci\u00f3n del tratamiento de datos y portabilidad de datos. Para ejercer estos derechos u obtener informaci\u00f3n adicional sobre ellos, p\u00f3ngase en contacto con nosotros por correo electr\u00f3nico en la direcci\u00f3n\u00a0<a class=\"\" rel=\"noreferrer noopener\" href=\"mailto:DSB@CAFEA.de\" target=\"_blank\">DSB@CAFEA.de<\/a>.<\/p>\n\n\n\n<p>6. posibilidad de revocaci\u00f3n<br class=\"\">Puede revocar en cualquier momento el consentimiento otorgado en virtud de la ley de protecci\u00f3n de datos con efectos para el futuro. Para hacer uso de la posibilidad de revocar su consentimiento, p\u00f3ngase en contacto con nosotros por correo electr\u00f3nico en la direcci\u00f3n&nbsp;<a href=\"mailto:DSB@CAFEA.de\" class=\"\" target=\"_blank\" rel=\"noreferrer noopener\">DSB@CAFEA.de<\/a><\/p>\n\n\n\n<p>7 Validez del acuerdo (cl\u00e1usula de divisibilidad)<br class=\"\">La ilegalidad, ineficacia, invalidez o inaplicabilidad de partes de estas disposiciones sobre protecci\u00f3n de datos y condiciones de uso no afectar\u00e1n a la eficacia y validez de las disposiciones restantes.<\/p>\n\n\n\n<p>8. reclamaci\u00f3n ante la autoridad de protecci\u00f3n de datos<br class=\"\">Si cree que estamos tratando sus datos infringiendo la legislaci\u00f3n aplicable, puede presentar una reclamaci\u00f3n ante la autoridad de control competente.<\/p>\n\n\n\n<p>Datos de contacto de CAFEA<br class=\"\">CAFEA GmbH<br class=\"\">Am Sandtorkai 2<br class=\"\">D 20457 Hamburgo<br class=\"\">Tel\u00e9fono: +49 (0)40 378890<br class=\"\">Fax: +49(0)40 364311<br class=\"\"><a href=\"mailto:info@cafea.com\" class=\"\" target=\"_blank\" rel=\"noreferrer noopener\">Correo electr\u00f3nico: info@cafea.com<\/a><\/p>\n\n\n\n<p>Forma jur\u00eddica: GmbH, domicilio social: Hamburgo<br class=\"\">Directores Generales: Jan Beernd Rothfos, Holger Bebensee, Michael Lo\u00df, Anne Kathrin Rothfos<br class=\"\">Tribunal de registro: Juzgado de Primera Instancia de Hamburgo \/ HRB 103 189<br class=\"\">CIF: DE257137937<\/p>","protected":false},"excerpt":{"rendered":"<p>DATENSCHUTZERKL\u00c4RUNG BESUCHERVERWALTUNG Pr\u00e4ambel Die CAFEA GmbH, Am Sandtorkai 2, 20457 Hamburg (nachfolgend \u201eCAFEA\u201c, \u201ewir\u201c, \u201euns\u201c) betreibt die Besucherverwaltung der Cafea \u2013 Gruppe. Die CAFEA verarbeitet im Rahmen dieser T\u00e4tigkeiten personenbezogene Daten im Auftrag und f\u00fcr die Zwecke der Unternehmen der Cafea &#8211; Gruppe, weshalb die CAFEA diesbez\u00fcglich als datenschutzrechtlicher Auftragsverarbeiter im Sinne des Art 4 [&hellip;]<\/p>\n","protected":false},"author":1,"featured_media":0,"parent":0,"menu_order":0,"comment_status":"closed","ping_status":"closed","template":"","meta":{"site-sidebar-layout":"default","site-content-layout":"","ast-site-content-layout":"default","site-content-style":"default","site-sidebar-style":"default","ast-global-header-display":"","ast-banner-title-visibility":"","ast-main-header-display":"","ast-hfb-above-header-display":"","ast-hfb-below-header-display":"","ast-hfb-mobile-header-display":"","site-post-title":"","ast-breadcrumbs-content":"","ast-featured-img":"","footer-sml-layout":"","ast-disable-related-posts":"","theme-transparent-header-meta":"","adv-header-id-meta":"","stick-header-meta":"","header-above-stick-meta":"","header-main-stick-meta":"","header-below-stick-meta":"","astra-migrate-meta-layouts":"default","ast-page-background-enabled":"default","ast-page-background-meta":{"desktop":{"background-color":"","background-image":"","background-repeat":"repeat","background-position":"center center","background-size":"auto","background-attachment":"scroll","background-type":"","background-media":"","overlay-type":"","overlay-color":"","overlay-opacity":"","overlay-gradient":""},"tablet":{"background-color":"","background-image":"","background-repeat":"repeat","background-position":"center center","background-size":"auto","background-attachment":"scroll","background-type":"","background-media":"","overlay-type":"","overlay-color":"","overlay-opacity":"","overlay-gradient":""},"mobile":{"background-color":"","background-image":"","background-repeat":"repeat","background-position":"center center","background-size":"auto","background-attachment":"scroll","background-type":"","background-media":"","overlay-type":"","overlay-color":"","overlay-opacity":"","overlay-gradient":""}},"ast-content-background-meta":{"desktop":{"background-color":"var(--ast-global-color-5)","background-image":"","background-repeat":"repeat","background-position":"center center","background-size":"auto","background-attachment":"scroll","background-type":"","background-media":"","overlay-type":"","overlay-color":"","overlay-opacity":"","overlay-gradient":""},"tablet":{"background-color":"var(--ast-global-color-5)","background-image":"","background-repeat":"repeat","background-position":"center center","background-size":"auto","background-attachment":"scroll","background-type":"","background-media":"","overlay-type":"","overlay-color":"","overlay-opacity":"","overlay-gradient":""},"mobile":{"background-color":"var(--ast-global-color-5)","background-image":"","background-repeat":"repeat","background-position":"center center","background-size":"auto","background-attachment":"scroll","background-type":"","background-media":"","overlay-type":"","overlay-color":"","overlay-opacity":"","overlay-gradient":""}},"footnotes":""},"class_list":["post-26587","page","type-page","status-publish","hentry"],"_links":{"self":[{"href":"https:\/\/einfach-mehr-wissen.de\/es\/wp-json\/wp\/v2\/pages\/26587","targetHints":{"allow":["GET"]}}],"collection":[{"href":"https:\/\/einfach-mehr-wissen.de\/es\/wp-json\/wp\/v2\/pages"}],"about":[{"href":"https:\/\/einfach-mehr-wissen.de\/es\/wp-json\/wp\/v2\/types\/page"}],"author":[{"embeddable":true,"href":"https:\/\/einfach-mehr-wissen.de\/es\/wp-json\/wp\/v2\/users\/1"}],"replies":[{"embeddable":true,"href":"https:\/\/einfach-mehr-wissen.de\/es\/wp-json\/wp\/v2\/comments?post=26587"}],"version-history":[{"count":3,"href":"https:\/\/einfach-mehr-wissen.de\/es\/wp-json\/wp\/v2\/pages\/26587\/revisions"}],"predecessor-version":[{"id":30765,"href":"https:\/\/einfach-mehr-wissen.de\/es\/wp-json\/wp\/v2\/pages\/26587\/revisions\/30765"}],"wp:attachment":[{"href":"https:\/\/einfach-mehr-wissen.de\/es\/wp-json\/wp\/v2\/media?parent=26587"}],"curies":[{"name":"wp","href":"https:\/\/api.w.org\/{rel}","templated":true}]}}