{"id":25354,"date":"2022-07-01T08:27:51","date_gmt":"2022-07-01T08:27:51","guid":{"rendered":"https:\/\/einfach-mehr-wissen.de\/?page_id=25354"},"modified":"2022-10-06T09:08:36","modified_gmt":"2022-10-06T09:08:36","slug":"impressum","status":"publish","type":"page","link":"https:\/\/einfach-mehr-wissen.de\/fr\/impressum\/","title":{"rendered":"Mentions l\u00e9gales"},"content":{"rendered":"<div data-elementor-type=\"wp-page\" data-elementor-id=\"25354\" class=\"elementor elementor-25354\" data-elementor-post-type=\"page\">\n\t\t\t\t\t\t<section class=\"elementor-section elementor-top-section elementor-element elementor-element-8746723 elementor-section-boxed elementor-section-height-default elementor-section-height-default\" data-id=\"8746723\" data-element_type=\"section\" data-e-type=\"section\">\n\t\t\t\t\t\t<div class=\"elementor-container elementor-column-gap-default\">\n\t\t\t\t\t<div class=\"elementor-column elementor-col-100 elementor-top-column elementor-element elementor-element-429ef65\" data-id=\"429ef65\" data-element_type=\"column\" data-e-type=\"column\">\n\t\t\t<div class=\"elementor-widget-wrap elementor-element-populated\">\n\t\t\t\t\t\t<div class=\"elementor-element elementor-element-8dc76a9 elementor-widget elementor-widget-text-editor\" data-id=\"8dc76a9\" data-element_type=\"widget\" data-e-type=\"widget\" data-widget_type=\"text-editor.default\">\n\t\t\t\t<div class=\"elementor-widget-container\">\n\t\t\t\t\t\t\t\t\t<p class=\"font_8\"><strong>Informations selon \u00a7 5 TMG<\/strong><\/p><p class=\"font_8\"><span class=\"wixGuard\">\u200b<\/span>Lehrke Verlag GmbH<\/p><p class=\"font_8\">Rue de l'Ise 49<\/p><p class=\"font_8\">20144 Hambourg<\/p><p class=\"font_8\">Registre du commerce : 99232<\/p><p class=\"font_8\">Tribunal d'enregistrement : Hambourg<\/p><p class=\"font_8\"><span class=\"wixGuard\">\u200b<\/span><\/p><p class=\"font_8\">Repr\u00e9sent\u00e9 par :<\/p><p class=\"font_8\">Lehrke Verlag GmbH, repr\u00e9sent\u00e9e par le g\u00e9rant Matthias Lehrke<\/p><p class=\"font_8\">Contact<\/p><p class=\"font_8\">T\u00e9l\u00e9phone : 040\/40 17 09-15<\/p><p class=\"font_8\">T\u00e9l\u00e9copieur : 040\/40 17 09-14<\/p><p class=\"font_8\">E-mail : mail(at)lehrke-verlag.de<\/p><p class=\"font_8\"><span class=\"wixGuard\">\u200b<\/span><span class=\"wixGuard\">\u200b<\/span><\/p><p class=\"font_8\"><strong>Num\u00e9ro d'identification de la taxe sur le chiffre d'affaires<\/strong><\/p><p class=\"font_8\">Num\u00e9ro d'identification de la taxe sur le chiffre d'affaires conform\u00e9ment au \u00a7 27 a de la loi sur la taxe sur le chiffre d'affaires :<\/p><p class=\"font_8\">FR251663150<\/p><p class=\"font_8\"><span class=\"wixGuard\">\u200b<\/span><\/p><p class=\"font_8\"><strong>R\u00e8glement des litiges de l'UE<\/strong><\/p><p class=\"font_8\"><span class=\"wixGuard\">\u200b<\/span>La Commission europ\u00e9enne met \u00e0 disposition une plateforme de r\u00e8glement en ligne des litiges (RLL) :<\/p><p class=\"font_8\"><a href=\"https:\/\/ec.europa.eu\/consumers\/odr.\" target=\"_blank\" rel=\"noopener\" data-auto-recognition=\"true\">https:\/\/ec.europa.eu\/consumers\/odr.<\/a><\/p><p class=\"font_8\">Vous trouverez notre adresse e-mail en haut dans les mentions l\u00e9gales.<\/p><p class=\"font_8\">R\u00e8glement des litiges de consommation\/organe universel de conciliation<\/p><p class=\"font_8\">Nous ne sommes pas pr\u00eats ou oblig\u00e9s de participer \u00e0 des proc\u00e9dures de r\u00e8glement des litiges devant un organisme de conciliation des consommateurs.<\/p><p class=\"font_8\"><span class=\"wixGuard\">\u200b<\/span><span class=\"wixGuard\">\u200b<\/span><\/p><p class=\"font_8\"><strong>Responsabilit\u00e9 du contenu<\/strong><\/p><p class=\"font_8\"><span class=\"wixGuard\">\u200b<\/span>En tant que prestataire de services, nous sommes responsables, conform\u00e9ment au \u00a7 7 alin\u00e9a 1 de la loi allemande sur les t\u00e9l\u00e9m\u00e9dias (TMG), de nos propres contenus sur ces pages selon les lois g\u00e9n\u00e9rales. Selon les \u00a7\u00a7 8 \u00e0 10 de la TMG, nous ne sommes toutefois pas tenus, en tant que prestataire de services, de surveiller les informations externes transmises ou enregistr\u00e9es ou de rechercher les circonstances qui indiquent une activit\u00e9 ill\u00e9gale.<\/p><p class=\"font_8\">Les obligations de supprimer ou de bloquer l'utilisation d'informations conform\u00e9ment aux lois g\u00e9n\u00e9rales restent inchang\u00e9es. Une responsabilit\u00e9 \u00e0 cet \u00e9gard n'est toutefois possible qu'\u00e0 partir du moment o\u00f9 une violation concr\u00e8te de la loi est connue. D\u00e8s la prise de connaissance d'une telle violation de la loi, nous supprimerons imm\u00e9diatement ces contenus.<\/p><p class=\"font_8\"><span class=\"wixGuard\">\u200b<\/span><span class=\"wixGuard\">\u200b<\/span><\/p><p class=\"font_8\"><strong>Responsabilit\u00e9 pour les liens<\/strong><\/p><p class=\"font_8\"><span class=\"wixGuard\">\u200b<\/span>Notre offre contient des liens vers des sites web externes de tiers, sur le contenu desquels nous n'avons aucune influence.<\/p><p class=\"font_8\">C'est pourquoi nous ne pouvons pas non plus nous porter garants de ces contenus externes. Le fournisseur ou l'exploitant des pages li\u00e9es est toujours responsable des contenus de ces pages. Les pages li\u00e9es ont \u00e9t\u00e9 v\u00e9rifi\u00e9es au moment de la cr\u00e9ation du lien quant \u00e0 d'\u00e9ventuelles violations de la loi. Aucun contenu ill\u00e9gal n'a \u00e9t\u00e9 identifi\u00e9 au moment de la cr\u00e9ation des liens.<\/p><p class=\"font_8\">Un contr\u00f4le permanent du contenu des pages li\u00e9es n'est cependant pas exigible sans indices concrets d'une violation de la loi. D\u00e8s que nous aurons connaissance d'une violation de la loi, nous supprimerons imm\u00e9diatement les liens concern\u00e9s.<\/p><p class=\"font_8\"><span class=\"wixGuard\">\u200b<\/span><strong>Droit d'auteur<\/strong><\/p><p class=\"font_8\"><span class=\"wixGuard\">\u200b<\/span>Les contenus et \u0153uvres cr\u00e9\u00e9s par les exploitants de ces pages sont soumis au droit d'auteur allemand. La reproduction, le traitement, la diffusion et toute forme d'exploitation en dehors des limites du droit d'auteur requi\u00e8rent l'accord \u00e9crit de l'auteur ou du cr\u00e9ateur concern\u00e9.<\/p><p class=\"font_8\">Les t\u00e9l\u00e9chargements et les copies de cette page ne sont autoris\u00e9s que pour un usage priv\u00e9 et non commercial.<\/p><p class=\"font_8\">Dans la mesure o\u00f9 les contenus de ce site n'ont pas \u00e9t\u00e9 cr\u00e9\u00e9s par l'exploitant, les droits d'auteur de tiers sont respect\u00e9s. Les contenus de tiers sont notamment identifi\u00e9s comme tels. Si vous deviez n\u00e9anmoins constater une violation des droits d'auteur, nous vous prions de nous en informer. D\u00e8s la prise de connaissance d'une violation de la loi, nous supprimerons imm\u00e9diatement les contenus concern\u00e9s.<\/p>\t\t\t\t\t\t\t\t<\/div>\n\t\t\t\t<\/div>\n\t\t\t\t\t<\/div>\n\t\t<\/div>\n\t\t\t\t\t<\/div>\n\t\t<\/section>\n\t\t\t\t<\/div>","protected":false},"excerpt":{"rendered":"<p>Angaben gem\u00e4\u00df \u00a7 5 TMG \u200bLehrke Verlag GmbH Isestra\u00dfe 49 20144 Hamburg Handelsregister: 99232 Registergericht: Hamburg \u200b Vertreten durch: Lehrke Verlag GmbH, vertreten durch den Gesch\u00e4ftsfu\u0308hrer Matthias Lehrke Kontakt Telefon: 040\/40 17 09-15 Telefax: 040\/40 17 09-14 E-Mail: mail(at)lehrke-verlag.de \u200b\u200b Umsatzsteuer-ID Umsatzsteuer-Identifikationsnummer gem\u00e4\u00df \u00a7 27 a Umsatzsteuergesetz: DE251663150 \u200b EU-Streitschlichtung \u200bDie Europ\u00e4ische Kommission stellt eine [&hellip;]<\/p>\n","protected":false},"author":1,"featured_media":0,"parent":0,"menu_order":0,"comment_status":"closed","ping_status":"closed","template":"","meta":{"site-sidebar-layout":"no-sidebar","site-content-layout":"page-builder","ast-site-content-layout":"default","site-content-style":"default","site-sidebar-style":"default","ast-global-header-display":"","ast-banner-title-visibility":"","ast-main-header-display":"","ast-hfb-above-header-display":"","ast-hfb-below-header-display":"","ast-hfb-mobile-header-display":"","site-post-title":"disabled","ast-breadcrumbs-content":"","ast-featured-img":"disabled","footer-sml-layout":"","ast-disable-related-posts":"","theme-transparent-header-meta":"","adv-header-id-meta":"","stick-header-meta":"","header-above-stick-meta":"","header-main-stick-meta":"","header-below-stick-meta":"","astra-migrate-meta-layouts":"default","ast-page-background-enabled":"default","ast-page-background-meta":{"desktop":{"background-color":"","background-image":"","background-repeat":"repeat","background-position":"center center","background-size":"auto","background-attachment":"scroll","background-type":"","background-media":"","overlay-type":"","overlay-color":"","overlay-opacity":"","overlay-gradient":""},"tablet":{"background-color":"","background-image":"","background-repeat":"repeat","background-position":"center center","background-size":"auto","background-attachment":"scroll","background-type":"","background-media":"","overlay-type":"","overlay-color":"","overlay-opacity":"","overlay-gradient":""},"mobile":{"background-color":"","background-image":"","background-repeat":"repeat","background-position":"center center","background-size":"auto","background-attachment":"scroll","background-type":"","background-media":"","overlay-type":"","overlay-color":"","overlay-opacity":"","overlay-gradient":""}},"ast-content-background-meta":{"desktop":{"background-color":"var(--ast-global-color-5)","background-image":"","background-repeat":"repeat","background-position":"center center","background-size":"auto","background-attachment":"scroll","background-type":"","background-media":"","overlay-type":"","overlay-color":"","overlay-opacity":"","overlay-gradient":""},"tablet":{"background-color":"var(--ast-global-color-5)","background-image":"","background-repeat":"repeat","background-position":"center center","background-size":"auto","background-attachment":"scroll","background-type":"","background-media":"","overlay-type":"","overlay-color":"","overlay-opacity":"","overlay-gradient":""},"mobile":{"background-color":"var(--ast-global-color-5)","background-image":"","background-repeat":"repeat","background-position":"center center","background-size":"auto","background-attachment":"scroll","background-type":"","background-media":"","overlay-type":"","overlay-color":"","overlay-opacity":"","overlay-gradient":""}},"footnotes":""},"class_list":["post-25354","page","type-page","status-publish","hentry"],"_links":{"self":[{"href":"https:\/\/einfach-mehr-wissen.de\/fr\/wp-json\/wp\/v2\/pages\/25354","targetHints":{"allow":["GET"]}}],"collection":[{"href":"https:\/\/einfach-mehr-wissen.de\/fr\/wp-json\/wp\/v2\/pages"}],"about":[{"href":"https:\/\/einfach-mehr-wissen.de\/fr\/wp-json\/wp\/v2\/types\/page"}],"author":[{"embeddable":true,"href":"https:\/\/einfach-mehr-wissen.de\/fr\/wp-json\/wp\/v2\/users\/1"}],"replies":[{"embeddable":true,"href":"https:\/\/einfach-mehr-wissen.de\/fr\/wp-json\/wp\/v2\/comments?post=25354"}],"version-history":[{"count":13,"href":"https:\/\/einfach-mehr-wissen.de\/fr\/wp-json\/wp\/v2\/pages\/25354\/revisions"}],"predecessor-version":[{"id":27447,"href":"https:\/\/einfach-mehr-wissen.de\/fr\/wp-json\/wp\/v2\/pages\/25354\/revisions\/27447"}],"wp:attachment":[{"href":"https:\/\/einfach-mehr-wissen.de\/fr\/wp-json\/wp\/v2\/media?parent=25354"}],"curies":[{"name":"wp","href":"https:\/\/api.w.org\/{rel}","templated":true}]}}