{"id":26010,"date":"2022-07-14T13:15:32","date_gmt":"2022-07-14T13:15:32","guid":{"rendered":"https:\/\/einfach-mehr-wissen.de\/?page_id=26010"},"modified":"2022-09-30T10:53:13","modified_gmt":"2022-09-30T10:53:13","slug":"nutzungsvereinbarung","status":"publish","type":"page","link":"https:\/\/einfach-mehr-wissen.de\/hu\/nutzungsvereinbarung\/","title":{"rendered":"LV: Tanul\u00e1si platform felhaszn\u00e1l\u00f3i meg\u00e1llapod\u00e1s"},"content":{"rendered":"<h1 class=\"wp-block-heading\">Felhaszn\u00e1l\u00f3i meg\u00e1llapod\u00e1s<\/h1>\n\n\n\n<figure class=\"wp-block-table\"><table><tbody><tr><td>1. a tanul\u00e1si platform haszn\u00e1lata <br>A tanul\u00e1si platformot az Lehrke Verlag GmbH \u00fczemelteti. A tanul\u00e1si platform tartalma az adminisztr\u00e1ci\u00f3nak megfelel\u0151en \u00e9s alapvet\u0151en ingyenesen \u00e1ll a felhaszn\u00e1l\u00f3k rendelkez\u00e9s\u00e9re.<br><br>A haszn\u00e1lati jog automatikusan megsz\u0171nik a tagint\u00e9zm\u00e9nyb\u0151l val\u00f3 kil\u00e9p\u00e9skor vagy a projektpartners\u00e9g megsz\u0171n\u00e9sekor, kiv\u00e9ve, ha k\u00fcl\u00f6nleges st\u00e1tuszt (pl. \u00f6regdi\u00e1k) jelentettek be.<br><br>2. szerz\u0151i jogok<br>A tartalom minden szerz\u0151i joga az adott szerz\u0151kn\u00e9l marad.<br><br>A hozz\u00e1f\u00e9r\u00e9si enged\u00e9ly \u00e9rv\u00e9nyess\u00e9g\u00e9nek id\u0151tartama alatt \u00e9s azt k\u00f6vet\u0151en tilos b\u00e1rmilyen sokszoros\u00edt\u00e1s (adathordoz\u00f3k, nyomtat\u00e1sok \u00e9s m\u00e1solatok pap\u00edron vagy m\u00e1s anyagokon stb.) \u00e9s\/vagy azok harmadik f\u00e9lnek t\u00f6rt\u00e9n\u0151 kereskedelmi c\u00e9l\u00fa \u00e1tad\u00e1sa, \u00e9s ez b\u00fcntet\u0151jogi \u00e9s polg\u00e1ri jogi felel\u0151ss\u00e9gre von\u00e1st von maga ut\u00e1n. Ez a felhaszn\u00e1l\u00f3i enged\u00e9ly azonnali megsz\u0171n\u00e9s\u00e9hez is vezet. Ez vonatkozik arra is, ha a tartalmat olyan harmadik szem\u00e9lyek sz\u00e1m\u00e1ra teszik hozz\u00e1f\u00e9rhet\u0151v\u00e9, akik nem rendelkeznek hozz\u00e1f\u00e9r\u00e9si jogosults\u00e1ggal (pl. a szem\u00e9lyes jelsz\u00f3 tov\u00e1bbad\u00e1s\u00e1val).<br><br>3. adatv\u00e9delem<br>3.1 Gy\u0171jt\u00f6tt, feldolgozott \u00e9s t\u00e1rolt adatok<br>A platformon val\u00f3 regisztr\u00e1ci\u00f3hoz \u00e9rv\u00e9nyes e-mail c\u00edm sz\u00fcks\u00e9ges. Tov\u00e1bb\u00e1 a kereszt- \u00e9s vezet\u00e9kn\u00e9v, valamint a felhaszn\u00e1l\u00f3n\u00e9v \u00e9s az int\u00e9zm\u00e9ny megad\u00e1sa k\u00f6telez\u0151. Az int\u00e9zm\u00e9ny a BAG digitale Lehre H\u00f6D-en bel\u00fcli tagint\u00e9zm\u00e9nyekhez val\u00f3 hozz\u00e1rendel\u00e9shez sz\u00fcks\u00e9ges. Ezeket a szem\u00e9lyes adatokat csak az\u00e9rt t\u00e1roljuk, hogy a felhaszn\u00e1l\u00f3k hozz\u00e1f\u00e9rhessenek a tartalomhoz, \u00e9s csak a haszn\u00e1lat id\u0151tartam\u00e1ra.<br><br>A rendszer r\u00f6gz\u00edti a tanul\u00e1si platformon a felhaszn\u00e1l\u00f3k viselked\u00e9s\u00e9re vonatkoz\u00f3 adatokat, amelyeket a rendszergazd\u00e1k vagy a szerz\u0151k megtekinthetnek. A k\u00f6vetkez\u0151 adatok ker\u00fclnek r\u00f6gz\u00edt\u00e9sre \u00e9s t\u00e1rol\u00e1sra:<br><br><br>A felhaszn\u00e1l\u00e1si meg\u00e1llapod\u00e1shoz val\u00f3 hozz\u00e1j\u00e1rul\u00e1s \u00e9s a hozz\u00e1j\u00e1rul\u00e1s d\u00e1tuma<br>Az egyes felhaszn\u00e1l\u00f3nevek jogosults\u00e1gai vagy szerepei<br>Csoportokhoz \u00e9s tanfolyamokhoz val\u00f3 tartoz\u00e1s eset\u00e9n: a beiratkoz\u00e1s d\u00e1tuma \u00e9s a tanul\u00e1s el\u0151rehalad\u00e1sa (\"M\u00e9g nem kezdt\u00e9k el\" \/ \"Folyamatban\" \/ \"Dolgoznak rajta\" \/ \"Nem siker\u00fclt\").<br>T\u00f6rt\u00e9nelmi adatok: A fi\u00f3k l\u00e9trehoz\u00e1s\u00e1nak d\u00e1tuma \u00e9s ki \u00e1ltal (tulajdonos), utols\u00f3 bejelentkez\u00e9s \u00e9s az objektumok tulajdonjoga.<br>A bels\u0151 levelez\u0151rendszer haszn\u00e1lata eset\u00e9n az ezen e-mail funkci\u00f3val k\u00fcld\u00f6tt \u00e9s fogadott \u00fczeneteket<br>Az automatikus \u00e9rtes\u00edt\u00e9s funkci\u00f3 haszn\u00e1lata eset\u00e9n a csoportokban \u00e9s tanfolyamokban az egyes esetekben elk\u00fcld\u00f6tt \u00e9s fogadott \u00fczenetek.<br>Hiba eset\u00e9n \u00e9s min\u0151s\u00e9gbiztos\u00edt\u00e1si c\u00e9lokb\u00f3l a szervernapl\u00f3k aktiv\u00e1lhat\u00f3k \u00e9s \u00e9rt\u00e9kelhet\u0151k a rendszergazd\u00e1k \u00e1ltal. Ezek tartalmazz\u00e1k a let\u00f6lt\u00f6tt f\u00e1jl vagy oldal nev\u00e9t, a let\u00f6lt\u00e9s d\u00e1tum\u00e1t \u00e9s id\u0151pontj\u00e1t, az \u00e1tvitt adatmennyis\u00e9get, a http st\u00e1tuszk\u00f3dot, a let\u00f6lt\u0151 IP-c\u00edmet, valamint a b\u00f6ng\u00e9sz\u0151 t\u00edpus\u00e1t \u00e9s verzi\u00f3j\u00e1t.<br>A t\u00e1mogat\u00e1si probl\u00e9m\u00e1k \u00e9s k\u00e9r\u00e9sek sz\u00fcks\u00e9g eset\u00e9n tov\u00e1bb\u00edt\u00e1sra ker\u00fclnek a szolg\u00e1ltat\u00f3 t\u00e1mogat\u00e1si rendszer\u00e9hez. A szem\u00e9lyes adatokon (vezet\u00e9kn\u00e9v, keresztn\u00e9v \u00e9s e-mail c\u00edm) k\u00edv\u00fcl a t\u00e1mogat\u00e1si jegy l\u00e9trehoz\u00e1s\u00e1nak d\u00e1tuma \u00e9s id\u0151pontja, a jegy tartalma \u00e9s feldolgoz\u00e1si el\u0151zm\u00e9nyei, valamint a jeggyel kapcsolatos tov\u00e1bbi kommunik\u00e1ci\u00f3 menete a jegy lez\u00e1r\u00e1s\u00e1ig (a k\u00e9r\u00e9s teljes\u00edt\u00e9se) el\u0151zm\u00e9nyadatk\u00e9nt ott t\u00e1rol\u00f3dik.<br>Az adatokat a k\u00f6vetkez\u0151 szem\u00e9lyek tekinthetik meg a c\u00e9l teljes\u00edt\u00e9se \u00e9rdek\u00e9ben:<br><br><br>A tanfolyam oktat\u00f3i, a csoport \u00e9s\/vagy a tanfolyam adminisztr\u00e1torai l\u00e1thatj\u00e1k a beiratkozott r\u00e9sztvev\u0151ket \u00e9s a tanul\u00e1si el\u0151rehalad\u00e1sukat a t\u00f6rzs- \u00e9s el\u0151zm\u00e9nyadatokkal (beiratkoz\u00e1si st\u00e1tusz, r\u00e9sztvev\u0151k list\u00e1ja, tanul\u00e1si siker, utols\u00f3 bejelentkez\u00e9s\/regisztr\u00e1ci\u00f3).<br>A csoport \u00e9s\/vagy a tanfolyam tagjai l\u00e1tj\u00e1k az adott tagok felhaszn\u00e1l\u00f3neveit, \u00e9s kapcsolatba l\u00e9phetnek vel\u00fck. Tov\u00e1bbi r\u00e9szletek (\u00fan. profiladatok) csak akkor l\u00e1that\u00f3k, ha azokat az adott felhaszn\u00e1l\u00f3 kiadta.<br>A haszn\u00e1lat sor\u00e1n minden r\u00e9sztvev\u0151 l\u00e1thatja, hogy ki tart\u00f3zkodik egyidej\u0171leg a tanul\u00e1si platformon (\"Akt\u00edv felhaszn\u00e1l\u00f3k\" - kijelz\u00e9s). a felhaszn\u00e1l\u00f3k maguk hat\u00e1rozz\u00e1k meg a n\u00e9v \u00e9s a felhaszn\u00e1l\u00f3i n\u00e9v k\u00f6zz\u00e9t\u00e9tel\u00e9n t\u00fal a szem\u00e9lyes profilban szerepl\u0151 adatokat.<br><br>3.2 Adatt\u00e1rol\u00e1s<br>Az adatokat egy szolg\u00e1ltat\u00f3 t\u00e1rolja megb\u00edz\u00e1sos adatfeldolgoz\u00e1s form\u00e1j\u00e1ban. A n\u00e9met adatv\u00e9delmi rendelet (DSGVO) rendelkez\u00e9seinek megfelel\u0151 szerz\u0151d\u00e9s \u00e1ll rendelkez\u00e9sre.<br>A jelenlegi szolg\u00e1ltat\u00f3 neve \u00e9s c\u00edme:<br><br>STRATO AG<br>Otto Ostrowski utca 7<br>D-10249 Berlin<br>\u2003\u2003<a rel=\"noreferrer noopener\" href=\"https:\/\/www.strato.de\/\" target=\"_blank\">www.databay.de<\/a><br><br>3.3 Adatok tov\u00e1bb\u00edt\u00e1sa harmadik f\u00e9lnek<br>Az adatokat nem adjuk \u00e1t harmadik f\u00e9lnek.<br><br>3.4 Adathordozhat\u00f3s\u00e1g<br>A felhaszn\u00e1l\u00f3k a k\u00f6vetkez\u0151 adatokat tudj\u00e1k \u00e1tadni a tanul\u00e1si platformr\u00f3l:<br><br>A hordozhat\u00f3 eszk\u00f6z\u00f6k:<br>Profil, saj\u00e1t be\u00e1ll\u00edt\u00e1sok (XML)<br>Szem\u00e9lyes jegyzetek a \"Szem\u00e9lyes asztalra<br>K\u00f6nyvjelz\u0151k<br>priv\u00e1t napt\u00e1rak<br>Tanul\u00e1si \u00e1llapotok<br>Export\u00e1lhat\u00f3ak:<br>Tan\u00fas\u00edtv\u00e1nyok<br>T\u00e1rgyak a szem\u00e9lyes munkater\u00fcletr\u0151l<br>Jelv\u00e9nyek<br>Szem\u00e9lyes blogok<br>Portf\u00f3li\u00f3k<br>Saj\u00e1t kapcsolatok<br>3.5 Adatok t\u00f6rl\u00e9se<br>Amint a felhaszn\u00e1l\u00f3k \u00edr\u00e1sban vagy e-mailben t\u00e1j\u00e9koztatj\u00e1k int\u00e9zm\u00e9ny\u00fck helyi rendszergazd\u00e1j\u00e1t arr\u00f3l, hogy a tov\u00e1bbiakban nem k\u00edv\u00e1nj\u00e1k haszn\u00e1lni, adataik t\u00f6rl\u00e9sre ker\u00fclnek. A hozz\u00e1sz\u00f3l\u00e1sokban \u00e9s f\u00f3rumokon tal\u00e1lhat\u00f3 szem\u00e9lyes adatokat ez azonban nem \u00e9rinti, mivel ezek nem automatiz\u00e1lhat\u00f3k. Ez\u00e9rt a bejegyz\u00e9seket \u00fagy kell tekinteni, mint ilyeneket.<br><br>3.6 Anonimiz\u00e1lt adatt\u00e1rol\u00e1s<br>A felhaszn\u00e1l\u00f3k beleegyeznek abba is, hogy az adatokat a felhaszn\u00e1l\u00e1si id\u0151szakon t\u00fal is t\u00e1rolj\u00e1k, amennyiben ez kiz\u00e1r\u00f3lag anonimiz\u00e1lt form\u00e1ban t\u00f6rt\u00e9nik, \u00e9s az inform\u00e1ci\u00f3kat kiz\u00e1r\u00f3lag tudom\u00e1nyos c\u00e9lokra haszn\u00e1lj\u00e1k fel, pl. az oktat\u00e1s optimaliz\u00e1l\u00e1s\u00e1ra, felhaszn\u00e1l\u00f3i statisztik\u00e1k \u00f6ssze\u00e1ll\u00edt\u00e1s\u00e1ra stb.<br><br>3.7 Megjegyz\u00e9sek a s\u00fctikr\u0151l<br>A tanul\u00e1si platform b\u00f6ng\u00e9sz\u0151n kereszt\u00fcl \u00e9rhet\u0151 el. Ebben az \u00f6sszef\u00fcgg\u00e9sben k\u00e9t cookie-t \u00edrunk a tanul\u00e1si platform aktu\u00e1lis verzi\u00f3inak megh\u00edv\u00e1sakor. A cookie-kat az \u00fcgyf\u00e9l (a felhaszn\u00e1l\u00f3 b\u00f6ng\u00e9sz\u0151je) t\u00e1rolja, nem pedig maga a tanul\u00e1si platform vagy a tanul\u00e1si platform szolg\u00e1ltat\u00f3j\u00e1nak szerverei. A cookie-kba k\u00f6zvetlen\u00fcl nem \u00edr\u00f3dnak szem\u00e9lyes adatok.<br><br>4. a felhaszn\u00e1l\u00f3k k\u00f6telezetts\u00e9gei<br>A felhaszn\u00e1l\u00f3k nem tehetnek k\u00f6zz\u00e9 s\u00e9rt\u0151 vagy t\u00f6rv\u00e9nytelen kijelent\u00e9seket \u00e9s tartalmakat a hozz\u00e1sz\u00f3l\u00e1saikban (f\u00f3rumok, chatek, hiperlinkek, valamint felt\u00f6lt\u00f6tt f\u00e1jlok stb.). Ezen rendelkez\u00e9sek megs\u00e9rt\u00e9se b\u00fcntet\u0151jogi \u00e9s polg\u00e1ri jogi felel\u0151ss\u00e9gre vonhat\u00f3, \u00e9s a felhaszn\u00e1l\u00f3 jogosults\u00e1g\u00e1nak azonnali megsz\u00fcntet\u00e9s\u00e9hez vezethet.<br><br>A felhaszn\u00e1l\u00f3k legjobb tud\u00e1suk \u00e9s meggy\u0151z\u0151d\u00e9s\u00fck szerint k\u00f6telesek tart\u00f3zkodni az olyan m\u0171veletekt\u0151l \u00e9s adatbevitelt\u0151l a tanul\u00e1si platformon, amelyek az \u00e1ltal\u00e1nos m\u0171k\u00f6d\u00e9s megzavar\u00e1s\u00e1hoz vezethetnek.<br><br>5. nyilatkozat<br>Nem v\u00e1llalunk felel\u0151ss\u00e9get a k\u00f6zvetlen\u00fcl vagy k\u00f6zvetve (linkek) hivatkozott tartalmak\u00e9rt, amelyek k\u00edv\u00fcl esnek az Lehrke Verlag GmbH befoly\u00e1si k\u00f6r\u00e9n.<br><br>A tanul\u00e1si platformon tal\u00e1lhat\u00f3 tartalom aktualit\u00e1s\u00e1ra \u00e9s teljess\u00e9g\u00e9re nem v\u00e1llalunk garanci\u00e1t. A szerz\u0151kkel, az Lehrke Verlag GmbH-vel \u00e9s a tanul\u00e1si platform \u00fczemeltet\u0151ivel szemben a rendelkez\u00e9sre bocs\u00e1tott tartalom haszn\u00e1lata vagy nem haszn\u00e1lata, illetve a helytelen \u00e9s hi\u00e1nyos tartalom haszn\u00e1lata \u00e1ltal okozott vagyoni vagy nem vagyoni k\u00e1rokkal kapcsolatos felel\u0151ss\u00e9gre von\u00e1s kiz\u00e1rt. A haszn\u00e1lat a felhaszn\u00e1l\u00f3 saj\u00e1t felel\u0151ss\u00e9g\u00e9re t\u00f6rt\u00e9nik.<br><br>6. egy\u00e9b<br>Ez a felhaszn\u00e1l\u00f3i meg\u00e1llapod\u00e1s online el\u00e9rhet\u0151 a regisztr\u00e1ci\u00f3s oldalon. Az Lehrke Verlag GmbH b\u00e1rmikor m\u00f3dos\u00edthatja, amennyiben ez objekt\u00edven indokolt.<br><br>A jelen felhaszn\u00e1l\u00f3i meg\u00e1llapod\u00e1s elfogad\u00e1s\u00e1val a felhaszn\u00e1l\u00f3 elismeri minden egyes rendelkez\u00e9s \u00e9rv\u00e9nyess\u00e9g\u00e9t mag\u00e1ra n\u00e9zve; az egyes rendelkez\u00e9sek \u00e9rv\u00e9nyess\u00e9g\u00e9t nem befoly\u00e1solja m\u00e1s egyes rendelkez\u00e9sek \u00e9rv\u00e9nyess\u00e9ge. A m\u00f3dos\u00edt\u00e1sok az online k\u00f6zz\u00e9t\u00e9tellel l\u00e9pnek hat\u00e1lyba. A tanul\u00e1si platform tov\u00e1bbi haszn\u00e1lat\u00e1val a felhaszn\u00e1l\u00f3k elfogadj\u00e1k a m\u00f3dos\u00edtott meg\u00e1llapod\u00e1st.<br><br>\u00c1llapot: 2022. augusztus 12.<\/td><\/tr><\/tbody><\/table><\/figure>","protected":false},"excerpt":{"rendered":"<p>Nutzungsvereinbarung 1. Nutzung der Lernplattform Die Lernplattform wird von Lehrke Verlag GmbH betrieben. Die Inhalte der Lernplattform stehen den Nutzenden nach Ma\u00dfgabe der Administration und grunds\u00e4tzlich kostenlos zur Verf\u00fcgung. Das Nutzungsrecht erlischt automatisch mit dem Ausscheiden aus der Mitgliedsinstitution oder mit der Beendigung einer Projektpartnerschaft, sofern kein besonderer Status (z. B. als Alumni) ausgesprochen worden [&hellip;]<\/p>\n","protected":false},"author":1,"featured_media":0,"parent":0,"menu_order":0,"comment_status":"closed","ping_status":"closed","template":"","meta":{"site-sidebar-layout":"default","site-content-layout":"","ast-site-content-layout":"default","site-content-style":"default","site-sidebar-style":"default","ast-global-header-display":"","ast-banner-title-visibility":"","ast-main-header-display":"","ast-hfb-above-header-display":"","ast-hfb-below-header-display":"","ast-hfb-mobile-header-display":"","site-post-title":"","ast-breadcrumbs-content":"","ast-featured-img":"","footer-sml-layout":"","ast-disable-related-posts":"","theme-transparent-header-meta":"","adv-header-id-meta":"","stick-header-meta":"","header-above-stick-meta":"","header-main-stick-meta":"","header-below-stick-meta":"","astra-migrate-meta-layouts":"default","ast-page-background-enabled":"default","ast-page-background-meta":{"desktop":{"background-color":"","background-image":"","background-repeat":"repeat","background-position":"center center","background-size":"auto","background-attachment":"scroll","background-type":"","background-media":"","overlay-type":"","overlay-color":"","overlay-opacity":"","overlay-gradient":""},"tablet":{"background-color":"","background-image":"","background-repeat":"repeat","background-position":"center center","background-size":"auto","background-attachment":"scroll","background-type":"","background-media":"","overlay-type":"","overlay-color":"","overlay-opacity":"","overlay-gradient":""},"mobile":{"background-color":"","background-image":"","background-repeat":"repeat","background-position":"center center","background-size":"auto","background-attachment":"scroll","background-type":"","background-media":"","overlay-type":"","overlay-color":"","overlay-opacity":"","overlay-gradient":""}},"ast-content-background-meta":{"desktop":{"background-color":"var(--ast-global-color-5)","background-image":"","background-repeat":"repeat","background-position":"center center","background-size":"auto","background-attachment":"scroll","background-type":"","background-media":"","overlay-type":"","overlay-color":"","overlay-opacity":"","overlay-gradient":""},"tablet":{"background-color":"var(--ast-global-color-5)","background-image":"","background-repeat":"repeat","background-position":"center center","background-size":"auto","background-attachment":"scroll","background-type":"","background-media":"","overlay-type":"","overlay-color":"","overlay-opacity":"","overlay-gradient":""},"mobile":{"background-color":"var(--ast-global-color-5)","background-image":"","background-repeat":"repeat","background-position":"center center","background-size":"auto","background-attachment":"scroll","background-type":"","background-media":"","overlay-type":"","overlay-color":"","overlay-opacity":"","overlay-gradient":""}},"footnotes":""},"class_list":["post-26010","page","type-page","status-publish","hentry"],"_links":{"self":[{"href":"https:\/\/einfach-mehr-wissen.de\/hu\/wp-json\/wp\/v2\/pages\/26010","targetHints":{"allow":["GET"]}}],"collection":[{"href":"https:\/\/einfach-mehr-wissen.de\/hu\/wp-json\/wp\/v2\/pages"}],"about":[{"href":"https:\/\/einfach-mehr-wissen.de\/hu\/wp-json\/wp\/v2\/types\/page"}],"author":[{"embeddable":true,"href":"https:\/\/einfach-mehr-wissen.de\/hu\/wp-json\/wp\/v2\/users\/1"}],"replies":[{"embeddable":true,"href":"https:\/\/einfach-mehr-wissen.de\/hu\/wp-json\/wp\/v2\/comments?post=26010"}],"version-history":[{"count":6,"href":"https:\/\/einfach-mehr-wissen.de\/hu\/wp-json\/wp\/v2\/pages\/26010\/revisions"}],"predecessor-version":[{"id":27414,"href":"https:\/\/einfach-mehr-wissen.de\/hu\/wp-json\/wp\/v2\/pages\/26010\/revisions\/27414"}],"wp:attachment":[{"href":"https:\/\/einfach-mehr-wissen.de\/hu\/wp-json\/wp\/v2\/media?parent=26010"}],"curies":[{"name":"wp","href":"https:\/\/api.w.org\/{rel}","templated":true}]}}