{"id":25354,"date":"2022-07-01T08:27:51","date_gmt":"2022-07-01T08:27:51","guid":{"rendered":"https:\/\/einfach-mehr-wissen.de\/?page_id=25354"},"modified":"2022-10-06T09:08:36","modified_gmt":"2022-10-06T09:08:36","slug":"impressum","status":"publish","type":"page","link":"https:\/\/einfach-mehr-wissen.de\/it\/impressum\/","title":{"rendered":"Impronta"},"content":{"rendered":"<div data-elementor-type=\"wp-page\" data-elementor-id=\"25354\" class=\"elementor elementor-25354\" data-elementor-post-type=\"page\">\n\t\t\t\t\t\t<section class=\"elementor-section elementor-top-section elementor-element elementor-element-8746723 elementor-section-boxed elementor-section-height-default elementor-section-height-default\" data-id=\"8746723\" data-element_type=\"section\" data-e-type=\"section\">\n\t\t\t\t\t\t<div class=\"elementor-container elementor-column-gap-default\">\n\t\t\t\t\t<div class=\"elementor-column elementor-col-100 elementor-top-column elementor-element elementor-element-429ef65\" data-id=\"429ef65\" data-element_type=\"column\" data-e-type=\"column\">\n\t\t\t<div class=\"elementor-widget-wrap elementor-element-populated\">\n\t\t\t\t\t\t<div class=\"elementor-element elementor-element-8dc76a9 elementor-widget elementor-widget-text-editor\" data-id=\"8dc76a9\" data-element_type=\"widget\" data-e-type=\"widget\" data-widget_type=\"text-editor.default\">\n\t\t\t\t<div class=\"elementor-widget-container\">\n\t\t\t\t\t\t\t\t\t<p class=\"font_8\"><strong>Informazioni ai sensi del \u00a7 5 TMG<\/strong><\/p><p class=\"font_8\"><span class=\"wixGuard\">\u00e2<\/span>Lehrke Verlag GmbH<\/p><p class=\"font_8\">Isestra\u00dfe 49<\/p><p class=\"font_8\">20144 Amburgo<\/p><p class=\"font_8\">Registro commerciale: 99232<\/p><p class=\"font_8\">Tribunale del registro: Amburgo<\/p><p class=\"font_8\"><span class=\"wixGuard\">\u00e2<\/span><\/p><p class=\"font_8\">Rappresentato da:<\/p><p class=\"font_8\">Lehrke Verlag GmbH, rappresentato dall'amministratore delegato Matthias Lehrke<\/p><p class=\"font_8\">Contatto<\/p><p class=\"font_8\">Telefono: 040\/40 17 09-15<\/p><p class=\"font_8\">Fax: 040\/40 17 09-14<\/p><p class=\"font_8\">E-mail: mail(at)lehrke-verlag.de<\/p><p class=\"font_8\"><span class=\"wixGuard\">\u00e2<\/span><span class=\"wixGuard\">\u00e2<\/span><\/p><p class=\"font_8\"><strong>ID IVA<\/strong><\/p><p class=\"font_8\">Numero di identificazione dell'imposta sulle vendite ai sensi del \u00a7 27 a della legge tedesca sull'imposta sulle vendite:<\/p><p class=\"font_8\">DE251663150<\/p><p class=\"font_8\"><span class=\"wixGuard\">\u00e2<\/span><\/p><p class=\"font_8\"><strong>Risoluzione delle controversie nell'UE<\/strong><\/p><p class=\"font_8\"><span class=\"wixGuard\">\u00e2<\/span>La Commissione europea offre una piattaforma per la risoluzione delle controversie online (ODR):<\/p><p class=\"font_8\"><a href=\"https:\/\/ec.europa.eu\/consumers\/odr.\" target=\"_blank\" rel=\"noopener\" data-auto-recognition=\"true\">https:\/\/ec.europa.eu\/consumers\/odr.<\/a><\/p><p class=\"font_8\">Il nostro indirizzo e-mail \u00e8 riportato nel riquadro in alto.<\/p><p class=\"font_8\">Risoluzione delle controversie dei consumatori\/Consiglio arbitrale universale<\/p><p class=\"font_8\">Non siamo disposti o obbligati a partecipare a procedure di risoluzione delle controversie davanti a un collegio arbitrale dei consumatori.<\/p><p class=\"font_8\"><span class=\"wixGuard\">\u00e2<\/span><span class=\"wixGuard\">\u00e2<\/span><\/p><p class=\"font_8\"><strong>Responsabilit\u00e0 per i contenuti<\/strong><\/p><p class=\"font_8\"><span class=\"wixGuard\">\u00e2<\/span>In qualit\u00e0 di fornitore di servizi, siamo responsabili dei nostri contenuti su queste pagine in conformit\u00e0 alla legislazione generale ai sensi dell'articolo 7 (1) della legge tedesca sui media telematici (TMG). Tuttavia, ai sensi dei \u00a7\u00a7 8-10 TMG, non siamo obbligati, in qualit\u00e0 di fornitori di servizi, a monitorare le informazioni trasmesse o memorizzate da terzi o a indagare su circostanze che indicano un'attivit\u00e0 illegale.<\/p><p class=\"font_8\">L'obbligo di rimuovere o bloccare l'uso delle informazioni in conformit\u00e0 alle leggi generali rimane inalterato. Tuttavia, la responsabilit\u00e0 in questo senso \u00e8 possibile solo a partire dal momento in cui si viene a conoscenza di una violazione concreta. Se veniamo a conoscenza di violazioni corrispondenti, rimuoveremo immediatamente tali contenuti.<\/p><p class=\"font_8\"><span class=\"wixGuard\">\u00e2<\/span><span class=\"wixGuard\">\u00e2<\/span><\/p><p class=\"font_8\"><strong>Responsabilit\u00e0 per i link<\/strong><\/p><p class=\"font_8\"><span class=\"wixGuard\">\u00e2<\/span>La nostra offerta contiene link a siti web esterni di terzi, sui cui contenuti non abbiamo alcuna influenza.<\/p><p class=\"font_8\">Pertanto, non possiamo assumerci alcuna responsabilit\u00e0 per questi contenuti esterni. Il rispettivo fornitore o gestore delle pagine \u00e8 sempre responsabile del contenuto delle pagine collegate. Le pagine collegate sono state controllate per verificare eventuali violazioni legali al momento del collegamento. I contenuti illegali non erano riconoscibili al momento del collegamento.<\/p><p class=\"font_8\">Tuttavia, un controllo permanente dei contenuti delle pagine collegate non \u00e8 ragionevole senza prove concrete di una violazione della legge. Se veniamo a conoscenza di eventuali violazioni della legge, rimuoveremo immediatamente tali link.<\/p><p class=\"font_8\"><span class=\"wixGuard\">\u00e2<\/span><strong>Copyright<\/strong><\/p><p class=\"font_8\"><span class=\"wixGuard\">\u00e2<\/span>I contenuti e le opere create dagli operatori del sito su queste pagine sono soggetti alla legge tedesca sul diritto d'autore. La duplicazione, l'elaborazione, la distribuzione e qualsiasi tipo di sfruttamento al di fuori dei limiti della legge sul copyright richiedono il consenso scritto del rispettivo autore o creatore.<\/p><p class=\"font_8\">Download e copie di questa pagina sono consentiti solo per uso privato e non commerciale.<\/p><p class=\"font_8\">Nella misura in cui i contenuti di questa pagina non sono stati creati dal gestore, si rispettano i diritti d'autore di terzi. In particolare, i contenuti di terzi sono identificati come tali. Se tuttavia doveste venire a conoscenza di una violazione del copyright, vi preghiamo di informarci di conseguenza. Se veniamo a conoscenza di eventuali violazioni, rimuoveremo immediatamente tali contenuti.<\/p>\t\t\t\t\t\t\t\t<\/div>\n\t\t\t\t<\/div>\n\t\t\t\t\t<\/div>\n\t\t<\/div>\n\t\t\t\t\t<\/div>\n\t\t<\/section>\n\t\t\t\t<\/div>","protected":false},"excerpt":{"rendered":"<p>Angaben gem\u00e4\u00df \u00a7 5 TMG \u200bLehrke Verlag GmbH Isestra\u00dfe 49 20144 Hamburg Handelsregister: 99232 Registergericht: Hamburg \u200b Vertreten durch: Lehrke Verlag GmbH, vertreten durch den Gesch\u00e4ftsfu\u0308hrer Matthias Lehrke Kontakt Telefon: 040\/40 17 09-15 Telefax: 040\/40 17 09-14 E-Mail: mail(at)lehrke-verlag.de \u200b\u200b Umsatzsteuer-ID Umsatzsteuer-Identifikationsnummer gem\u00e4\u00df \u00a7 27 a Umsatzsteuergesetz: DE251663150 \u200b EU-Streitschlichtung \u200bDie Europ\u00e4ische Kommission stellt eine [&hellip;]<\/p>\n","protected":false},"author":1,"featured_media":0,"parent":0,"menu_order":0,"comment_status":"closed","ping_status":"closed","template":"","meta":{"site-sidebar-layout":"no-sidebar","site-content-layout":"page-builder","ast-site-content-layout":"default","site-content-style":"default","site-sidebar-style":"default","ast-global-header-display":"","ast-banner-title-visibility":"","ast-main-header-display":"","ast-hfb-above-header-display":"","ast-hfb-below-header-display":"","ast-hfb-mobile-header-display":"","site-post-title":"disabled","ast-breadcrumbs-content":"","ast-featured-img":"disabled","footer-sml-layout":"","ast-disable-related-posts":"","theme-transparent-header-meta":"","adv-header-id-meta":"","stick-header-meta":"","header-above-stick-meta":"","header-main-stick-meta":"","header-below-stick-meta":"","astra-migrate-meta-layouts":"default","ast-page-background-enabled":"default","ast-page-background-meta":{"desktop":{"background-color":"","background-image":"","background-repeat":"repeat","background-position":"center center","background-size":"auto","background-attachment":"scroll","background-type":"","background-media":"","overlay-type":"","overlay-color":"","overlay-opacity":"","overlay-gradient":""},"tablet":{"background-color":"","background-image":"","background-repeat":"repeat","background-position":"center center","background-size":"auto","background-attachment":"scroll","background-type":"","background-media":"","overlay-type":"","overlay-color":"","overlay-opacity":"","overlay-gradient":""},"mobile":{"background-color":"","background-image":"","background-repeat":"repeat","background-position":"center center","background-size":"auto","background-attachment":"scroll","background-type":"","background-media":"","overlay-type":"","overlay-color":"","overlay-opacity":"","overlay-gradient":""}},"ast-content-background-meta":{"desktop":{"background-color":"var(--ast-global-color-5)","background-image":"","background-repeat":"repeat","background-position":"center center","background-size":"auto","background-attachment":"scroll","background-type":"","background-media":"","overlay-type":"","overlay-color":"","overlay-opacity":"","overlay-gradient":""},"tablet":{"background-color":"var(--ast-global-color-5)","background-image":"","background-repeat":"repeat","background-position":"center center","background-size":"auto","background-attachment":"scroll","background-type":"","background-media":"","overlay-type":"","overlay-color":"","overlay-opacity":"","overlay-gradient":""},"mobile":{"background-color":"var(--ast-global-color-5)","background-image":"","background-repeat":"repeat","background-position":"center center","background-size":"auto","background-attachment":"scroll","background-type":"","background-media":"","overlay-type":"","overlay-color":"","overlay-opacity":"","overlay-gradient":""}},"footnotes":""},"class_list":["post-25354","page","type-page","status-publish","hentry"],"_links":{"self":[{"href":"https:\/\/einfach-mehr-wissen.de\/it\/wp-json\/wp\/v2\/pages\/25354","targetHints":{"allow":["GET"]}}],"collection":[{"href":"https:\/\/einfach-mehr-wissen.de\/it\/wp-json\/wp\/v2\/pages"}],"about":[{"href":"https:\/\/einfach-mehr-wissen.de\/it\/wp-json\/wp\/v2\/types\/page"}],"author":[{"embeddable":true,"href":"https:\/\/einfach-mehr-wissen.de\/it\/wp-json\/wp\/v2\/users\/1"}],"replies":[{"embeddable":true,"href":"https:\/\/einfach-mehr-wissen.de\/it\/wp-json\/wp\/v2\/comments?post=25354"}],"version-history":[{"count":13,"href":"https:\/\/einfach-mehr-wissen.de\/it\/wp-json\/wp\/v2\/pages\/25354\/revisions"}],"predecessor-version":[{"id":27447,"href":"https:\/\/einfach-mehr-wissen.de\/it\/wp-json\/wp\/v2\/pages\/25354\/revisions\/27447"}],"wp:attachment":[{"href":"https:\/\/einfach-mehr-wissen.de\/it\/wp-json\/wp\/v2\/media?parent=25354"}],"curies":[{"name":"wp","href":"https:\/\/api.w.org\/{rel}","templated":true}]}}