{"id":25400,"date":"2022-07-01T09:03:49","date_gmt":"2022-07-01T09:03:49","guid":{"rendered":"https:\/\/einfach-mehr-wissen.de\/?page_id=25400"},"modified":"2022-10-06T09:09:25","modified_gmt":"2022-10-06T09:09:25","slug":"agb-kundeninformationen","status":"publish","type":"page","link":"https:\/\/einfach-mehr-wissen.de\/it\/agb-kundeninformationen\/","title":{"rendered":"AGB e informazioni sui clienti"},"content":{"rendered":"<p>Di seguito sono riportate le condizioni generali di Lehrke Verlag e le informazioni per i clienti. Le abbiamo scritte in una forma il pi\u00f9 possibile comprensibile per voi.<\/p>\n\n\n\n<p>Se avete ancora domande, contattateci via e-mail (mail(at)lehrke-verlag.de).<\/p>\n\n\n\n<p>\u00e2<\/p>\n\n\n\n<p><strong>Termini e condizioni generali con informazioni per i clienti<\/strong><\/p>\n\n\n\n<p><strong>Indice dei contenuti<\/strong><\/p>\n\n\n\n<ol class=\"wp-block-list\"><li>Ambito di applicazione<\/li><li>Conclusione del contratto<\/li><li>Diritto di recesso<\/li><li>Prezzi e condizioni di pagamento<\/li><li>Condizioni di consegna e spedizione<\/li><li>Mantenimento del titolo<\/li><li>Responsabilit\u00e0 per difetti (garanzia)<\/li><li>Condizioni speciali per la lavorazione delle merci in base a determinate specifiche del cliente<\/li><li>Legge applicabile<\/li><li>Luogo di giurisdizione<\/li><li>Risoluzione alternativa delle controversie<\/li><\/ol>\n\n\n\n<p><strong>1. ambito di applicazione<\/strong><\/p>\n\n\n\n<p><strong>\u00e2<\/strong><\/p>\n\n\n\n<p>1.1 Le presenti condizioni generali di contratto (di seguito denominate \"CG\") della societ\u00e0 Lehrke Verlag (di seguito denominata \"Venditore\") si applicano a tutti i contratti stipulati tra un consumatore o un commerciante (di seguito denominato \"Cliente\") e il Venditore in relazione a tutti i beni e\/o servizi presentati nel negozio online del Venditore. L'inclusione dei termini e delle condizioni del Cliente stesso \u00e8 rifiutata, se non diversamente concordato.<\/p>\n\n\n\n<p>\u00e2<\/p>\n\n\n\n<p>1.2 Le presenti CG si applicano di conseguenza ai contratti per la consegna di buoni, se non diversamente stabilito in modo esplicito.<\/p>\n\n\n\n<p>\u00e2<\/p>\n\n\n\n<p>1.3 Per consumatore ai sensi delle presenti CGC si intende qualsiasi persona fisica che stipuli un negozio giuridico per scopi prevalentemente non commerciali o di lavoro autonomo. Un imprenditore ai sensi delle presenti CGV \u00e8 una persona fisica o giuridica o una societ\u00e0 di persone giuridicamente capace che, nel concludere un negozio giuridico, agisce nell'esercizio della propria attivit\u00e0 commerciale o professionale indipendente.<\/p>\n\n\n\n<p><strong>2 Conclusione del contratto<\/strong><\/p>\n\n\n\n<p><strong>\u00e2<\/strong><\/p>\n\n\n\n<p>2.1 Le descrizioni dei prodotti contenute nel negozio online del Venditore non costituiscono offerte vincolanti da parte del Venditore, ma servono per la presentazione di un'offerta vincolante da parte del cliente.<\/p>\n\n\n\n<p>\u00e2<\/p>\n\n\n\n<p>2.2 Il cliente pu\u00f2 presentare l'offerta tramite il modulo d'ordine online integrato nel negozio online del venditore. Dopo aver inserito la merce selezionata nel carrello virtuale e aver effettuato il processo di ordinazione elettronica, il cliente presenta un'offerta contrattuale giuridicamente vincolante in relazione alla merce contenuta nel carrello cliccando sul pulsante che conclude il processo di ordinazione. Inoltre, il cliente pu\u00f2 presentare l'offerta al venditore anche per telefono, fax, e-mail, posta o modulo di contatto online.<\/p>\n\n\n\n<p>\u00e2<\/p>\n\n\n\n<p>2.3 Il venditore pu\u00f2 accettare l'offerta del cliente entro cinque giorni,<\/p>\n\n\n\n<ul class=\"wp-block-list\"><li>inviando al cliente una conferma d'ordine scritta o una conferma d'ordine in forma testuale (fax o e-mail), nel qual caso \u00e8 determinante la ricezione della conferma d'ordine da parte del cliente, oppure<\/li><li>consegnando al cliente la merce ordinata, nel qual caso \u00e8 determinante il ricevimento della merce da parte del cliente, oppure richiedendo il pagamento al cliente dopo che questi ha effettuato l'ordine.<\/li><\/ul>\n\n\n\n<p>Se esistono pi\u00f9 alternative, il contratto viene stipulato nel momento in cui una di esse si verifica per prima. Il termine per l'accettazione dell'offerta inizia il giorno successivo all'invio dell'offerta da parte del cliente e termina con la scadenza del quinto giorno successivo all'invio dell'offerta. Se il venditore non accetta l'offerta del cliente entro il suddetto termine, ci\u00f2 viene considerato come un rifiuto dell'offerta con la conseguenza che il cliente non \u00e8 pi\u00f9 vincolato dalla sua dichiarazione d'intenti.<\/p>\n\n\n\n<p>\u00e2<\/p>\n\n\n\n<p>2.4 Quando si invia un'offerta tramite il modulo d'ordine online del Venditore, il testo del contratto sar\u00e0 memorizzato dal Venditore dopo la conclusione del contratto e trasmesso al cliente in forma di testo (ad esempio, e-mail, fax o lettera) dopo l'invio dell'ordine del cliente. Il venditore non rende disponibile il testo del contratto oltre a questo. Se il cliente ha creato un account utente nel negozio online del venditore prima di inviare l'ordine, i dati dell'ordine saranno archiviati sul sito web del venditore e potranno essere consultati gratuitamente dal cliente tramite il suo account utente protetto da password, fornendo i relativi dati di accesso.<\/p>\n\n\n\n<p>\u00e2<\/p>\n\n\n\n<p>2.5 Prima di inviare un ordine vincolante tramite il modulo d'ordine online del venditore, il cliente pu\u00f2 individuare eventuali errori di inserimento leggendo attentamente le informazioni visualizzate sullo schermo. Un mezzo tecnico efficace per riconoscere meglio gli errori di inserimento pu\u00f2 essere la funzione di zoom del browser, con la quale si ingrandisce la visualizzazione sullo schermo. Il cliente pu\u00f2 correggere le proprie voci durante il processo di ordinazione elettronica utilizzando le consuete funzioni della tastiera e del mouse fino a quando non clicca sul pulsante che completa il processo di ordinazione.<\/p>\n\n\n\n<p>\u00e2<\/p>\n\n\n\n<p>2.6 Per la conclusione del contratto \u00e8 disponibile solo la lingua tedesca.<\/p>\n\n\n\n<p>\u00e2<\/p>\n\n\n\n<p>2.7 L'elaborazione dell'ordine e il contatto avvengono solitamente via e-mail e tramite l'elaborazione automatica dell'ordine. Il cliente deve assicurarsi che l'indirizzo e-mail fornito per l'elaborazione dell'ordine sia corretto, in modo che le e-mail inviate dal venditore possano essere ricevute a tale indirizzo. In particolare, quando utilizza i filtri SPAM, il cliente deve assicurarsi che tutte le e-mail inviate dal venditore o da terzi incaricati dal venditore per l'elaborazione dell'ordine possano essere recapitate.<\/p>\n\n\n\n<p>\u00e2<\/p>\n\n\n\n<p><strong>3. diritto di recesso<\/strong><\/p>\n\n\n\n<p>\u00e2<\/p>\n\n\n\n<p>3.1 I consumatori hanno generalmente diritto a un diritto di recesso.<\/p>\n\n\n\n<p>\u00e2<\/p>\n\n\n\n<p>3.2 Informazioni pi\u00f9 dettagliate sul diritto di recesso sono contenute nelle istruzioni per il recesso del venditore.<\/p>\n\n\n\n<p>\u00e2<\/p>\n\n\n\n<p>3.3 Il diritto di recesso non si applica ai consumatori che non appartengono a uno Stato membro dell'Unione Europea al momento della conclusione del contratto e il cui unico luogo di residenza e indirizzo di consegna si trovano al di fuori dell'Unione Europea al momento della conclusione del contratto.<\/p>\n\n\n\n<p>\u00e2<\/p>\n\n\n\n<p><strong>4. prezzi e condizioni di pagamento<\/strong><\/p>\n\n\n\n<p><strong>\u00e2<\/strong><\/p>\n\n\n\n<p>4.1 Se non diversamente indicato nella descrizione del prodotto del Venditore, i prezzi indicati sono prezzi totali che includono l'imposta sul valore aggiunto prevista dalla legge. Eventuali costi aggiuntivi di consegna e spedizione saranno indicati separatamente nella descrizione del prodotto.<\/p>\n\n\n\n<p>\u00e2<\/p>\n\n\n\n<p>4.2 Nel caso di consegne in paesi al di fuori dell'Unione Europea, in singoli casi possono sorgere ulteriori costi per i quali il venditore non \u00e8 responsabile e che sono a carico del cliente. Questi includono, ad esempio, i costi per il trasferimento di fondi da parte degli istituti di credito (ad esempio, commissioni di trasferimento, commissioni di cambio) o i dazi o le tasse di importazione (ad esempio, i dazi doganali). Tali costi possono essere sostenuti anche in relazione al trasferimento di fondi se la consegna non viene effettuata in un paese al di fuori dell'Unione Europea, ma il cliente effettua il pagamento da un paese al di fuori dell'Unione Europea.<\/p>\n\n\n\n<p>\u00e2<\/p>\n\n\n\n<p>4.3 Il cliente sar\u00e0 informato delle opzioni di pagamento nel negozio online del venditore.<\/p>\n\n\n\n<p>\u00e2<\/p>\n\n\n\n<p>4.4 Se \u00e8 stato concordato il pagamento anticipato tramite bonifico bancario, il pagamento sar\u00e0 dovuto immediatamente dopo la conclusione del contratto, a meno che le parti non abbiano concordato una data di scadenza successiva.<\/p>\n\n\n\n<p>\u00e2<\/p>\n\n\n\n<p>4.5 Se il pagamento viene effettuato tramite un metodo di pagamento offerto da PayPal, il pagamento viene elaborato tramite il fornitore di servizi di pagamento PayPal (Europe) S.\u00e0 r.l. et Cie, S.C.A., 22-24 Boulevard Royal, L-2449 Lussemburgo (di seguito: \"PayPal\"), in base alle Condizioni d'uso di PayPal, che possono essere visualizzate su&nbsp;<a href=\"https:\/\/www.paypal.com\/de\/webapps\/mpp\/ua\/useragreement-full\" target=\"_blank\" rel=\"noreferrer noopener\">https:\/\/www.paypal.com\/de\/webapps\/mpp\/ua\/useragreement-full<\/a>&nbsp;o &#8211; se il cliente non dispone di un conto PayPal &#8211; in base ai termini e alle condizioni per i pagamenti senza conto PayPal, consultabili all'indirizzo&nbsp;<a href=\"https:\/\/www.paypal.com\/de\/webapps\/mpp\/ua\/privacywax-full.\" target=\"_blank\" rel=\"noreferrer noopener\">https:\/\/www.paypal.com\/de\/webapps\/mpp\/ua\/privacywax-full.<\/a><\/p>\n\n\n\n<p>\u00e2<\/p>\n\n\n\n<p>4.6 Se viene selezionata la modalit\u00e0 di pagamento \"SOFORT\", il pagamento viene effettuato tramite il fornitore di servizi di pagamento SOFORT GmbH, Theresienh\u00f6he 12, 80339 Monaco (di seguito \"SOFORT\"). Per poter pagare l'importo della fattura tramite \"SOFORT\", il cliente deve disporre di un conto bancario online attivato per la partecipazione a \"SOFORT\", legittimarsi di conseguenza durante il processo di pagamento e confermare l'istruzione di pagamento a \"SOFORT\". L'operazione di pagamento viene immediatamente eseguita da \"SOFORT\" e il conto bancario del cliente viene addebitato. Il cliente pu\u00f2 trovare ulteriori informazioni sul metodo di pagamento \"SOFORT\" su Internet all'indirizzo&nbsp;<a href=\"https:\/\/www.klarna.com\/sofort\/\" target=\"_blank\" rel=\"noreferrer noopener\">https:\/\/www.klarna.com\/sofort\/<\/a>&nbsp;recuperare.<\/p>\n\n\n\n<p>\u00e2<\/p>\n\n\n\n<p>4.7 Se si sceglie la modalit\u00e0 di pagamento acquisto in conto, il prezzo di acquisto diventa esigibile dopo la consegna e la fatturazione della merce. In questo caso, il prezzo d'acquisto dovr\u00e0 essere pagato entro 14 (quattordici) giorni dal ricevimento della fattura senza alcuna deduzione, se non diversamente concordato. Il venditore si riserva il diritto di offrire il metodo di pagamento acquisto in conto corrente solo fino a un determinato volume di ordini e di rifiutare questo metodo di pagamento se il volume di ordini specificato viene superato. In questo caso, il venditore informer\u00e0 il cliente di una corrispondente restrizione di pagamento nei suoi dati di pagamento nel negozio online. Inoltre, il venditore si riserva il diritto di effettuare una verifica della solvibilit\u00e0 al momento della selezione del metodo di pagamento dell'acquisto in conto e di rifiutare tale metodo di pagamento in caso di verifica negativa della solvibilit\u00e0.<\/p>\n\n\n\n<p>\u00e2<\/p>\n\n\n\n<p><strong>5. condizioni di consegna e spedizione<\/strong><\/p>\n\n\n\n<p>5.1 La consegna della merce avverr\u00e0 tramite spedizione all'indirizzo di consegna fornito dal cliente, salvo che non sia stato concordato diversamente. L'indirizzo di consegna indicato nell'elaborazione dell'ordine del Venditore \u00e8 determinante per l'elaborazione della transazione.<\/p>\n\n\n\n<p>\u00e2<\/p>\n\n\n\n<p>5.2 Se l'azienda di trasporto restituisce al venditore la merce spedita perch\u00e9 la consegna al cliente non \u00e8 stata possibile, il cliente dovr\u00e0 sostenere i costi della spedizione non andata a buon fine. Ci\u00f2 non si applica se il cliente non \u00e8 responsabile della circostanza che ha portato all'impossibilit\u00e0 di consegna o se \u00e8 stato temporaneamente impossibilitato ad accettare il servizio offerto, a meno che il venditore non gli abbia dato un ragionevole preavviso del servizio. Inoltre, ci\u00f2 non si applica ai costi di restituzione se il cliente esercita effettivamente il suo diritto di recesso. In caso di esercizio effettivo del diritto di recesso da parte del cliente, alle spese di restituzione si applicheranno le disposizioni contenute nelle istruzioni del venditore in materia di recesso.<\/p>\n\n\n\n<p>\u00e2<\/p>\n\n\n\n<p>5.3 L'auto-ritiro non \u00e8 possibile per motivi logistici.<\/p>\n\n\n\n<p>\u00e2<\/p>\n\n\n\n<p><strong>6. riserva di propriet\u00e0<\/strong><\/p>\n\n\n\n<p><strong>\u00e2<\/strong><\/p>\n\n\n\n<p>Se il venditore effettua un pagamento anticipato, conserva la propriet\u00e0 della merce consegnata fino al completo pagamento del prezzo di acquisto dovuto.<\/p>\n\n\n\n<p>\u00e2<\/p>\n\n\n\n<p><strong>7. responsabilit\u00e0 per difetti (garanzia)<\/strong><\/p>\n\n\n\n<p><strong>\u00e2<\/strong><\/p>\n\n\n\n<p>7.1 Se l'articolo acquistato \u00e8 difettoso, si applicano le disposizioni della responsabilit\u00e0 legale per i difetti.<\/p>\n\n\n\n<p>\u00e2<\/p>\n\n\n\n<p>7.2 Il cliente \u00e8 pregato di reclamare al corriere la merce consegnata con evidenti danni da trasporto e di informarne il venditore. Se il cliente non lo fa, ci\u00f2 non avr\u00e0 alcun effetto sui suoi diritti legali o contrattuali per i difetti.<\/p>\n\n\n\n<p>\u00e2<\/p>\n\n\n\n<p><strong>8. condizioni speciali per la lavorazione delle merci in base a determinate specifiche del cliente<\/strong><\/p>\n\n\n\n<p><strong>\u00e2<\/strong><\/p>\n\n\n\n<p>8.1 Se, in base al contenuto del contratto, il venditore, oltre alla consegna della merce, deve anche la lavorazione della merce secondo determinate specifiche del cliente, il cliente deve fornire al gestore tutti i contenuti necessari per la lavorazione, come testi, immagini o grafici nei formati di file, nella formattazione, nell'immagine e nelle dimensioni dei file specificati dal gestore e concedergli i diritti d'uso necessari per questo. Il cliente \u00e8 l'unico responsabile del reperimento e dell'acquisizione dei diritti su questi contenuti. Il cliente dichiara e si assume la responsabilit\u00e0 di avere il diritto di utilizzare i contenuti forniti al venditore. In particolare, dovr\u00e0 garantire che non vengano violati i diritti di terzi, in particolare i diritti d'autore, i diritti di marchio e i diritti personali.<\/p>\n\n\n\n<p>\u00e2<\/p>\n\n\n\n<p>8.2 Il cliente \u00e8 tenuto a risarcire il venditore per le rivendicazioni di terzi che possono essere fatte valere nei confronti del venditore in relazione a una violazione dei loro diritti a causa dell'utilizzo contrattuale dei contenuti del cliente. Il cliente dovr\u00e0 inoltre sostenere i costi ragionevoli della necessaria difesa legale, comprese tutte le spese processuali e gli onorari degli avvocati nella misura prevista dalla legge. Ci\u00f2 non vale se il cliente non \u00e8 responsabile della violazione. In caso di reclamo da parte di terzi, il cliente \u00e8 tenuto a fornire al venditore immediatamente, in modo veritiero e completo, tutte le informazioni necessarie per l'esame dei reclami e la difesa.<\/p>\n\n\n\n<p>\u00e2<\/p>\n\n\n\n<p>8.3 Il venditore si riserva il diritto di rifiutare l'elaborazione degli ordini se il contenuto fornito dal cliente a tale scopo viola divieti legali o ufficiali o offende il buon costume. Ci\u00f2 vale in particolare per la fornitura di contenuti anticostituzionali, razzisti, xenofobi, discriminatori, offensivi, pericolosi per i giovani e\/o che esaltano la violenza.<\/p>\n\n\n\n<p>\u00e2<\/p>\n\n\n\n<p><strong>9 Legge applicabile<\/strong><\/p>\n\n\n\n<p>\u00e2<\/p>\n\n\n\n<p>9.1 Tutti i rapporti giuridici tra le parti saranno disciplinati dal diritto della Repubblica Federale di Germania, ad esclusione delle leggi sulla vendita internazionale di beni mobili. Nel caso dei consumatori, questa scelta di legge si applica solo nella misura in cui la protezione concessa non \u00e8 revocata da disposizioni imperative della legge del paese in cui il consumatore ha la sua residenza abituale.<\/p>\n\n\n\n<p>\u00e2<\/p>\n\n\n\n<p>9.2 Inoltre, questa scelta di legge per quanto riguarda il diritto di recesso legale non si applica ai consumatori che non appartengono a uno Stato membro dell'Unione Europea al momento della conclusione del contratto e il cui unico luogo di residenza e indirizzo di consegna si trovano al di fuori dell'Unione Europea al momento della conclusione del contratto.<\/p>\n\n\n\n<p>\u00e2<\/p>\n\n\n\n<p><strong>10. luogo di giurisdizione<\/strong><\/p>\n\n\n\n<p>\u00e2<\/p>\n\n\n\n<p>Se il cliente \u00e8 un commerciante, una persona giuridica di diritto pubblico o un fondo speciale di diritto pubblico con sede legale nel territorio della Repubblica Federale di Germania, il foro competente esclusivo per tutte le controversie derivanti dal presente contratto sar\u00e0 la sede del venditore. Se il cliente \u00e8 domiciliato al di fuori del territorio della Repubblica Federale di Germania, la sede del venditore sar\u00e0 il foro competente esclusivo per tutte le controversie derivanti dal presente contratto, se il contratto o le pretese derivanti dal contratto sono riconducibili all'attivit\u00e0 professionale o commerciale del cliente. Nei casi sopra citati, tuttavia, il venditore ha in ogni caso il diritto di ricorrere al tribunale presso la sede del cliente.<br>&nbsp;<\/p>\n\n\n\n<p><strong>11. risoluzione alternativa delle controversie<\/strong><\/p>\n\n\n\n<p><strong>\u00e2<\/strong><\/p>\n\n\n\n<p>11.1 La Commissione europea mette a disposizione una piattaforma per la risoluzione delle controversie online su Internet al seguente link:&nbsp;<a href=\"https:\/\/ec.europa.eu\/consumers\/odr\" target=\"_blank\" rel=\"noreferrer noopener\">https:\/\/ec.europa.eu\/consumers\/odr<\/a><\/p>\n\n\n\n<p>Questa piattaforma funge da punto di contatto per la risoluzione extragiudiziale delle controversie derivanti da contratti di acquisto o di servizio online che coinvolgono un consumatore.<\/p>\n\n\n\n<p>\u00e2<\/p>\n\n\n\n<p>11.2 Il Venditore non \u00e8 obbligato n\u00e9 disposto a partecipare a una procedura di risoluzione delle controversie davanti a un collegio arbitrale dei consumatori.<\/p>\n\n\n\n<p>\u00e2<\/p>","protected":false},"excerpt":{"rendered":"<p>Im Folgenden finden Sie die Allgemeinen Gesch\u00e4ftsbedingungen vom Lehrke Verlag&nbsp; sowie Kundeninformationen. Wir haben diese in einer f\u00fcr Sie m\u00f6glichst verst\u00e4ndlichen Form verfasst. Sollten Sie dennoch eine Frage haben, kontaktieren Sie uns gerne per E-Mail (mail(at)lehrke-verlag.de). \u200b Allgemeine Gesch\u00e4ftsbedingungen mit Kundeninformationen Inhaltsverzeichnis Geltungsbereich Vertragsschluss Widerrufsrecht Preise und Zahlungsbedingungen Liefer- und Versandbedingungen Eigentumsvorbehalt M\u00e4ngelhaftung (Gew\u00e4hrleistung) Besondere [&hellip;]<\/p>\n","protected":false},"author":1,"featured_media":0,"parent":0,"menu_order":0,"comment_status":"closed","ping_status":"closed","template":"","meta":{"site-sidebar-layout":"default","site-content-layout":"","ast-site-content-layout":"default","site-content-style":"default","site-sidebar-style":"default","ast-global-header-display":"","ast-banner-title-visibility":"","ast-main-header-display":"","ast-hfb-above-header-display":"","ast-hfb-below-header-display":"","ast-hfb-mobile-header-display":"","site-post-title":"","ast-breadcrumbs-content":"","ast-featured-img":"","footer-sml-layout":"","ast-disable-related-posts":"","theme-transparent-header-meta":"","adv-header-id-meta":"","stick-header-meta":"","header-above-stick-meta":"","header-main-stick-meta":"","header-below-stick-meta":"","astra-migrate-meta-layouts":"default","ast-page-background-enabled":"default","ast-page-background-meta":{"desktop":{"background-color":"","background-image":"","background-repeat":"repeat","background-position":"center center","background-size":"auto","background-attachment":"scroll","background-type":"","background-media":"","overlay-type":"","overlay-color":"","overlay-opacity":"","overlay-gradient":""},"tablet":{"background-color":"","background-image":"","background-repeat":"repeat","background-position":"center center","background-size":"auto","background-attachment":"scroll","background-type":"","background-media":"","overlay-type":"","overlay-color":"","overlay-opacity":"","overlay-gradient":""},"mobile":{"background-color":"","background-image":"","background-repeat":"repeat","background-position":"center center","background-size":"auto","background-attachment":"scroll","background-type":"","background-media":"","overlay-type":"","overlay-color":"","overlay-opacity":"","overlay-gradient":""}},"ast-content-background-meta":{"desktop":{"background-color":"var(--ast-global-color-5)","background-image":"","background-repeat":"repeat","background-position":"center center","background-size":"auto","background-attachment":"scroll","background-type":"","background-media":"","overlay-type":"","overlay-color":"","overlay-opacity":"","overlay-gradient":""},"tablet":{"background-color":"var(--ast-global-color-5)","background-image":"","background-repeat":"repeat","background-position":"center center","background-size":"auto","background-attachment":"scroll","background-type":"","background-media":"","overlay-type":"","overlay-color":"","overlay-opacity":"","overlay-gradient":""},"mobile":{"background-color":"var(--ast-global-color-5)","background-image":"","background-repeat":"repeat","background-position":"center center","background-size":"auto","background-attachment":"scroll","background-type":"","background-media":"","overlay-type":"","overlay-color":"","overlay-opacity":"","overlay-gradient":""}},"footnotes":""},"class_list":["post-25400","page","type-page","status-publish","hentry"],"_links":{"self":[{"href":"https:\/\/einfach-mehr-wissen.de\/it\/wp-json\/wp\/v2\/pages\/25400","targetHints":{"allow":["GET"]}}],"collection":[{"href":"https:\/\/einfach-mehr-wissen.de\/it\/wp-json\/wp\/v2\/pages"}],"about":[{"href":"https:\/\/einfach-mehr-wissen.de\/it\/wp-json\/wp\/v2\/types\/page"}],"author":[{"embeddable":true,"href":"https:\/\/einfach-mehr-wissen.de\/it\/wp-json\/wp\/v2\/users\/1"}],"replies":[{"embeddable":true,"href":"https:\/\/einfach-mehr-wissen.de\/it\/wp-json\/wp\/v2\/comments?post=25400"}],"version-history":[{"count":4,"href":"https:\/\/einfach-mehr-wissen.de\/it\/wp-json\/wp\/v2\/pages\/25400\/revisions"}],"predecessor-version":[{"id":30764,"href":"https:\/\/einfach-mehr-wissen.de\/it\/wp-json\/wp\/v2\/pages\/25400\/revisions\/30764"}],"wp:attachment":[{"href":"https:\/\/einfach-mehr-wissen.de\/it\/wp-json\/wp\/v2\/media?parent=25400"}],"curies":[{"name":"wp","href":"https:\/\/api.w.org\/{rel}","templated":true}]}}