{"id":25354,"date":"2022-07-01T08:27:51","date_gmt":"2022-07-01T08:27:51","guid":{"rendered":"https:\/\/einfach-mehr-wissen.de\/?page_id=25354"},"modified":"2022-10-06T09:08:36","modified_gmt":"2022-10-06T09:08:36","slug":"impressum","status":"publish","type":"page","link":"https:\/\/einfach-mehr-wissen.de\/pl\/impressum\/","title":{"rendered":"Nadruk"},"content":{"rendered":"<div data-elementor-type=\"wp-page\" data-elementor-id=\"25354\" class=\"elementor elementor-25354\" data-elementor-post-type=\"page\">\n\t\t\t\t\t\t<section class=\"elementor-section elementor-top-section elementor-element elementor-element-8746723 elementor-section-boxed elementor-section-height-default elementor-section-height-default\" data-id=\"8746723\" data-element_type=\"section\" data-e-type=\"section\">\n\t\t\t\t\t\t<div class=\"elementor-container elementor-column-gap-default\">\n\t\t\t\t\t<div class=\"elementor-column elementor-col-100 elementor-top-column elementor-element elementor-element-429ef65\" data-id=\"429ef65\" data-element_type=\"column\" data-e-type=\"column\">\n\t\t\t<div class=\"elementor-widget-wrap elementor-element-populated\">\n\t\t\t\t\t\t<div class=\"elementor-element elementor-element-8dc76a9 elementor-widget elementor-widget-text-editor\" data-id=\"8dc76a9\" data-element_type=\"widget\" data-e-type=\"widget\" data-widget_type=\"text-editor.default\">\n\t\t\t\t<div class=\"elementor-widget-container\">\n\t\t\t\t\t\t\t\t\t<p class=\"font_8\"><strong>Informacje zgodnie z \u00a7 5 TMG<\/strong><\/p><p class=\"font_8\"><span class=\"wixGuard\">\u200b<\/span>Lehrke Verlag GmbH<\/p><p class=\"font_8\">Isestra\u00dfe 49<\/p><p class=\"font_8\">20144 Hamburg<\/p><p class=\"font_8\">Rejestr handlowy: 99232<\/p><p class=\"font_8\">S\u0105d rejestrowy: Hamburg<\/p><p class=\"font_8\"><span class=\"wixGuard\">\u200b<\/span><\/p><p class=\"font_8\">Reprezentowany przez:<\/p><p class=\"font_8\">Lehrke Verlag GmbH, reprezentowane przez dyrektora zarz\u0105dzaj\u0105cego Matthiasa Lehrke<\/p><p class=\"font_8\">Kontakt<\/p><p class=\"font_8\">Telefon: 040\/40 17 09-15<\/p><p class=\"font_8\">Faks: 040\/40 17 09-14<\/p><p class=\"font_8\">E-mail: mail(at)lehrke-verlag.de<\/p><p class=\"font_8\"><span class=\"wixGuard\">\u200b<\/span><span class=\"wixGuard\">\u200b<\/span><\/p><p class=\"font_8\"><strong>NIP<\/strong><\/p><p class=\"font_8\">Numer identyfikacyjny podatku od sprzeda\u017cy zgodnie z \u00a7 27 a Umsatzsteuergesetz:<\/p><p class=\"font_8\">DE251663150<\/p><p class=\"font_8\"><span class=\"wixGuard\">\u200b<\/span><\/p><p class=\"font_8\"><strong>Rozwi\u0105zywanie spor\u00f3w w UE<\/strong><\/p><p class=\"font_8\"><span class=\"wixGuard\">\u200b<\/span>Komisja Europejska udost\u0119pnia platform\u0119 do rozwi\u0105zywania spor\u00f3w online (ODR):<\/p><p class=\"font_8\"><a href=\"https:\/\/ec.europa.eu\/consumers\/odr.\" target=\"_blank\" rel=\"noopener\" data-auto-recognition=\"true\">https:\/\/ec.europa.eu\/consumers\/odr.<\/a><\/p><p class=\"font_8\">Nasz adres e-mail znajdziesz w nadruku powy\u017cej.<\/p><p class=\"font_8\">Rozstrzyganie spor\u00f3w konsumenckich\/uniwersalna komisja arbitra\u017cowa<\/p><p class=\"font_8\">Nie mamy ochoty ani obowi\u0105zku uczestniczy\u0107 w post\u0119powaniu w sprawie rozstrzygania spor\u00f3w przed polubownym s\u0105dem konsumenckim.<\/p><p class=\"font_8\"><span class=\"wixGuard\">\u200b<\/span><span class=\"wixGuard\">\u200b<\/span><\/p><p class=\"font_8\"><strong>Odpowiedzialno\u015b\u0107 za zawarto\u015b\u0107<\/strong><\/p><p class=\"font_8\"><span class=\"wixGuard\">\u200b<\/span>Jako us\u0142ugodawca jeste\u015bmy odpowiedzialni za w\u0142asne tre\u015bci na tych stronach zgodnie z og\u00f3lnymi przepisami \u00a7 7 ust. 1 niemieckiej ustawy o telemediach (TMG). Zgodnie z \u00a7\u00a7 8 do 10 TMG nie jeste\u015bmy jednak zobowi\u0105zani jako us\u0142ugodawca do monitorowania przesy\u0142anych lub przechowywanych informacji os\u00f3b trzecich ani do badania okoliczno\u015bci wskazuj\u0105cych na nielegaln\u0105 dzia\u0142alno\u015b\u0107.<\/p><p class=\"font_8\">Zobowi\u0105zania do usuni\u0119cia lub zablokowania wykorzystania informacji zgodnie z og\u00f3lnymi przepisami prawa pozostaj\u0105 nienaruszone. Odpowiedzialno\u015b\u0107 w tym zakresie jest jednak mo\u017cliwa dopiero od momentu powzi\u0119cia wiadomo\u015bci o konkretnym naruszeniu. Je\u015bli dowiemy si\u0119 o odpowiednich naruszeniach, natychmiast usuniemy te tre\u015bci.<\/p><p class=\"font_8\"><span class=\"wixGuard\">\u200b<\/span><span class=\"wixGuard\">\u200b<\/span><\/p><p class=\"font_8\"><strong>Odpowiedzialno\u015b\u0107 za linki<\/strong><\/p><p class=\"font_8\"><span class=\"wixGuard\">\u200b<\/span>Nasza oferta zawiera linki do zewn\u0119trznych stron internetowych os\u00f3b trzecich, na kt\u00f3rych tre\u015b\u0107 nie mamy wp\u0142ywu.<\/p><p class=\"font_8\">Dlatego nie mo\u017cemy przej\u0105\u0107 \u017cadnej odpowiedzialno\u015bci za te zewn\u0119trzne tre\u015bci. Za tre\u015b\u0107 stron, do kt\u00f3rych prowadz\u0105 linki, odpowiada zawsze dany oferent lub operator tych stron. Podlinkowane strony zosta\u0142y sprawdzone pod k\u0105tem ewentualnych narusze\u0144 prawa w momencie umieszczania link\u00f3w. Nielegalne tre\u015bci nie by\u0142y rozpoznawalne w momencie linkowania.<\/p><p class=\"font_8\">Jednak sta\u0142a kontrola zawarto\u015bci linkowanych stron nie jest zasadna bez konkretnych dowod\u00f3w na naruszenie prawa. W przypadku powzi\u0119cia informacji o naruszeniu prawa, niezw\u0142ocznie usuniemy takie linki.<\/p><p class=\"font_8\"><span class=\"wixGuard\">\u200b<\/span><strong>Copyright<\/strong><\/p><p class=\"font_8\"><span class=\"wixGuard\">\u200b<\/span>Tre\u015bci i dzie\u0142a stworzone przez operator\u00f3w stron na tych stronach podlegaj\u0105 niemieckiemu prawu autorskiemu. Powielanie, przetwarzanie, rozpowszechnianie i wszelkiego rodzaju wykorzystywanie poza granicami prawa autorskiego wymaga pisemnej zgody danego autora lub tw\u00f3rcy.<\/p><p class=\"font_8\">Pobieranie i kopiowanie tej strony jest dozwolone tylko do prywatnego, niekomercyjnego u\u017cytku.<\/p><p class=\"font_8\">O ile tre\u015bci na tej stronie nie zosta\u0142y stworzone przez operatora, przestrzegane s\u0105 prawa autorskie os\u00f3b trzecich. W szczeg\u00f3lno\u015bci tre\u015bci os\u00f3b trzecich s\u0105 oznaczone jako takie. Je\u015bli mimo to dowiedz\u0105 si\u0119 Pa\u0144stwo o naruszeniu praw autorskich, prosimy o poinformowanie nas o tym. Je\u015bli dowiemy si\u0119 o jakichkolwiek naruszeniach, natychmiast usuniemy takie tre\u015bci.<\/p>\t\t\t\t\t\t\t\t<\/div>\n\t\t\t\t<\/div>\n\t\t\t\t\t<\/div>\n\t\t<\/div>\n\t\t\t\t\t<\/div>\n\t\t<\/section>\n\t\t\t\t<\/div>","protected":false},"excerpt":{"rendered":"<p>Angaben gem\u00e4\u00df \u00a7 5 TMG \u200bLehrke Verlag GmbH Isestra\u00dfe 49 20144 Hamburg Handelsregister: 99232 Registergericht: Hamburg \u200b Vertreten durch: Lehrke Verlag GmbH, vertreten durch den Gesch\u00e4ftsfu\u0308hrer Matthias Lehrke Kontakt Telefon: 040\/40 17 09-15 Telefax: 040\/40 17 09-14 E-Mail: mail(at)lehrke-verlag.de \u200b\u200b Umsatzsteuer-ID Umsatzsteuer-Identifikationsnummer gem\u00e4\u00df \u00a7 27 a Umsatzsteuergesetz: DE251663150 \u200b EU-Streitschlichtung \u200bDie Europ\u00e4ische Kommission stellt eine [&hellip;]<\/p>\n","protected":false},"author":1,"featured_media":0,"parent":0,"menu_order":0,"comment_status":"closed","ping_status":"closed","template":"","meta":{"site-sidebar-layout":"no-sidebar","site-content-layout":"page-builder","ast-site-content-layout":"default","site-content-style":"default","site-sidebar-style":"default","ast-global-header-display":"","ast-banner-title-visibility":"","ast-main-header-display":"","ast-hfb-above-header-display":"","ast-hfb-below-header-display":"","ast-hfb-mobile-header-display":"","site-post-title":"disabled","ast-breadcrumbs-content":"","ast-featured-img":"disabled","footer-sml-layout":"","ast-disable-related-posts":"","theme-transparent-header-meta":"","adv-header-id-meta":"","stick-header-meta":"","header-above-stick-meta":"","header-main-stick-meta":"","header-below-stick-meta":"","astra-migrate-meta-layouts":"default","ast-page-background-enabled":"default","ast-page-background-meta":{"desktop":{"background-color":"","background-image":"","background-repeat":"repeat","background-position":"center center","background-size":"auto","background-attachment":"scroll","background-type":"","background-media":"","overlay-type":"","overlay-color":"","overlay-opacity":"","overlay-gradient":""},"tablet":{"background-color":"","background-image":"","background-repeat":"repeat","background-position":"center center","background-size":"auto","background-attachment":"scroll","background-type":"","background-media":"","overlay-type":"","overlay-color":"","overlay-opacity":"","overlay-gradient":""},"mobile":{"background-color":"","background-image":"","background-repeat":"repeat","background-position":"center center","background-size":"auto","background-attachment":"scroll","background-type":"","background-media":"","overlay-type":"","overlay-color":"","overlay-opacity":"","overlay-gradient":""}},"ast-content-background-meta":{"desktop":{"background-color":"var(--ast-global-color-5)","background-image":"","background-repeat":"repeat","background-position":"center center","background-size":"auto","background-attachment":"scroll","background-type":"","background-media":"","overlay-type":"","overlay-color":"","overlay-opacity":"","overlay-gradient":""},"tablet":{"background-color":"var(--ast-global-color-5)","background-image":"","background-repeat":"repeat","background-position":"center center","background-size":"auto","background-attachment":"scroll","background-type":"","background-media":"","overlay-type":"","overlay-color":"","overlay-opacity":"","overlay-gradient":""},"mobile":{"background-color":"var(--ast-global-color-5)","background-image":"","background-repeat":"repeat","background-position":"center center","background-size":"auto","background-attachment":"scroll","background-type":"","background-media":"","overlay-type":"","overlay-color":"","overlay-opacity":"","overlay-gradient":""}},"footnotes":""},"class_list":["post-25354","page","type-page","status-publish","hentry"],"_links":{"self":[{"href":"https:\/\/einfach-mehr-wissen.de\/pl\/wp-json\/wp\/v2\/pages\/25354","targetHints":{"allow":["GET"]}}],"collection":[{"href":"https:\/\/einfach-mehr-wissen.de\/pl\/wp-json\/wp\/v2\/pages"}],"about":[{"href":"https:\/\/einfach-mehr-wissen.de\/pl\/wp-json\/wp\/v2\/types\/page"}],"author":[{"embeddable":true,"href":"https:\/\/einfach-mehr-wissen.de\/pl\/wp-json\/wp\/v2\/users\/1"}],"replies":[{"embeddable":true,"href":"https:\/\/einfach-mehr-wissen.de\/pl\/wp-json\/wp\/v2\/comments?post=25354"}],"version-history":[{"count":13,"href":"https:\/\/einfach-mehr-wissen.de\/pl\/wp-json\/wp\/v2\/pages\/25354\/revisions"}],"predecessor-version":[{"id":27447,"href":"https:\/\/einfach-mehr-wissen.de\/pl\/wp-json\/wp\/v2\/pages\/25354\/revisions\/27447"}],"wp:attachment":[{"href":"https:\/\/einfach-mehr-wissen.de\/pl\/wp-json\/wp\/v2\/media?parent=25354"}],"curies":[{"name":"wp","href":"https:\/\/api.w.org\/{rel}","templated":true}]}}