{"id":25400,"date":"2022-07-01T09:03:49","date_gmt":"2022-07-01T09:03:49","guid":{"rendered":"https:\/\/einfach-mehr-wissen.de\/?page_id=25400"},"modified":"2022-10-06T09:09:25","modified_gmt":"2022-10-06T09:09:25","slug":"agb-kundeninformationen","status":"publish","type":"page","link":"https:\/\/einfach-mehr-wissen.de\/pl\/agb-kundeninformationen\/","title":{"rendered":"AGB i informacje dla klient\u00f3w"},"content":{"rendered":"<p>Poni\u017cej znajd\u0105 Pa\u0144stwo Og\u00f3lne Warunki Handlowe Lehrke Verlag oraz informacje dla klient\u00f3w. Napisali\u015bmy je w formie jak najbardziej zrozumia\u0142ej dla Ciebie.<\/p>\n\n\n\n<p>Je\u015bli maj\u0105 Pa\u0144stwo jeszcze jakie\u015b pytania, prosimy o kontakt mailowy (mail(at)lehrke-verlag.de).<\/p>\n\n\n\n<p>\u200b<\/p>\n\n\n\n<p><strong>Og\u00f3lne warunki handlowe z informacj\u0105 dla klienta<\/strong><\/p>\n\n\n\n<p><strong>Spis tre\u015bci.<\/strong><\/p>\n\n\n\n<ol class=\"wp-block-list\"><li>Zakres<\/li><li>Zawarcie umowy<\/li><li>Prawo do odst\u0105pienia od umowy<\/li><li>Ceny i warunki p\u0142atno\u015bci<\/li><li>Warunki dostawy i wysy\u0142ki<\/li><li>Zachowanie tytu\u0142u<\/li><li>Odpowiedzialno\u015b\u0107 za wady (gwarancja)<\/li><li>Specjalne warunki przetwarzania towar\u00f3w wed\u0142ug okre\u015blonych specyfikacji klienta<\/li><li>Prawo w\u0142a\u015bciwe<\/li><li>Miejsce jurysdykcji<\/li><li>Alternatywne metody rozwi\u0105zywania spor\u00f3w<\/li><\/ol>\n\n\n\n<p><strong>1. zakres stosowania<\/strong><\/p>\n\n\n\n<p><strong>\u200b<\/strong><\/p>\n\n\n\n<p>1.1 Niniejsze Og\u00f3lne Warunki Handlowe (zwane dalej \"OWH\") sp\u00f3\u0142ki Lehrke Verlag (zwanej dalej \"Sprzedawc\u0105\") maj\u0105 zastosowanie do wszystkich um\u00f3w zawieranych mi\u0119dzy konsumentem lub przedsi\u0119biorc\u0105 (zwanym dalej \"Klientem\") a Sprzedawc\u0105 dotycz\u0105cych wszystkich towar\u00f3w i\/lub us\u0142ug prezentowanych w sklepie internetowym Sprzedawcy. Niniejszym odrzuca si\u0119 w\u0142\u0105czenie w\u0142asnych warunk\u00f3w Klienta, chyba \u017ce uzgodniono inaczej.<\/p>\n\n\n\n<p>\u200b<\/p>\n\n\n\n<p>1.2 Niniejsze OWU stosuje si\u0119 odpowiednio do um\u00f3w o dostaw\u0119 bon\u00f3w towarowych, chyba \u017ce wyra\u017anie uzgodniono inaczej.<\/p>\n\n\n\n<p>\u200b<\/p>\n\n\n\n<p>1.3 Dla cel\u00f3w niniejszych OWU, konsumentem jest ka\u017cda osoba fizyczna, kt\u00f3ra zawiera transakcj\u0119 prawn\u0105 w celach, kt\u00f3re w przewa\u017caj\u0105cej mierze nie s\u0105 ani komercyjne, ani samozatrudnione. Przedsi\u0119biorc\u0105 w rozumieniu niniejszych OWU jest osoba fizyczna, prawna lub sp\u00f3\u0142ka osobowa posiadaj\u0105ca zdolno\u015b\u0107 prawn\u0105, kt\u00f3ra zawieraj\u0105c czynno\u015b\u0107 prawn\u0105 dzia\u0142a w ramach prowadzonej przez siebie dzia\u0142alno\u015bci gospodarczej lub zawodowej na w\u0142asny rachunek.<\/p>\n\n\n\n<p><strong>2 Zawarcie umowy<\/strong><\/p>\n\n\n\n<p><strong>\u200b<\/strong><\/p>\n\n\n\n<p>2.1 Opisy produkt\u00f3w zawarte w sklepie internetowym Sprzedawcy nie stanowi\u0105 wi\u0105\u017c\u0105cych ofert ze strony Sprzedawcy, lecz s\u0142u\u017c\u0105 do z\u0142o\u017cenia wi\u0105\u017c\u0105cej oferty przez Klienta.<\/p>\n\n\n\n<p>\u200b<\/p>\n\n\n\n<p>2.2 Klient mo\u017ce z\u0142o\u017cy\u0107 ofert\u0119 za po\u015brednictwem internetowego formularza zam\u00f3wienia zintegrowanego w sklepie internetowym sprzedawcy. Po umieszczeniu wybranych towar\u00f3w w wirtualnym koszyku i przej\u015bciu przez elektroniczny proces zam\u00f3wienia, klient sk\u0142ada prawnie wi\u0105\u017c\u0105c\u0105 ofert\u0119 umown\u0105 w odniesieniu do towar\u00f3w zawartych w koszyku poprzez klikni\u0119cie przycisku ko\u0144cz\u0105cego proces zam\u00f3wienia. Ponadto klient mo\u017ce z\u0142o\u017cy\u0107 ofert\u0119 sprzedawcy r\u00f3wnie\u017c telefonicznie, faksem, poczt\u0105 elektroniczn\u0105, poczt\u0105 tradycyjn\u0105 lub za pomoc\u0105 internetowego formularza kontaktowego.<\/p>\n\n\n\n<p>\u200b<\/p>\n\n\n\n<p>2.3 Sprzedawca mo\u017ce przyj\u0105\u0107 ofert\u0119 Klienta w ci\u0105gu pi\u0119ciu dni,<\/p>\n\n\n\n<ul class=\"wp-block-list\"><li>poprzez przes\u0142anie klientowi pisemnego potwierdzenia zam\u00f3wienia lub potwierdzenia zam\u00f3wienia w formie tekstowej (faksem lub poczt\u0105 elektroniczn\u0105), przy czym decyduj\u0105ce jest w tym przypadku otrzymanie potwierdzenia zam\u00f3wienia przez klienta, lub<\/li><li>poprzez dostarczenie zam\u00f3wionego towaru do klienta, w kt\u00f3rym to przypadku decyduje odbi\u00f3r towaru przez klienta, lub poprzez \u017c\u0105danie zap\u0142aty od klienta po z\u0142o\u017ceniu przez niego zam\u00f3wienia.<\/li><\/ul>\n\n\n\n<p>Je\u017celi istnieje kilka z wy\u017cej wymienionych alternatyw, umowa zostanie zawarta w momencie, gdy jedna z nich wyst\u0105pi jako pierwsza. Termin na przyj\u0119cie oferty rozpoczyna si\u0119 w dniu nast\u0119pnym po wys\u0142aniu oferty przez klienta i ko\u0144czy si\u0119 wraz z up\u0142ywem pi\u0105tego dnia od wys\u0142ania oferty. Je\u017celi sprzedawca nie przyjmie oferty klienta w wy\u017cej wymienionym terminie, uznaje si\u0119 to za odrzucenie oferty z tym skutkiem, \u017ce klient nie jest ju\u017c zwi\u0105zany swoim o\u015bwiadczeniem woli.<\/p>\n\n\n\n<p>\u200b<\/p>\n\n\n\n<p>2.4 W przypadku z\u0142o\u017cenia oferty za po\u015brednictwem internetowego formularza zam\u00f3wienia Sprzedawcy, tekst umowy jest przechowywany przez Sprzedawc\u0119 po zawarciu umowy i przekazywany Klientowi w formie tekstowej (np. e-mail, faks lub list) po wys\u0142aniu zam\u00f3wienia Klienta. Sprzedawca nie udost\u0119pnia tekstu umowy w spos\u00f3b wykraczaj\u0105cy poza ten zakres. Je\u017celi klient przed wys\u0142aniem zam\u00f3wienia za\u0142o\u017cy\u0142 konto u\u017cytkownika w sklepie internetowym Sprzedawcy, dane dotycz\u0105ce zam\u00f3wienia zostan\u0105 zarchiwizowane na stronie internetowej Sprzedawcy i klient b\u0119dzie mia\u0142 do nich bezp\u0142atny dost\u0119p poprzez swoje chronione has\u0142em konto u\u017cytkownika, podaj\u0105c odpowiednie dane do logowania.<\/p>\n\n\n\n<p>\u200b<\/p>\n\n\n\n<p>2.5 Przed wi\u0105\u017c\u0105cym z\u0142o\u017ceniem zam\u00f3wienia za po\u015brednictwem internetowego formularza zam\u00f3wienia Sprzedawcy, Klient mo\u017ce zidentyfikowa\u0107 ewentualne b\u0142\u0119dy przy wprowadzaniu danych poprzez uwa\u017cne przeczytanie informacji wy\u015bwietlanych na ekranie. Skutecznym \u015brodkiem technicznym s\u0142u\u017c\u0105cym lepszemu rozpoznawaniu b\u0142\u0119d\u00f3w we wprowadzaniu danych mo\u017ce by\u0107 funkcja powi\u0119kszania przegl\u0105darki, za pomoc\u0105 kt\u00f3rej powi\u0119kszany jest wy\u015bwietlacz na ekranie. Klient mo\u017ce poprawia\u0107 swoje wpisy w trakcie elektronicznego procesu zamawiania za pomoc\u0105 zwyk\u0142ych funkcji klawiatury i myszy, a\u017c do momentu klikni\u0119cia przycisku ko\u0144cz\u0105cego proces zamawiania.<\/p>\n\n\n\n<p>\u200b<\/p>\n\n\n\n<p>2.6 Przy zawieraniu umowy mo\u017cna pos\u0142ugiwa\u0107 si\u0119 wy\u0142\u0105cznie j\u0119zykiem niemieckim.<\/p>\n\n\n\n<p>\u200b<\/p>\n\n\n\n<p>2.7 Realizacja zam\u00f3wie\u0144 i kontaktowanie si\u0119 odbywa si\u0119 zazwyczaj za po\u015brednictwem poczty elektronicznej i automatycznego przetwarzania zam\u00f3wie\u0144. Klient musi upewni\u0107 si\u0119, \u017ce adres e-mail podany przez niego w celu realizacji zam\u00f3wienia jest prawid\u0142owy, tak aby wiadomo\u015bci e-mail wysy\u0142ane przez sprzedawc\u0119 mog\u0142y by\u0107 odbierane na ten adres. W szczeg\u00f3lno\u015bci, w przypadku korzystania z filtr\u00f3w SPAM, klient musi zapewni\u0107 mo\u017cliwo\u015b\u0107 dostarczenia wszystkich wiadomo\u015bci e-mail wysy\u0142anych przez sprzedawc\u0119 lub osoby trzecie, kt\u00f3rym sprzedawca zleci\u0142 realizacj\u0119 zam\u00f3wienia.<\/p>\n\n\n\n<p>\u200b<\/p>\n\n\n\n<p><strong>3. prawo do odst\u0105pienia od umowy<\/strong><\/p>\n\n\n\n<p>\u200b<\/p>\n\n\n\n<p>3.1 Konsumenci maj\u0105 zasadniczo prawo do odst\u0105pienia od umowy.<\/p>\n\n\n\n<p>\u200b<\/p>\n\n\n\n<p>3.2 Bardziej szczeg\u00f3\u0142owe informacje na temat prawa do odst\u0105pienia od umowy znajduj\u0105 si\u0119 w instrukcji Sprzedawcy dotycz\u0105cej odst\u0105pienia od umowy.<\/p>\n\n\n\n<p>\u200b<\/p>\n\n\n\n<p>3.3 Prawo odst\u0105pienia od umowy nie przys\u0142uguje konsumentom, kt\u00f3rzy w chwili zawarcia umowy nie nale\u017c\u0105 do pa\u0144stwa cz\u0142onkowskiego Unii Europejskiej i kt\u00f3rych jedyne miejsce zamieszkania oraz adres dostawy znajduj\u0105 si\u0119 w chwili zawarcia umowy poza Uni\u0105 Europejsk\u0105.<\/p>\n\n\n\n<p>\u200b<\/p>\n\n\n\n<p><strong>4. ceny i warunki p\u0142atno\u015bci<\/strong><\/p>\n\n\n\n<p><strong>\u200b<\/strong><\/p>\n\n\n\n<p>4.1 Je\u017celi w opisie produktu Sprzedawcy nie podano inaczej, podane ceny s\u0105 cenami ca\u0142kowitymi, kt\u00f3re zawieraj\u0105 ustawowy podatek od towar\u00f3w i us\u0142ug. Wszelkie dodatkowe koszty dostawy i wysy\u0142ki zostan\u0105 wskazane osobno w danym opisie produktu.<\/p>\n\n\n\n<p>\u200b<\/p>\n\n\n\n<p>4.2 W przypadku dostaw do kraj\u00f3w spoza Unii Europejskiej w indywidualnych przypadkach mog\u0105 powsta\u0107 dalsze koszty, za kt\u00f3re Sprzedawca nie ponosi odpowiedzialno\u015bci i kt\u00f3re ponosi Klient. Nale\u017c\u0105 do nich np. koszty transferu pieni\u0119dzy przez instytucje kredytowe (np. op\u0142aty za transfer, op\u0142aty za wymian\u0119 walut) lub nale\u017cno\u015bci lub podatki importowe (np. c\u0142a). Takie koszty mog\u0105 by\u0107 r\u00f3wnie\u017c poniesione w zwi\u0105zku z transferem \u015brodk\u00f3w, je\u015bli dostawa nie jest realizowana do kraju spoza Unii Europejskiej, ale klient dokonuje p\u0142atno\u015bci z kraju spoza Unii Europejskiej.<\/p>\n\n\n\n<p>\u200b<\/p>\n\n\n\n<p>4.3 Opcja (opcje) p\u0142atno\u015bci zostanie podana do wiadomo\u015bci Klienta w sklepie internetowym Sprzedawcy.<\/p>\n\n\n\n<p>\u200b<\/p>\n\n\n\n<p>4.4 Je\u017celi uzgodniono przedp\u0142at\u0119 przelewem bankowym, p\u0142atno\u015b\u0107 staje si\u0119 wymagalna niezw\u0142ocznie po zawarciu umowy, chyba \u017ce strony uzgodni\u0142y p\u00f3\u017aniejszy termin p\u0142atno\u015bci.<\/p>\n\n\n\n<p>\u200b<\/p>\n\n\n\n<p>4.5 Je\u015bli p\u0142atno\u015b\u0107 jest dokonywana przy u\u017cyciu metody p\u0142atno\u015bci oferowanej przez PayPal, p\u0142atno\u015b\u0107 jest przetwarzana za po\u015brednictwem dostawcy us\u0142ug p\u0142atniczych PayPal (Europe) S.\u00e0 r.l. et Cie, S.C.A., 22-24 Boulevard Royal, L-2449 Luxembourg (dalej: \"PayPal\"), z zastrze\u017ceniem Warunk\u00f3w korzystania z us\u0142ugi PayPal, kt\u00f3re mo\u017cna znale\u017a\u0107 pod adresem&nbsp;<a href=\"https:\/\/www.paypal.com\/de\/webapps\/mpp\/ua\/useragreement-full\" target=\"_blank\" rel=\"noreferrer noopener\">https:\/\/www.paypal.com\/de\/webapps\/mpp\/ua\/useragreement-full<\/a>&nbsp;lub - je\u015bli Klient nie posiada konta PayPal - z zastrze\u017ceniem warunk\u00f3w dotycz\u0105cych p\u0142atno\u015bci bez konta PayPal, dost\u0119pnych pod adresem.&nbsp;<a href=\"https:\/\/www.paypal.com\/de\/webapps\/mpp\/ua\/privacywax-full.\" target=\"_blank\" rel=\"noreferrer noopener\">https:\/\/www.paypal.com\/de\/webapps\/mpp\/ua\/privacywax-full.<\/a><\/p>\n\n\n\n<p>\u200b<\/p>\n\n\n\n<p>4.6 W przypadku wyboru metody p\u0142atno\u015bci \"SOFORT\", p\u0142atno\u015b\u0107 jest realizowana za po\u015brednictwem dostawcy us\u0142ug p\u0142atniczych SOFORT GmbH, Theresienh\u00f6he 12, 80339 Monachium (zwanego dalej \"SOFORT\"). Aby m\u00f3c zap\u0142aci\u0107 kwot\u0119 faktury za po\u015brednictwem \"SOFORT\", klient musi posiada\u0107 konto bankowo\u015bci internetowej aktywowane do udzia\u0142u w \"SOFORT\", odpowiednio legitymowa\u0107 si\u0119 podczas procesu p\u0142atno\u015bci i potwierdzi\u0107 instrukcj\u0119 p\u0142atno\u015bci dla \"SOFORT\". Transakcja p\u0142atnicza jest nast\u0119pnie natychmiast realizowana przez \"SOFORT\", a rachunek bankowy klienta jest obci\u0105\u017cany. Klient mo\u017ce znale\u017a\u0107 wi\u0119cej informacji na temat metody p\u0142atno\u015bci \"SOFORT\" w Internecie pod adresem&nbsp;<a href=\"https:\/\/www.klarna.com\/sofort\/\" target=\"_blank\" rel=\"noreferrer noopener\">https:\/\/www.klarna.com\/sofort\/<\/a>&nbsp;odzyska\u0107.<\/p>\n\n\n\n<p>\u200b<\/p>\n\n\n\n<p>4.7 W przypadku wyboru metody p\u0142atno\u015bci zakup na rachunek, cena zakupu staje si\u0119 wymagalna po dostarczeniu towar\u00f3w i wystawieniu faktury. W takim przypadku cena zakupu powinna by\u0107 zap\u0142acona w ci\u0105gu 14 (czternastu) dni od otrzymania faktury bez potr\u0105cenia, chyba \u017ce uzgodniono inaczej. Sprzedawca zastrzega sobie prawo do zaoferowania metody p\u0142atno\u015bci zakup na rachunek tylko do okre\u015blonej wielko\u015bci zam\u00f3wienia i odrzucenia tej metody p\u0142atno\u015bci w przypadku przekroczenia okre\u015blonej wielko\u015bci zam\u00f3wienia. W takim przypadku sprzedawca poinformuje klienta o odpowiednim ograniczeniu p\u0142atno\u015bci w jego informacjach dotycz\u0105cych p\u0142atno\u015bci w sklepie internetowym. Sprzedawca zastrzega sobie ponadto prawo do przeprowadzenia kontroli kredytowej przy wyborze sposobu p\u0142atno\u015bci zakup na rachunek i odrzucenia tego sposobu p\u0142atno\u015bci w przypadku negatywnej kontroli kredytowej.<\/p>\n\n\n\n<p>\u200b<\/p>\n\n\n\n<p><strong>5. warunki dostawy i wysy\u0142ki<\/strong><\/p>\n\n\n\n<p>5.1 Dostawa towar\u00f3w odbywa si\u0119 poprzez wysy\u0142k\u0119 na adres dostawy podany przez klienta, chyba \u017ce uzgodniono inaczej. Przy realizacji transakcji decyduj\u0105ce znaczenie ma adres dostawy podany w procesie realizacji zam\u00f3wienia przez Sprzedawc\u0119.<\/p>\n\n\n\n<p>\u200b<\/p>\n\n\n\n<p>5.2 Je\u017celi firma transportowa zwr\u00f3ci sprzedaj\u0105cemu wys\u0142any towar, poniewa\u017c dostawa do klienta nie by\u0142a mo\u017cliwa, klient ponosi koszty nieudanej wysy\u0142ki. Nie dotyczy to sytuacji, gdy klient nie ponosi odpowiedzialno\u015bci za okoliczno\u015b\u0107, kt\u00f3ra doprowadzi\u0142a do niemo\u017cno\u015bci dostawy lub gdy klient by\u0142 czasowo pozbawiony mo\u017cliwo\u015bci przyj\u0119cia oferowanej us\u0142ugi, chyba \u017ce sprzedawca uprzedzi\u0142 klienta z odpowiednim wyprzedzeniem. Ponadto nie dotyczy to koszt\u00f3w zwrotu, je\u015bli klient skutecznie skorzysta z prawa do odst\u0105pienia od umowy. W przypadku skutecznego skorzystania przez klienta z prawa do odst\u0105pienia od umowy, do koszt\u00f3w zwrotu stosuje si\u0119 zapis zawarty w instrukcji odst\u0105pienia od umowy przez sprzedawc\u0119.<\/p>\n\n\n\n<p>\u200b<\/p>\n\n\n\n<p>5.3 Odbi\u00f3r w\u0142asny nie jest mo\u017cliwy ze wzgl\u0119d\u00f3w logistycznych.<\/p>\n\n\n\n<p>\u200b<\/p>\n\n\n\n<p><strong>6. zachowanie tytu\u0142u w\u0142asno\u015bci<\/strong><\/p>\n\n\n\n<p><strong>\u200b<\/strong><\/p>\n\n\n\n<p>Je\u017celi sprzedaj\u0105cy dokona przedp\u0142aty, zachowa prawo w\u0142asno\u015bci do dostarczonego towaru do czasu, gdy nale\u017cna cena zakupu zostanie w ca\u0142o\u015bci zap\u0142acona.<\/p>\n\n\n\n<p>\u200b<\/p>\n\n\n\n<p><strong>7 Odpowiedzialno\u015b\u0107 za wady (gwarancja)<\/strong><\/p>\n\n\n\n<p><strong>\u200b<\/strong><\/p>\n\n\n\n<p>7.1 Je\u017celi zakupiona rzecz jest wadliwa, obowi\u0105zuj\u0105 przepisy o ustawowej odpowiedzialno\u015bci za wady.<\/p>\n\n\n\n<p>\u200b<\/p>\n\n\n\n<p>7.2 Klient jest proszony o zg\u0142oszenie reklamacji dostarczonego towaru z widocznymi uszkodzeniami transportowymi do dostawcy i poinformowanie o tym Sprzedawcy. Je\u017celi klient tego nie uczyni, nie ma to wp\u0142ywu na jego ustawowe lub umowne roszczenia z tytu\u0142u wad.<\/p>\n\n\n\n<p>\u200b<\/p>\n\n\n\n<p><strong>8. specjalne warunki przetwarzania towar\u00f3w wed\u0142ug okre\u015blonych specyfikacji klienta<\/strong><\/p>\n\n\n\n<p><strong>\u200b<\/strong><\/p>\n\n\n\n<p>8.1 Je\u017celi zgodnie z tre\u015bci\u0105 umowy, opr\u00f3cz dostawy towaru, Sprzedawca zobowi\u0105zany jest r\u00f3wnie\u017c do przetworzenia towaru wed\u0142ug okre\u015blonych specyfikacji Klienta, Klient dostarczy Operatorowi wszystkie tre\u015bci wymagane do przetworzenia, takie jak teksty, obrazy lub grafiki w okre\u015blonych przez Operatora formatach plik\u00f3w, formatowaniu, obrazie i rozmiarach plik\u00f3w oraz udzieli Operatorowi wymaganych w tym celu praw do korzystania. Za pozyskanie i nabycie praw do tych tre\u015bci odpowiada wy\u0142\u0105cznie klient. Klient o\u015bwiadcza i przyjmuje na siebie odpowiedzialno\u015b\u0107, \u017ce ma prawo do korzystania z tre\u015bci przekazanych sprzedawcy. W szczeg\u00f3lno\u015bci zapewnia on, \u017ce nie zostan\u0105 naruszone \u017cadne prawa os\u00f3b trzecich, w szczeg\u00f3lno\u015bci prawa autorskie, prawa do znak\u00f3w towarowych i prawa osobiste.<\/p>\n\n\n\n<p>\u200b<\/p>\n\n\n\n<p>8.2 Klient zabezpieczy Sprzedawc\u0119 przed roszczeniami os\u00f3b trzecich, kt\u00f3rych mog\u0105 one dochodzi\u0107 wobec Sprzedawcy w zwi\u0105zku z naruszeniem ich praw poprzez umowne wykorzystanie tre\u015bci Klienta przez Sprzedawc\u0119. W tym kontek\u015bcie klient ponosi r\u00f3wnie\u017c uzasadnione koszty niezb\u0119dnej obrony prawnej, w tym wszystkie koszty s\u0105dowe i koszty adwokackie w ustawowej wysoko\u015bci. Nie dotyczy to sytuacji, gdy klient nie jest odpowiedzialny za naruszenie prawa. W przypadku roszcze\u0144 osoby trzeciej, klient jest zobowi\u0105zany do niezw\u0142ocznego, zgodnego z prawd\u0105 i kompletnego przekazania sprzedawcy wszystkich informacji niezb\u0119dnych do rozpatrzenia roszcze\u0144 i obrony.<\/p>\n\n\n\n<p>\u200b<\/p>\n\n\n\n<p>8.3 Sprzedawca zastrzega sobie prawo do odmowy realizacji zam\u00f3wie\u0144, je\u017celi tre\u015bci przekazane w tym celu przez Klienta naruszaj\u0105 zakazy prawne, urz\u0119dowe lub obra\u017caj\u0105 zwyk\u0142\u0105 przyzwoito\u015b\u0107. Dotyczy to w szczeg\u00f3lno\u015bci dostarczania tre\u015bci antykonstytucyjnych, rasistowskich, ksenofobicznych, dyskryminuj\u0105cych, obra\u017aliwych, zagra\u017caj\u0105cych m\u0142odzie\u017cy i\/lub gloryfikuj\u0105cych przemoc.<\/p>\n\n\n\n<p>\u200b<\/p>\n\n\n\n<p><strong>9 Prawo w\u0142a\u015bciwe<\/strong><\/p>\n\n\n\n<p>\u200b<\/p>\n\n\n\n<p>9.1 Wszystkie stosunki prawne pomi\u0119dzy stronami podlegaj\u0105 prawu Republiki Federalnej Niemiec z wy\u0142\u0105czeniem prawa dotycz\u0105cego mi\u0119dzynarodowej sprzeda\u017cy rzeczy ruchomych. W przypadku konsument\u00f3w ten wyb\u00f3r prawa ma zastosowanie jedynie w zakresie, w jakim przyznana ochrona nie jest wycofana przez bezwzgl\u0119dnie obowi\u0105zuj\u0105ce przepisy prawa pa\u0144stwa, w kt\u00f3rym konsument ma swoje miejsce zamieszkania.<\/p>\n\n\n\n<p>\u200b<\/p>\n\n\n\n<p>9.2 Ponadto niniejszy wyb\u00f3r prawa w odniesieniu do ustawowego prawa odst\u0105pienia od umowy nie ma zastosowania do konsument\u00f3w, kt\u00f3rzy w chwili zawarcia umowy nie nale\u017c\u0105 do pa\u0144stwa cz\u0142onkowskiego Unii Europejskiej i kt\u00f3rych jedyne miejsce zamieszkania oraz adres dostawy znajduj\u0105 si\u0119 w chwili zawarcia umowy poza Uni\u0105 Europejsk\u0105.<\/p>\n\n\n\n<p>\u200b<\/p>\n\n\n\n<p><strong>10. miejsce jurysdykcji<\/strong><\/p>\n\n\n\n<p>\u200b<\/p>\n\n\n\n<p>Je\u017celi klient jest kupcem, osob\u0105 prawn\u0105 prawa publicznego lub specjalnym funduszem prawa publicznego z siedzib\u0105 na terytorium Republiki Federalnej Niemiec, wy\u0142\u0105cznym miejscem jurysdykcji dla wszystkich spor\u00f3w wynikaj\u0105cych z niniejszej umowy jest siedziba Sprzedawcy. Je\u015bli klient ma swoj\u0105 siedzib\u0119 poza terytorium Republiki Federalnej Niemiec, siedziba Sprzedawcy jest wy\u0142\u0105cznym miejscem jurysdykcji dla wszystkich spor\u00f3w wynikaj\u0105cych z niniejszej umowy, je\u015bli umowa lub roszczenia wynikaj\u0105ce z umowy mog\u0105 by\u0107 przypisane do dzia\u0142alno\u015bci zawodowej lub handlowej klienta. W powy\u017cszych przypadkach Sprzedawca b\u0119dzie jednak w ka\u017cdym przypadku uprawniony do wytoczenia pow\u00f3dztwa przed s\u0105dem w\u0142a\u015bciwym dla miejsca siedziby Klienta.<br>&nbsp;<\/p>\n\n\n\n<p><strong>11. alternatywne metody rozwi\u0105zywania spor\u00f3w<\/strong><\/p>\n\n\n\n<p><strong>\u200b<\/strong><\/p>\n\n\n\n<p>11.1 Komisja UE udost\u0119pnia platform\u0119 do rozwi\u0105zywania spor\u00f3w online w Internecie pod nast\u0119puj\u0105cym linkiem:&nbsp;<a href=\"https:\/\/ec.europa.eu\/consumers\/odr\" target=\"_blank\" rel=\"noreferrer noopener\">https:\/\/ec.europa.eu\/consumers\/odr<\/a><\/p>\n\n\n\n<p>Platforma ta s\u0142u\u017cy jako punkt kontaktowy do pozas\u0105dowego rozstrzygania spor\u00f3w wynikaj\u0105cych z internetowych um\u00f3w zakupu lub um\u00f3w o \u015bwiadczenie us\u0142ug z udzia\u0142em konsumenta.<\/p>\n\n\n\n<p>\u200b<\/p>\n\n\n\n<p>11.2 Sprzedawca nie jest zobowi\u0105zany ani nie chce uczestniczy\u0107 w post\u0119powaniu w sprawie rozstrzygania spor\u00f3w przed polubownym s\u0105dem konsumenckim.<\/p>\n\n\n\n<p>\u200b<\/p>","protected":false},"excerpt":{"rendered":"<p>Im Folgenden finden Sie die Allgemeinen Gesch\u00e4ftsbedingungen vom Lehrke Verlag&nbsp; sowie Kundeninformationen. Wir haben diese in einer f\u00fcr Sie m\u00f6glichst verst\u00e4ndlichen Form verfasst. Sollten Sie dennoch eine Frage haben, kontaktieren Sie uns gerne per E-Mail (mail(at)lehrke-verlag.de). \u200b Allgemeine Gesch\u00e4ftsbedingungen mit Kundeninformationen Inhaltsverzeichnis Geltungsbereich Vertragsschluss Widerrufsrecht Preise und Zahlungsbedingungen Liefer- und Versandbedingungen Eigentumsvorbehalt M\u00e4ngelhaftung (Gew\u00e4hrleistung) Besondere [&hellip;]<\/p>\n","protected":false},"author":1,"featured_media":0,"parent":0,"menu_order":0,"comment_status":"closed","ping_status":"closed","template":"","meta":{"site-sidebar-layout":"default","site-content-layout":"","ast-site-content-layout":"default","site-content-style":"default","site-sidebar-style":"default","ast-global-header-display":"","ast-banner-title-visibility":"","ast-main-header-display":"","ast-hfb-above-header-display":"","ast-hfb-below-header-display":"","ast-hfb-mobile-header-display":"","site-post-title":"","ast-breadcrumbs-content":"","ast-featured-img":"","footer-sml-layout":"","ast-disable-related-posts":"","theme-transparent-header-meta":"","adv-header-id-meta":"","stick-header-meta":"","header-above-stick-meta":"","header-main-stick-meta":"","header-below-stick-meta":"","astra-migrate-meta-layouts":"default","ast-page-background-enabled":"default","ast-page-background-meta":{"desktop":{"background-color":"","background-image":"","background-repeat":"repeat","background-position":"center center","background-size":"auto","background-attachment":"scroll","background-type":"","background-media":"","overlay-type":"","overlay-color":"","overlay-opacity":"","overlay-gradient":""},"tablet":{"background-color":"","background-image":"","background-repeat":"repeat","background-position":"center center","background-size":"auto","background-attachment":"scroll","background-type":"","background-media":"","overlay-type":"","overlay-color":"","overlay-opacity":"","overlay-gradient":""},"mobile":{"background-color":"","background-image":"","background-repeat":"repeat","background-position":"center center","background-size":"auto","background-attachment":"scroll","background-type":"","background-media":"","overlay-type":"","overlay-color":"","overlay-opacity":"","overlay-gradient":""}},"ast-content-background-meta":{"desktop":{"background-color":"var(--ast-global-color-5)","background-image":"","background-repeat":"repeat","background-position":"center center","background-size":"auto","background-attachment":"scroll","background-type":"","background-media":"","overlay-type":"","overlay-color":"","overlay-opacity":"","overlay-gradient":""},"tablet":{"background-color":"var(--ast-global-color-5)","background-image":"","background-repeat":"repeat","background-position":"center center","background-size":"auto","background-attachment":"scroll","background-type":"","background-media":"","overlay-type":"","overlay-color":"","overlay-opacity":"","overlay-gradient":""},"mobile":{"background-color":"var(--ast-global-color-5)","background-image":"","background-repeat":"repeat","background-position":"center center","background-size":"auto","background-attachment":"scroll","background-type":"","background-media":"","overlay-type":"","overlay-color":"","overlay-opacity":"","overlay-gradient":""}},"footnotes":""},"class_list":["post-25400","page","type-page","status-publish","hentry"],"_links":{"self":[{"href":"https:\/\/einfach-mehr-wissen.de\/pl\/wp-json\/wp\/v2\/pages\/25400","targetHints":{"allow":["GET"]}}],"collection":[{"href":"https:\/\/einfach-mehr-wissen.de\/pl\/wp-json\/wp\/v2\/pages"}],"about":[{"href":"https:\/\/einfach-mehr-wissen.de\/pl\/wp-json\/wp\/v2\/types\/page"}],"author":[{"embeddable":true,"href":"https:\/\/einfach-mehr-wissen.de\/pl\/wp-json\/wp\/v2\/users\/1"}],"replies":[{"embeddable":true,"href":"https:\/\/einfach-mehr-wissen.de\/pl\/wp-json\/wp\/v2\/comments?post=25400"}],"version-history":[{"count":4,"href":"https:\/\/einfach-mehr-wissen.de\/pl\/wp-json\/wp\/v2\/pages\/25400\/revisions"}],"predecessor-version":[{"id":30764,"href":"https:\/\/einfach-mehr-wissen.de\/pl\/wp-json\/wp\/v2\/pages\/25400\/revisions\/30764"}],"wp:attachment":[{"href":"https:\/\/einfach-mehr-wissen.de\/pl\/wp-json\/wp\/v2\/media?parent=25400"}],"curies":[{"name":"wp","href":"https:\/\/api.w.org\/{rel}","templated":true}]}}