{"id":26010,"date":"2022-07-14T13:15:32","date_gmt":"2022-07-14T13:15:32","guid":{"rendered":"https:\/\/einfach-mehr-wissen.de\/?page_id=26010"},"modified":"2022-09-30T10:53:13","modified_gmt":"2022-09-30T10:53:13","slug":"nutzungsvereinbarung","status":"publish","type":"page","link":"https:\/\/einfach-mehr-wissen.de\/pl\/nutzungsvereinbarung\/","title":{"rendered":"LV: Umowa u\u017cytkownika platformy edukacyjnej"},"content":{"rendered":"<h1 class=\"wp-block-heading\">Umowa z u\u017cytkownikiem<\/h1>\n\n\n\n<figure class=\"wp-block-table\"><table><tbody><tr><td>1. korzystanie z platformy edukacyjnej <br>Platforma edukacyjna jest obs\u0142ugiwana przez Lehrke Verlag GmbH. Zawarto\u015b\u0107 platformy edukacyjnej jest dost\u0119pna dla u\u017cytkownik\u00f3w zgodnie z administracj\u0105 i zasadniczo bezp\u0142atnie.<br><br>Prawo do korzystania wygasa automatycznie po opuszczeniu instytucji cz\u0142onkowskiej lub po zako\u0144czeniu partnerstwa w ramach projektu, chyba \u017ce og\u0142oszono specjalny status (np. absolwenta).<br><br>2. prawa autorskie<br>Wszelkie prawa autorskie do tre\u015bci pozostaj\u0105 w\u0142asno\u015bci\u0105 ich autor\u00f3w.<br><br>Jakiekolwiek powielanie (no\u015bniki danych, wydruki i kopie na papierze lub innych materia\u0142ach itp.) i\/lub ich przekazywanie osobom trzecim w celach komercyjnych w trakcie i po wyga\u015bni\u0119ciu upowa\u017cnienia do dost\u0119pu jest niedozwolone i b\u0119dzie \u015bcigane na mocy prawa karnego i cywilnego. Doprowadzi to r\u00f3wnie\u017c do natychmiastowego wyga\u015bni\u0119cia autoryzacji u\u017cytkownika. Dotyczy to r\u00f3wnie\u017c udost\u0119pniania tre\u015bci osobom trzecim, kt\u00f3re nie s\u0105 upowa\u017cnione do dost\u0119pu do nich (np. poprzez przekazanie osobistego has\u0142a).<br><br>3. ochrona danych<br>3.1 Gromadzone, przetwarzane i przechowywane dane<br>Do rejestracji na platformie wymagany jest prawid\u0142owy adres e-mail. Ponadto obowi\u0105zkowe jest podanie imienia i nazwiska oraz nazwy u\u017cytkownika i instytucji. Instytucja jest wymagana do przypisania do instytucji cz\u0142onkowskich w ramach BAG digitale Lehre H\u00f6D. Te dane osobowe s\u0105 przechowywane wy\u0142\u0105cznie w celu umo\u017cliwienia u\u017cytkownikom dost\u0119pu do tre\u015bci i tylko na czas korzystania z nich.<br><br>Dane dotycz\u0105ce zachowania u\u017cytkownik\u00f3w na platformie edukacyjnej s\u0105 rejestrowane przez system i mog\u0105 by\u0107 przegl\u0105dane przez administrator\u00f3w lub autor\u00f3w. Rejestrowane i przechowywane s\u0105 nast\u0119puj\u0105ce dane:<br><br><br>Zgoda na korzystanie z umowy i data wyra\u017cenia zgody<br>Uprawnienia lub role ka\u017cdej nazwy u\u017cytkownika<br>W przypadku cz\u0142onkostwa w grupach i kursach: data rejestracji i post\u0119py w nauce (\"Jeszcze nie rozpocz\u0119to\" \/ \"W toku\" \/ \"Pracowano nad\" \/ \"Nie powiod\u0142o si\u0119\").<br>Dane historyczne: Data utworzenia konta i przez kogo (w\u0142a\u015bciciela), ostatnie logowanie i w\u0142asno\u015b\u0107 obiekt\u00f3w.<br>W przypadku korzystania z wewn\u0119trznego systemu poczty, wiadomo\u015bci wysy\u0142ane i odbierane za po\u015brednictwem tej funkcji e-mail<br>W przypadku korzystania z funkcji automatycznych powiadomie\u0144 w grupach i kursach, wiadomo\u015bci wys\u0142ane i odebrane w ka\u017cdym przypadku.<br>W przypadku b\u0142\u0119du i w celu zapewnienia jako\u015bci, administratorzy mog\u0105 aktywowa\u0107 i ocenia\u0107 dzienniki serwera. Zawieraj\u0105 one nazw\u0119 pobranego pliku lub strony, dat\u0119 i godzin\u0119 pobrania, ilo\u015b\u0107 przes\u0142anych danych, kod stanu http, adres IP pobierania oraz typ i wersj\u0119 przegl\u0105darki.<br>Problemy i zg\u0142oszenia dotycz\u0105ce pomocy technicznej s\u0105 w razie potrzeby przekazywane do systemu pomocy technicznej dostawcy. Opr\u00f3cz danych osobowych (nazwisko, imi\u0119 i adres e-mail), data i godzina utworzenia zg\u0142oszenia do pomocy technicznej, tre\u015b\u0107 zg\u0142oszenia i historia jego przetwarzania, a tak\u017ce przebieg dalszej komunikacji w sprawie tego zg\u0142oszenia do momentu jego zamkni\u0119cia (zako\u0144czenia zg\u0142oszenia) s\u0105 tam przechowywane jako dane historyczne.<br>Dane mog\u0105 by\u0107 przegl\u0105dane przez nast\u0119puj\u0105ce osoby w celu realizacji celu:<br><br><br>Opiekunowie kurs\u00f3w, administratorzy grup i\/lub kurs\u00f3w mog\u0105 zobaczy\u0107 zapisanych uczestnik\u00f3w i ich post\u0119py w nauce z danymi g\u0142\u00f3wnymi i historycznymi (status zapisu, lista uczestnik\u00f3w, sukcesy w nauce, ostatnie logowanie\/rejestracja).<br>Cz\u0142onkowie grupy i\/lub kursu widz\u0105 nazwy u\u017cytkownik\u00f3w poszczeg\u00f3lnych cz\u0142onk\u00f3w i mog\u0105 si\u0119 z nimi kontaktowa\u0107. Dalsze szczeg\u00f3\u0142y (tzw. dane profilowe) s\u0105 widoczne tylko wtedy, gdy zosta\u0142y udost\u0119pnione przez danego u\u017cytkownika.<br>Podczas u\u017cytkowania wszyscy uczestnicy mog\u0105 zobaczy\u0107, kto jest na platformie edukacyjnej w tym samym czasie (\"Aktywni u\u017cytkownicy\" - wy\u015bwietlanie). U\u017cytkownicy sami okre\u015blaj\u0105 dane wykraczaj\u0105ce poza publikacj\u0119 imienia i nazwiska oraz nazwy u\u017cytkownika w profilu osobistym.<br><br>3.2 Przechowywanie danych<br>Dane s\u0105 przechowywane przez dostawc\u0119 w formie zleconego przetwarzania danych. Dost\u0119pna jest umowa zgodna z przepisami niemieckiego rozporz\u0105dzenia o ochronie danych (DSGVO).<br>Nazwa i adres obecnego dostawcy us\u0142ug:<br><br>STRATO AG<br>Otto Ostrowski Street 7<br>D-10249 Berlin<br>\u2003\u2003<a rel=\"noreferrer noopener\" href=\"https:\/\/www.strato.de\/\" target=\"_blank\">www.databay.de<\/a><br><br>3.3 Ujawnianie danych osobom trzecim<br>\u017badne dane nie s\u0105 przekazywane stronom trzecim.<br><br>3.4 Przenoszenie danych<br>U\u017cytkownicy mog\u0105 przesy\u0142a\u0107 nast\u0119puj\u0105ce dane z platformy edukacyjnej:<br><br>Urz\u0105dzenia przeno\u015bne to:<br>Profil, w\u0142asne ustawienia (XML)<br>Osobiste notatki na \"osobistym biurku<br>Zak\u0142adki<br>prywatne kalendarze<br>Statusy nauki<br>Eksportowalne s\u0105:<br>Certyfikaty<br>Obiekty z osobistego obszaru roboczego<br>Odznaki<br>Blogi osobiste<br>Portfele<br>W\u0142asne kontakty<br>3.5 Usuwanie danych<br>Gdy tylko u\u017cytkownicy poinformuj\u0105 lokalnego administratora swojej instytucji na pi\u015bmie lub poczt\u0105 elektroniczn\u0105, \u017ce nie s\u0105 ju\u017c zainteresowani dalszym korzystaniem, ich dane zostan\u0105 usuni\u0119te. Nie ma to jednak wp\u0142ywu na wszelkie dane osobowe w komentarzach i na forach, poniewa\u017c nie mo\u017cna tego zautomatyzowa\u0107. Dlatego te\u017c wpisy powinny by\u0107 traktowane jako takie.<br><br>3.6 Przechowywanie zanonimizowanych danych<br>U\u017cytkownicy zgadzaj\u0105 si\u0119 r\u00f3wnie\u017c, \u017ce dane mog\u0105 by\u0107 przechowywane po okresie u\u017cytkowania, je\u015bli odbywa si\u0119 to wy\u0142\u0105cznie w formie anonimowej, a informacje s\u0105 wykorzystywane wy\u0142\u0105cznie do cel\u00f3w naukowych, np. do optymalizacji nauczania, tworzenia statystyk u\u017cytkownik\u00f3w itp.<br><br>3.7 Uwagi dotycz\u0105ce plik\u00f3w cookie<br>Platforma edukacyjna jest dost\u0119pna za po\u015brednictwem przegl\u0105darki. W tym kontek\u015bcie podczas wywo\u0142ywania aktualnych wersji platformy edukacyjnej zapisywane s\u0105 dwa pliki cookie. Pliki cookie s\u0105 przechowywane na kliencie (przegl\u0105darce u\u017cytkownika), a nie na samej platformie edukacyjnej lub na serwerach dostawcy platformy edukacyjnej. \u017badne dane osobowe nie s\u0105 zapisywane bezpo\u015brednio w plikach cookie.<br><br>4. obowi\u0105zki u\u017cytkownik\u00f3w<br>U\u017cytkownicy nie mog\u0105 publikowa\u0107 \u017cadnych obra\u017aliwych lub niezgodnych z prawem o\u015bwiadcze\u0144 i tre\u015bci w swoich wypowiedziach (fora, czaty, cele hiper\u0142\u0105czy, a tak\u017ce przes\u0142ane pliki itp.) Naruszenie tych postanowie\u0144 mo\u017ce by\u0107 \u015bcigane na mocy prawa karnego i cywilnego i mo\u017ce prowadzi\u0107 do natychmiastowego zako\u0144czenia autoryzacji u\u017cytkownika.<br><br>U\u017cytkownicy s\u0105 zobowi\u0105zani, zgodnie ze swoj\u0105 najlepsz\u0105 wiedz\u0105 i przekonaniem, do powstrzymania si\u0119 od dzia\u0142a\u0144 i wprowadzania danych na platformie edukacyjnej, kt\u00f3re mog\u0142yby prowadzi\u0107 do zak\u0142\u00f3cenia og\u00f3lnego dzia\u0142ania.<br><br>5. wy\u0142\u0105czenie odpowiedzialno\u015bci<br>Nie ponosimy odpowiedzialno\u015bci za tre\u015bci, do kt\u00f3rych odnosimy si\u0119 bezpo\u015brednio lub po\u015brednio (linki) i kt\u00f3re znajduj\u0105 si\u0119 poza sfer\u0105 wp\u0142ywu Lehrke Verlag GmbH.<br><br>Nie udziela si\u0119 gwarancji na aktualno\u015b\u0107 i kompletno\u015b\u0107 tre\u015bci udost\u0119pnianych na platformie edukacyjnej. Roszczenia z tytu\u0142u odpowiedzialno\u015bci wobec autor\u00f3w, Lehrke Verlag GmbH i operator\u00f3w platformy edukacyjnej dotycz\u0105ce szk\u00f3d materialnych lub niematerialnych spowodowanych wykorzystaniem lub niewykorzystaniem udost\u0119pnionych tre\u015bci lub wykorzystaniem nieprawid\u0142owych i niekompletnych tre\u015bci s\u0105 wykluczone. U\u017cytkownik korzysta z serwisu na w\u0142asne ryzyko.<br><br>6. r\u00f3\u017cne<br>Niniejsza umowa u\u017cytkownika jest dost\u0119pna online na stronie rejestracji. Mo\u017ce ona zosta\u0107 zmieniona przez Lehrke Verlag GmbH w dowolnym momencie, pod warunkiem, \u017ce jest to obiektywnie uzasadnione.<br><br>Wyra\u017caj\u0105c zgod\u0119 na niniejsz\u0105 umow\u0119, u\u017cytkownik uznaje wa\u017cno\u015b\u0107 poszczeg\u00f3lnych postanowie\u0144 w odniesieniu do siebie; wa\u017cno\u015b\u0107 poszczeg\u00f3lnych postanowie\u0144 nie ma wp\u0142ywu na wa\u017cno\u015b\u0107 innych poszczeg\u00f3lnych postanowie\u0144. Zmiany wchodz\u0105 w \u017cycie wraz z publikacj\u0105 online. Kontynuuj\u0105c korzystanie z platformy edukacyjnej, u\u017cytkownicy wyra\u017caj\u0105 zgod\u0119 na zmienion\u0105 umow\u0119.<br><br>Status: 12 sierpnia 2022 r.<\/td><\/tr><\/tbody><\/table><\/figure>","protected":false},"excerpt":{"rendered":"<p>Nutzungsvereinbarung 1. Nutzung der Lernplattform Die Lernplattform wird von Lehrke Verlag GmbH betrieben. Die Inhalte der Lernplattform stehen den Nutzenden nach Ma\u00dfgabe der Administration und grunds\u00e4tzlich kostenlos zur Verf\u00fcgung. Das Nutzungsrecht erlischt automatisch mit dem Ausscheiden aus der Mitgliedsinstitution oder mit der Beendigung einer Projektpartnerschaft, sofern kein besonderer Status (z. B. als Alumni) ausgesprochen worden [&hellip;]<\/p>\n","protected":false},"author":1,"featured_media":0,"parent":0,"menu_order":0,"comment_status":"closed","ping_status":"closed","template":"","meta":{"site-sidebar-layout":"default","site-content-layout":"","ast-site-content-layout":"default","site-content-style":"default","site-sidebar-style":"default","ast-global-header-display":"","ast-banner-title-visibility":"","ast-main-header-display":"","ast-hfb-above-header-display":"","ast-hfb-below-header-display":"","ast-hfb-mobile-header-display":"","site-post-title":"","ast-breadcrumbs-content":"","ast-featured-img":"","footer-sml-layout":"","ast-disable-related-posts":"","theme-transparent-header-meta":"","adv-header-id-meta":"","stick-header-meta":"","header-above-stick-meta":"","header-main-stick-meta":"","header-below-stick-meta":"","astra-migrate-meta-layouts":"default","ast-page-background-enabled":"default","ast-page-background-meta":{"desktop":{"background-color":"","background-image":"","background-repeat":"repeat","background-position":"center center","background-size":"auto","background-attachment":"scroll","background-type":"","background-media":"","overlay-type":"","overlay-color":"","overlay-opacity":"","overlay-gradient":""},"tablet":{"background-color":"","background-image":"","background-repeat":"repeat","background-position":"center center","background-size":"auto","background-attachment":"scroll","background-type":"","background-media":"","overlay-type":"","overlay-color":"","overlay-opacity":"","overlay-gradient":""},"mobile":{"background-color":"","background-image":"","background-repeat":"repeat","background-position":"center center","background-size":"auto","background-attachment":"scroll","background-type":"","background-media":"","overlay-type":"","overlay-color":"","overlay-opacity":"","overlay-gradient":""}},"ast-content-background-meta":{"desktop":{"background-color":"var(--ast-global-color-5)","background-image":"","background-repeat":"repeat","background-position":"center center","background-size":"auto","background-attachment":"scroll","background-type":"","background-media":"","overlay-type":"","overlay-color":"","overlay-opacity":"","overlay-gradient":""},"tablet":{"background-color":"var(--ast-global-color-5)","background-image":"","background-repeat":"repeat","background-position":"center center","background-size":"auto","background-attachment":"scroll","background-type":"","background-media":"","overlay-type":"","overlay-color":"","overlay-opacity":"","overlay-gradient":""},"mobile":{"background-color":"var(--ast-global-color-5)","background-image":"","background-repeat":"repeat","background-position":"center center","background-size":"auto","background-attachment":"scroll","background-type":"","background-media":"","overlay-type":"","overlay-color":"","overlay-opacity":"","overlay-gradient":""}},"footnotes":""},"class_list":["post-26010","page","type-page","status-publish","hentry"],"_links":{"self":[{"href":"https:\/\/einfach-mehr-wissen.de\/pl\/wp-json\/wp\/v2\/pages\/26010","targetHints":{"allow":["GET"]}}],"collection":[{"href":"https:\/\/einfach-mehr-wissen.de\/pl\/wp-json\/wp\/v2\/pages"}],"about":[{"href":"https:\/\/einfach-mehr-wissen.de\/pl\/wp-json\/wp\/v2\/types\/page"}],"author":[{"embeddable":true,"href":"https:\/\/einfach-mehr-wissen.de\/pl\/wp-json\/wp\/v2\/users\/1"}],"replies":[{"embeddable":true,"href":"https:\/\/einfach-mehr-wissen.de\/pl\/wp-json\/wp\/v2\/comments?post=26010"}],"version-history":[{"count":6,"href":"https:\/\/einfach-mehr-wissen.de\/pl\/wp-json\/wp\/v2\/pages\/26010\/revisions"}],"predecessor-version":[{"id":27414,"href":"https:\/\/einfach-mehr-wissen.de\/pl\/wp-json\/wp\/v2\/pages\/26010\/revisions\/27414"}],"wp:attachment":[{"href":"https:\/\/einfach-mehr-wissen.de\/pl\/wp-json\/wp\/v2\/media?parent=26010"}],"curies":[{"name":"wp","href":"https:\/\/api.w.org\/{rel}","templated":true}]}}