{"id":25400,"date":"2022-07-01T09:03:49","date_gmt":"2022-07-01T09:03:49","guid":{"rendered":"https:\/\/einfach-mehr-wissen.de\/?page_id=25400"},"modified":"2022-10-06T09:09:25","modified_gmt":"2022-10-06T09:09:25","slug":"agb-kundeninformationen","status":"publish","type":"page","link":"https:\/\/einfach-mehr-wissen.de\/ro\/agb-kundeninformationen\/","title":{"rendered":"AGB &amp; Informa\u021bii pentru clien\u021bi"},"content":{"rendered":"<p>Mai jos g\u0103si\u021bi Termenii \u0219i condi\u021biile generale ale Lehrke Verlag, precum \u0219i informa\u021bii pentru clien\u021bi. Le-am redactat \u00eentr-o form\u0103 c\u00e2t mai u\u0219or de \u00een\u021beles pentru dumneavoastr\u0103.<\/p>\n\n\n\n<p>Dac\u0103 mai ave\u021bi o \u00eentrebare, v\u0103 rug\u0103m s\u0103 ne contacta\u021bi prin e-mail (mail(at)lehrke-verlag.de).<\/p>\n\n\n\n<p>\u200b<\/p>\n\n\n\n<p><strong>Termeni \u0219i condi\u021bii generale cu informa\u021bii pentru clien\u021bi<\/strong><\/p>\n\n\n\n<p><strong>Cuprins<\/strong><\/p>\n\n\n\n<ol class=\"wp-block-list\"><li>Domeniul de aplicare<\/li><li>\u00cencheierea contractului<\/li><li>Dreptul de retragere<\/li><li>Pre\u021buri \u0219i condi\u021bii de plat\u0103<\/li><li>Condi\u021bii de livrare \u0219i de expediere<\/li><li>P\u0103strarea titlului de proprietate<\/li><li>R\u0103spunderea pentru defecte (garan\u021bie)<\/li><li>Condi\u021bii speciale pentru prelucrarea m\u0103rfurilor \u00een conformitate cu anumite specifica\u021bii ale clientului<\/li><li>Legea aplicabil\u0103<\/li><li>Locul de jurisdic\u021bie<\/li><li>Solu\u021bionarea alternativ\u0103 a litigiilor<\/li><\/ol>\n\n\n\n<p><strong>1. domeniul de aplicare<\/strong><\/p>\n\n\n\n<p><strong>\u200b<\/strong><\/p>\n\n\n\n<p>1.1. Ace\u0219ti Termeni \u0219i condi\u021bii generale (denumi\u021bi \u00een continuare \"TCG\") ai societ\u0103\u021bii Lehrke Verlag (denumit\u0103 \u00een continuare \"V\u00e2nz\u0103tor\") se aplic\u0103 tuturor contractelor \u00eencheiate \u00eentre un consumator sau un comerciant (denumit \u00een continuare \"Client\") \u0219i V\u00e2nz\u0103tor cu privire la toate bunurile \u0219i\/sau serviciile prezentate \u00een magazinul online al V\u00e2nz\u0103torului. Includerea propriilor termeni \u0219i condi\u021bii ale Clientului este respins\u0103 prin prezenta, cu excep\u021bia cazului \u00een care se convine altfel.<\/p>\n\n\n\n<p>\u200b<\/p>\n\n\n\n<p>1.2. Prezentele CGV se aplic\u0103 \u00een mod corespunz\u0103tor contractelor de livrare de bonuri, cu excep\u021bia cazului \u00een care se prevede altfel \u00een mod expres.<\/p>\n\n\n\n<p>\u200b<\/p>\n\n\n\n<p>1.3 Un consumator, \u00een sensul prezentelor CGC, este orice persoan\u0103 fizic\u0103 care \u00eencheie o tranzac\u021bie juridic\u0103 \u00een scopuri care nu sunt predominant nici comerciale, nici independente. Un \u00eentreprinz\u0103tor, \u00een sensul prezentelor CGC, este o persoan\u0103 fizic\u0103 sau juridic\u0103 sau un parteneriat cu capacitate juridic\u0103 care, la \u00eencheierea unei tranzac\u021bii juridice, ac\u021bioneaz\u0103 \u00een exercitarea activit\u0103\u021bii sale comerciale sau profesionale independente.<\/p>\n\n\n\n<p><strong>2 \u00cencheierea contractului<\/strong><\/p>\n\n\n\n<p><strong>\u200b<\/strong><\/p>\n\n\n\n<p>2.1. Descrierile de produse con\u021binute \u00een magazinul online al v\u00e2nz\u0103torului nu constituie oferte ferme din partea v\u00e2nz\u0103torului, ci servesc la prezentarea unei oferte ferme de c\u0103tre client.<\/p>\n\n\n\n<p>\u200b<\/p>\n\n\n\n<p>2.2. Clientul poate trimite oferta prin intermediul formularului de comand\u0103 online integrat \u00een magazinul online al v\u00e2nz\u0103torului. Dup\u0103 plasarea bunurilor selectate \u00een co\u0219ul virtual de cump\u0103r\u0103turi \u0219i parcurgerea procesului electronic de comand\u0103, clientul depune o ofert\u0103 contractual\u0103 obligatorie din punct de vedere juridic cu privire la bunurile con\u021binute \u00een co\u0219ul de cump\u0103r\u0103turi, f\u0103c\u00e2nd clic pe butonul care \u00eencheie procesul de comand\u0103. \u00cen plus, clientul poate, de asemenea, s\u0103 transmit\u0103 oferta v\u00e2nz\u0103torului prin telefon, fax, e-mail, po\u0219t\u0103 sau prin formularul de contact online.<\/p>\n\n\n\n<p>\u200b<\/p>\n\n\n\n<p>2.3 V\u00e2nz\u0103torul poate accepta oferta clientului \u00een termen de cinci zile,<\/p>\n\n\n\n<ul class=\"wp-block-list\"><li>prin trimiterea c\u0103tre client a unei confirm\u0103ri scrise a comenzii sau a unei confirm\u0103ri a comenzii \u00een format text (fax sau e-mail), caz \u00een care primirea confirm\u0103rii comenzii de c\u0103tre client este decisiv\u0103, sau<\/li><li>prin livrarea bunurilor comandate c\u0103tre client, caz \u00een care este decisiv\u0103 primirea bunurilor de c\u0103tre client, sau prin solicitarea pl\u0103\u021bii de la client dup\u0103 ce acesta a plasat comanda.<\/li><\/ul>\n\n\n\n<p>\u00cen cazul \u00een care exist\u0103 mai multe dintre alternativele men\u021bionate mai sus, contractul se \u00eencheie \u00een momentul \u00een care una dintre alternativele men\u021bionate mai sus apare prima. Perioada de acceptare a ofertei \u00eencepe \u00een ziua urm\u0103toare trimiterii ofertei de c\u0103tre client \u0219i se \u00eencheie la expirarea celei de-a cincea zile de la trimiterea ofertei. \u00cen cazul \u00een care v\u00e2nz\u0103torul nu accept\u0103 oferta clientului \u00een termenul men\u021bionat mai sus, acest lucru este considerat a fi o respingere a ofertei, cu consecin\u021ba c\u0103 clientul nu mai este obligat prin declara\u021bia sa de inten\u021bie.<\/p>\n\n\n\n<p>\u200b<\/p>\n\n\n\n<p>2.4. La transmiterea unei oferte prin intermediul formularului de comand\u0103 online al V\u00e2nz\u0103torului, textul contractului va fi stocat de c\u0103tre V\u00e2nz\u0103tor dup\u0103 \u00eencheierea contractului \u0219i va fi transmis clientului sub form\u0103 de text (de exemplu, e-mail, fax sau scrisoare) dup\u0103 ce comanda clientului a fost trimis\u0103. \u00cen afar\u0103 de aceasta, v\u00e2nz\u0103torul nu pune la dispozi\u021bie textul contractului. \u00cen cazul \u00een care clientul \u0219i-a creat un cont de utilizator \u00een magazinul online al v\u00e2nz\u0103torului \u00eenainte de a trimite comanda, datele comenzii vor fi arhivate pe site-ul web al v\u00e2nz\u0103torului \u0219i pot fi accesate gratuit de c\u0103tre client prin intermediul contului s\u0103u de utilizator protejat prin parol\u0103, furniz\u00e2nd datele de acces corespunz\u0103toare.<\/p>\n\n\n\n<p>\u200b<\/p>\n\n\n\n<p>2.5 \u00cenainte de a trimite o comand\u0103 obligatorie prin intermediul formularului de comand\u0103 online al v\u00e2nz\u0103torului, clientul poate identifica eventualele erori de introducere a datelor citind cu aten\u021bie informa\u021biile afi\u0219ate pe ecran. Un mijloc tehnic eficient pentru o mai bun\u0103 recunoa\u0219tere a erorilor de introducere a datelor poate fi func\u021bia de zoom a browserului, cu ajutorul c\u0103reia se m\u0103re\u0219te imaginea de pe ecran. Clientul \u00ee\u0219i poate corecta datele introduse \u00een timpul procesului de comand\u0103 electronic\u0103 folosind func\u021biile obi\u0219nuite ale tastaturii \u0219i ale mouse-ului p\u00e2n\u0103 c\u00e2nd face clic pe butonul care finalizeaz\u0103 procesul de comand\u0103.<\/p>\n\n\n\n<p>\u200b<\/p>\n\n\n\n<p>2.6 Pentru \u00eencheierea contractului este disponibil\u0103 doar limba german\u0103.<\/p>\n\n\n\n<p>\u200b<\/p>\n\n\n\n<p>2.7 Prelucrarea comenzilor \u0219i contactarea se realizeaz\u0103 de obicei prin e-mail \u0219i prin procesarea automat\u0103 a comenzilor. Clientul trebuie s\u0103 se asigure c\u0103 adresa de e-mail pe care o furnizeaz\u0103 pentru procesarea comenzii este corect\u0103, astfel \u00eenc\u00e2t e-mailurile trimise de v\u00e2nz\u0103tor s\u0103 poat\u0103 fi primite la aceast\u0103 adres\u0103. \u00cen special, atunci c\u00e2nd utilizeaz\u0103 filtre SPAM, clientul trebuie s\u0103 se asigure c\u0103 toate e-mailurile trimise de v\u00e2nz\u0103tor sau de ter\u021bi \u00eens\u0103rcina\u021bi de v\u00e2nz\u0103tor s\u0103 proceseze comanda pot fi livrate.<\/p>\n\n\n\n<p>\u200b<\/p>\n\n\n\n<p><strong>3. dreptul de retragere<\/strong><\/p>\n\n\n\n<p>\u200b<\/p>\n\n\n\n<p>3.1 Consumatorii au, \u00een general, dreptul de retragere.<\/p>\n\n\n\n<p>\u200b<\/p>\n\n\n\n<p>3.2 Informa\u021bii mai detaliate privind dreptul de retragere pot fi g\u0103site \u00een instruc\u021biunile de retragere ale v\u00e2nz\u0103torului.<\/p>\n\n\n\n<p>\u200b<\/p>\n\n\n\n<p>3.3 Dreptul de retragere nu se aplic\u0103 consumatorilor care nu apar\u021bin unui stat membru al Uniunii Europene la momentul \u00eencheierii contractului \u0219i al c\u0103ror unic loc de re\u0219edin\u021b\u0103 \u0219i adres\u0103 de livrare se afl\u0103 \u00een afara Uniunii Europene la momentul \u00eencheierii contractului.<\/p>\n\n\n\n<p>\u200b<\/p>\n\n\n\n<p><strong>4. pre\u021buri \u0219i condi\u021bii de plat\u0103<\/strong><\/p>\n\n\n\n<p><strong>\u200b<\/strong><\/p>\n\n\n\n<p>4.1 Cu excep\u021bia cazului \u00een care se specific\u0103 altfel \u00een descrierea produsului de c\u0103tre v\u00e2nz\u0103tor, pre\u021burile indicate sunt pre\u021buri totale care includ taxa pe valoarea ad\u0103ugat\u0103 legal\u0103. Orice costuri suplimentare de livrare \u0219i de transport vor fi men\u021bionate separat \u00een descrierea produsului respectiv.<\/p>\n\n\n\n<p>\u200b<\/p>\n\n\n\n<p>4.2 \u00cen cazul livr\u0103rilor \u00een \u021b\u0103ri din afara Uniunii Europene, \u00een cazuri individuale pot ap\u0103rea costuri suplimentare pentru care v\u00e2nz\u0103torul nu este responsabil \u0219i care trebuie suportate de client. Printre acestea se num\u0103r\u0103, de exemplu, costurile pentru transferul de fonduri de c\u0103tre institu\u021biile de credit (de exemplu, comisioanele de transfer, comisioanele de schimb valutar) sau taxele sau impozitele de import (de exemplu, taxele vamale). Astfel de costuri pot fi, de asemenea, suportate \u00een leg\u0103tur\u0103 cu transferul de fonduri \u00een cazul \u00een care livrarea nu este efectuat\u0103 \u00eentr-o \u021bar\u0103 din afara Uniunii Europene, dar clientul efectueaz\u0103 plata dintr-o \u021bar\u0103 din afara Uniunii Europene.<\/p>\n\n\n\n<p>\u200b<\/p>\n\n\n\n<p>4.3. Clientul va fi informat cu privire la op\u021biunea (op\u021biunile) de plat\u0103 \u00een magazinul online al v\u00e2nz\u0103torului.<\/p>\n\n\n\n<p>\u200b<\/p>\n\n\n\n<p>4.4 \u00cen cazul \u00een care s-a convenit asupra pl\u0103\u021bii \u00een avans prin transfer bancar, plata este datorat\u0103 imediat dup\u0103 \u00eencheierea contractului, cu excep\u021bia cazului \u00een care p\u0103r\u021bile au convenit asupra unei date de scaden\u021b\u0103 ulterioare.<\/p>\n\n\n\n<p>\u200b<\/p>\n\n\n\n<p>4.5 Dac\u0103 plata este efectuat\u0103 utiliz\u00e2nd o metod\u0103 de plat\u0103 oferit\u0103 de PayPal, plata este procesat\u0103 prin intermediul prestatorului de servicii de plat\u0103 PayPal (Europe) S.\u00e0 r.l. et Cie, S.C.A., 22-24 Boulevard Royal, L-2449 Luxembourg (denumit \u00een continuare \"PayPal\"), sub rezerva Termenilor de utilizare PayPal, care pot fi consulta\u021bi la adresa&nbsp;<a href=\"https:\/\/www.paypal.com\/de\/webapps\/mpp\/ua\/useragreement-full\" target=\"_blank\" rel=\"noreferrer noopener\">https:\/\/www.paypal.com\/de\/webapps\/mpp\/ua\/useragreement-full<\/a>&nbsp;sau &#8211; \u00een cazul \u00een care clientul nu are un cont PayPal &#8211; \u00een conformitate cu termenii \u0219i condi\u021biile pentru pl\u0103\u021bi f\u0103r\u0103 cont PayPal, care pot fi vizualizate la adresa&nbsp;<a href=\"https:\/\/www.paypal.com\/de\/webapps\/mpp\/ua\/privacywax-full.\" target=\"_blank\" rel=\"noreferrer noopener\">https:\/\/www.paypal.com\/de\/webapps\/mpp\/ua\/privacywax-full.<\/a><\/p>\n\n\n\n<p>\u200b<\/p>\n\n\n\n<p>4.6 Dac\u0103 este selectat\u0103 metoda de plat\u0103 \"SOFORT\", plata este procesat\u0103 prin intermediul prestatorului de servicii de plat\u0103 SOFORT GmbH, Theresienh\u00f6he 12, 80339 M\u00fcnchen (denumit \u00een continuare \"SOFORT\"). Pentru a putea pl\u0103ti valoarea facturii prin intermediul \"SOFORT\", clientul trebuie s\u0103 aib\u0103 un cont bancar online activat pentru participarea la \"SOFORT\", s\u0103 se legitimeze corespunz\u0103tor \u00een timpul procesului de plat\u0103 \u0219i s\u0103 confirme instruc\u021biunea de plat\u0103 c\u0103tre \"SOFORT\". Opera\u021biunea de plat\u0103 este apoi executat\u0103 imediat de \"SOFORT\" \u0219i contul bancar al clientului este debitat. Clientul poate g\u0103si mai multe informa\u021bii privind metoda de plat\u0103 \"SOFORT\" pe internet, la adresa&nbsp;<a href=\"https:\/\/www.klarna.com\/sofort\/\" target=\"_blank\" rel=\"noreferrer noopener\">https:\/\/www.klarna.com\/sofort\/<\/a>&nbsp;recupera.<\/p>\n\n\n\n<p>\u200b<\/p>\n\n\n\n<p>4.7 \u00cen cazul \u00een care este selectat\u0103 metoda de plat\u0103 achizi\u021bie \u00een cont, pre\u021bul de achizi\u021bie devine scadent dup\u0103 ce bunurile au fost livrate \u0219i facturate. \u00cen acest caz, pre\u021bul de achizi\u021bie se pl\u0103te\u0219te \u00een termen de 14 (paisprezece) zile de la primirea facturii, f\u0103r\u0103 nicio deducere, cu excep\u021bia cazului \u00een care se convine altfel. V\u00e2nz\u0103torul \u00ee\u0219i rezerv\u0103 dreptul de a oferi metoda de plat\u0103 \"cump\u0103rare \u00een cont\" numai p\u00e2n\u0103 la un anumit volum de comenzi \u0219i de a refuza aceast\u0103 metod\u0103 de plat\u0103 \u00een cazul \u00een care volumul de comenzi specificat este dep\u0103\u0219it. \u00cen acest caz, v\u00e2nz\u0103torul va informa clientul cu privire la o restric\u021bie de plat\u0103 corespunz\u0103toare \u00een informa\u021biile sale de plat\u0103 din magazinul online. \u00cen plus, v\u00e2nz\u0103torul \u00ee\u0219i rezerv\u0103 dreptul de a efectua o verificare a solvabilit\u0103\u021bii atunci c\u00e2nd selecteaz\u0103 metoda de plat\u0103 \"cump\u0103rare \u00een cont\" \u0219i de a respinge aceast\u0103 metod\u0103 de plat\u0103 \u00een cazul unei verific\u0103ri negative a solvabilit\u0103\u021bii.<\/p>\n\n\n\n<p>\u200b<\/p>\n\n\n\n<p><strong>5. condi\u021bii de livrare \u0219i de expediere<\/strong><\/p>\n\n\n\n<p>5.1. Livrarea bunurilor se face prin expediere la adresa de livrare furnizat\u0103 de client, cu excep\u021bia cazului \u00een care se convine altfel. Adresa de livrare specificat\u0103 \u00een procesarea comenzii v\u00e2nz\u0103torului este decisiv\u0103 pentru procesarea tranzac\u021biei.<\/p>\n\n\n\n<p>\u200b<\/p>\n\n\n\n<p>5.2. \u00cen cazul \u00een care societatea de transport returneaz\u0103 v\u00e2nz\u0103torului bunurile expediate, deoarece livrarea c\u0103tre client nu a fost posibil\u0103, clientul suport\u0103 costurile pentru expedierea nereu\u0219it\u0103. Acest lucru nu se aplic\u0103 \u00een cazul \u00een care clientul nu este r\u0103spunz\u0103tor de circumstan\u021bele care au dus la imposibilitatea livr\u0103rii sau dac\u0103 a fost \u00eempiedicat temporar s\u0103 accepte serviciul oferit, cu excep\u021bia cazului \u00een care v\u00e2nz\u0103torul l-a anun\u021bat cu un preaviz rezonabil. \u00cen plus, acest lucru nu se aplic\u0103 \u00een ceea ce prive\u0219te costurile de returnare \u00een cazul \u00een care clientul \u00ee\u0219i exercit\u0103 efectiv dreptul de retragere. \u00cen cazul exercit\u0103rii efective a dreptului de retragere de c\u0103tre client, pentru costurile de retur se aplic\u0103 prevederile din instruc\u021biunile de retragere ale v\u00e2nz\u0103torului.<\/p>\n\n\n\n<p>\u200b<\/p>\n\n\n\n<p>5.3 Autocolectarea nu este posibil\u0103 din motive logistice.<\/p>\n\n\n\n<p>\u200b<\/p>\n\n\n\n<p><strong>6. re\u021binerea titlului de proprietate<\/strong><\/p>\n\n\n\n<p><strong>\u200b<\/strong><\/p>\n\n\n\n<p>\u00cen cazul \u00een care v\u00e2nz\u0103torul efectueaz\u0103 o plat\u0103 \u00een avans, acesta \u00ee\u0219i p\u0103streaz\u0103 dreptul de proprietate asupra bunurilor livrate p\u00e2n\u0103 la plata integral\u0103 a pre\u021bului de achizi\u021bie datorat.<\/p>\n\n\n\n<p>\u200b<\/p>\n\n\n\n<p><strong>7. r\u0103spunderea pentru defecte (garan\u021bie)<\/strong><\/p>\n\n\n\n<p><strong>\u200b<\/strong><\/p>\n\n\n\n<p>7.1. \u00cen cazul \u00een care articolul achizi\u021bionat este defect, se aplic\u0103 prevederile r\u0103spunderii legale pentru defecte.<\/p>\n\n\n\n<p>\u200b<\/p>\n\n\n\n<p>7.2. Clientul este rugat s\u0103 reclame livr\u0103rile de bunuri livrate care prezint\u0103 daune evidente de transport la expeditor \u0219i s\u0103 informeze v\u00e2nz\u0103torul cu privire la acest lucru. \u00cen cazul \u00een care clientul nu face acest lucru, acest lucru nu va avea niciun efect asupra preten\u021biilor sale legale sau contractuale pentru defecte.<\/p>\n\n\n\n<p>\u200b<\/p>\n\n\n\n<p><strong>8. condi\u021bii speciale de prelucrare a m\u0103rfurilor \u00een conformitate cu anumite specifica\u021bii ale clientului<\/strong><\/p>\n\n\n\n<p><strong>\u200b<\/strong><\/p>\n\n\n\n<p>8.1 \u00cen cazul \u00een care, conform con\u021binutului contractului, v\u00e2nz\u0103torul, pe l\u00e2ng\u0103 livrarea m\u0103rfii, datoreaz\u0103 \u0219i prelucrarea m\u0103rfii \u00een conformitate cu anumite specifica\u021bii ale clientului, clientul trebuie s\u0103 pun\u0103 la dispozi\u021bia operatorului tot con\u021binutul necesar pentru prelucrare, cum ar fi texte, imagini sau grafice \u00een formatele de fi\u0219ier, formatarea, imaginea \u0219i dimensiunile de fi\u0219ier specificate de operator \u0219i s\u0103 \u00eei acorde acestuia drepturile de utilizare necesare pentru aceasta. Clientul este singurul responsabil pentru ob\u021binerea \u0219i achizi\u021bionarea drepturilor pentru acest con\u021binut. Clientul declar\u0103 \u0219i \u00ee\u0219i asum\u0103 responsabilitatea pentru faptul c\u0103 are dreptul de a utiliza con\u021binutul furnizat v\u00e2nz\u0103torului. \u00cen special, acesta se asigur\u0103 c\u0103 nu sunt \u00eenc\u0103lcate drepturile ter\u021bilor, \u00een special drepturile de autor, drepturile de marc\u0103 \u0219i drepturile personale.<\/p>\n\n\n\n<p>\u200b<\/p>\n\n\n\n<p>8.2. Clientul va desp\u0103gubi v\u00e2nz\u0103torul \u00eempotriva preten\u021biilor ter\u021bilor care ar putea fi formulate \u00eempotriva v\u00e2nz\u0103torului \u00een leg\u0103tur\u0103 cu o \u00eenc\u0103lcare a drepturilor lor prin utilizarea contractual\u0103 a con\u021binutului clientului. De asemenea, clientul suport\u0103 costurile rezonabile ale ap\u0103r\u0103rii juridice necesare, inclusiv toate cheltuielile de judecat\u0103 \u0219i onorariile avoca\u021bilor \u00een cuantumul legal. Acest lucru nu se aplic\u0103 \u00een cazul \u00een care clientul nu este responsabil pentru \u00eenc\u0103lcarea legii. \u00cen cazul unei reclama\u021bii din partea unei ter\u021be p\u0103r\u021bi, clientul este obligat s\u0103 furnizeze v\u00e2nz\u0103torului imediat, \u00een mod sincer \u0219i complet, toate informa\u021biile necesare pentru examinarea reclama\u021biilor \u0219i pentru o ap\u0103rare.<\/p>\n\n\n\n<p>\u200b<\/p>\n\n\n\n<p>8.3. V\u00e2nz\u0103torul \u00ee\u0219i rezerv\u0103 dreptul de a refuza procesarea comenzilor \u00een cazul \u00een care con\u021binutul furnizat de client \u00een acest scop \u00eencalc\u0103 interdic\u021bii legale sau oficiale sau jigne\u0219te bunele moravuri. Acest lucru se aplic\u0103 \u00een special \u00een cazul furniz\u0103rii de con\u021binut anticonstitu\u021bional, rasist, xenofob, discriminatoriu, ofensator, care pune \u00een pericol tineretul \u0219i\/sau glorific\u0103 violen\u021ba.<\/p>\n\n\n\n<p>\u200b<\/p>\n\n\n\n<p><strong>9 Legea aplicabil\u0103<\/strong><\/p>\n\n\n\n<p>\u200b<\/p>\n\n\n\n<p>9.1 Toate raporturile juridice dintre p\u0103r\u021bi sunt guvernate de legisla\u021bia Republicii Federale Germania, cu excep\u021bia legisla\u021biei privind v\u00e2nzarea interna\u021bional\u0103 de bunuri mobile. \u00cen cazul consumatorilor, aceast\u0103 alegere a legii aplicabile se aplic\u0103 numai \u00een m\u0103sura \u00een care protec\u021bia acordat\u0103 nu este retras\u0103 de dispozi\u021biile imperative ale legisla\u021biei \u021b\u0103rii \u00een care consumatorul \u00ee\u0219i are re\u0219edin\u021ba obi\u0219nuit\u0103.<\/p>\n\n\n\n<p>\u200b<\/p>\n\n\n\n<p>9.2 \u00cen plus, aceast\u0103 alegere a legii aplicabile \u00een ceea ce prive\u0219te dreptul legal de retragere nu se aplic\u0103 consumatorilor care nu apar\u021bin unui stat membru al Uniunii Europene la momentul \u00eencheierii contractului \u0219i al c\u0103ror unic loc de re\u0219edin\u021b\u0103 \u0219i adres\u0103 de livrare se afl\u0103 \u00een afara Uniunii Europene la momentul \u00eencheierii contractului.<\/p>\n\n\n\n<p>\u200b<\/p>\n\n\n\n<p><strong>10. locul de jurisdic\u021bie<\/strong><\/p>\n\n\n\n<p>\u200b<\/p>\n\n\n\n<p>\u00cen cazul \u00een care clientul este un comerciant, o persoan\u0103 juridic\u0103 de drept public sau un fond special de drept public cu sediul social pe teritoriul Republicii Federale Germania, locul exclusiv de jurisdic\u021bie pentru toate litigiile care decurg din prezentul contract este sediul comercial al v\u00e2nz\u0103torului. \u00cen cazul \u00een care clientul are domiciliul \u00een afara teritoriului Republicii Federale Germania, locul de desf\u0103\u0219urare a activit\u0103\u021bii v\u00e2nz\u0103torului este locul exclusiv de jurisdic\u021bie pentru toate litigiile care decurg din prezentul contract, \u00een cazul \u00een care contractul sau preten\u021biile care decurg din contract pot fi atribuite activit\u0103\u021bii profesionale sau comerciale a clientului. Cu toate acestea, \u00een cazurile men\u021bionate mai sus, v\u00e2nz\u0103torul are \u00een orice caz dreptul de a introduce o ac\u021biune \u00een fa\u021ba instan\u021bei de la sediul clientului.<br>&nbsp;<\/p>\n\n\n\n<p><strong>11. solu\u021bionarea alternativ\u0103 a litigiilor<\/strong><\/p>\n\n\n\n<p><strong>\u200b<\/strong><\/p>\n\n\n\n<p>11.1 Comisia European\u0103 pune la dispozi\u021bie o platform\u0103 de solu\u021bionare online a litigiilor pe internet la urm\u0103torul link:&nbsp;<a href=\"https:\/\/ec.europa.eu\/consumers\/odr\" target=\"_blank\" rel=\"noreferrer noopener\">https:\/\/ec.europa.eu\/consumers\/odr<\/a><\/p>\n\n\n\n<p>Aceast\u0103 platform\u0103 serve\u0219te drept punct de contact pentru solu\u021bionarea extrajudiciar\u0103 a litigiilor care decurg din contractele de achizi\u021bie sau de servicii online care implic\u0103 un consumator.<\/p>\n\n\n\n<p>\u200b<\/p>\n\n\n\n<p>11.2 V\u00e2nz\u0103torul nu este obligat \u0219i nici nu dore\u0219te s\u0103 participe la o procedur\u0103 de solu\u021bionare a litigiilor \u00een fa\u021ba unei comisii de arbitraj pentru consumatori.<\/p>\n\n\n\n<p>\u200b<\/p>","protected":false},"excerpt":{"rendered":"<p>Im Folgenden finden Sie die Allgemeinen Gesch\u00e4ftsbedingungen vom Lehrke Verlag&nbsp; sowie Kundeninformationen. Wir haben diese in einer f\u00fcr Sie m\u00f6glichst verst\u00e4ndlichen Form verfasst. Sollten Sie dennoch eine Frage haben, kontaktieren Sie uns gerne per E-Mail (mail(at)lehrke-verlag.de). \u200b Allgemeine Gesch\u00e4ftsbedingungen mit Kundeninformationen Inhaltsverzeichnis Geltungsbereich Vertragsschluss Widerrufsrecht Preise und Zahlungsbedingungen Liefer- und Versandbedingungen Eigentumsvorbehalt M\u00e4ngelhaftung (Gew\u00e4hrleistung) Besondere [&hellip;]<\/p>\n","protected":false},"author":1,"featured_media":0,"parent":0,"menu_order":0,"comment_status":"closed","ping_status":"closed","template":"","meta":{"site-sidebar-layout":"default","site-content-layout":"","ast-site-content-layout":"default","site-content-style":"default","site-sidebar-style":"default","ast-global-header-display":"","ast-banner-title-visibility":"","ast-main-header-display":"","ast-hfb-above-header-display":"","ast-hfb-below-header-display":"","ast-hfb-mobile-header-display":"","site-post-title":"","ast-breadcrumbs-content":"","ast-featured-img":"","footer-sml-layout":"","ast-disable-related-posts":"","theme-transparent-header-meta":"","adv-header-id-meta":"","stick-header-meta":"","header-above-stick-meta":"","header-main-stick-meta":"","header-below-stick-meta":"","astra-migrate-meta-layouts":"default","ast-page-background-enabled":"default","ast-page-background-meta":{"desktop":{"background-color":"","background-image":"","background-repeat":"repeat","background-position":"center center","background-size":"auto","background-attachment":"scroll","background-type":"","background-media":"","overlay-type":"","overlay-color":"","overlay-opacity":"","overlay-gradient":""},"tablet":{"background-color":"","background-image":"","background-repeat":"repeat","background-position":"center center","background-size":"auto","background-attachment":"scroll","background-type":"","background-media":"","overlay-type":"","overlay-color":"","overlay-opacity":"","overlay-gradient":""},"mobile":{"background-color":"","background-image":"","background-repeat":"repeat","background-position":"center center","background-size":"auto","background-attachment":"scroll","background-type":"","background-media":"","overlay-type":"","overlay-color":"","overlay-opacity":"","overlay-gradient":""}},"ast-content-background-meta":{"desktop":{"background-color":"var(--ast-global-color-5)","background-image":"","background-repeat":"repeat","background-position":"center center","background-size":"auto","background-attachment":"scroll","background-type":"","background-media":"","overlay-type":"","overlay-color":"","overlay-opacity":"","overlay-gradient":""},"tablet":{"background-color":"var(--ast-global-color-5)","background-image":"","background-repeat":"repeat","background-position":"center center","background-size":"auto","background-attachment":"scroll","background-type":"","background-media":"","overlay-type":"","overlay-color":"","overlay-opacity":"","overlay-gradient":""},"mobile":{"background-color":"var(--ast-global-color-5)","background-image":"","background-repeat":"repeat","background-position":"center center","background-size":"auto","background-attachment":"scroll","background-type":"","background-media":"","overlay-type":"","overlay-color":"","overlay-opacity":"","overlay-gradient":""}},"footnotes":""},"class_list":["post-25400","page","type-page","status-publish","hentry"],"_links":{"self":[{"href":"https:\/\/einfach-mehr-wissen.de\/ro\/wp-json\/wp\/v2\/pages\/25400","targetHints":{"allow":["GET"]}}],"collection":[{"href":"https:\/\/einfach-mehr-wissen.de\/ro\/wp-json\/wp\/v2\/pages"}],"about":[{"href":"https:\/\/einfach-mehr-wissen.de\/ro\/wp-json\/wp\/v2\/types\/page"}],"author":[{"embeddable":true,"href":"https:\/\/einfach-mehr-wissen.de\/ro\/wp-json\/wp\/v2\/users\/1"}],"replies":[{"embeddable":true,"href":"https:\/\/einfach-mehr-wissen.de\/ro\/wp-json\/wp\/v2\/comments?post=25400"}],"version-history":[{"count":4,"href":"https:\/\/einfach-mehr-wissen.de\/ro\/wp-json\/wp\/v2\/pages\/25400\/revisions"}],"predecessor-version":[{"id":30764,"href":"https:\/\/einfach-mehr-wissen.de\/ro\/wp-json\/wp\/v2\/pages\/25400\/revisions\/30764"}],"wp:attachment":[{"href":"https:\/\/einfach-mehr-wissen.de\/ro\/wp-json\/wp\/v2\/media?parent=25400"}],"curies":[{"name":"wp","href":"https:\/\/api.w.org\/{rel}","templated":true}]}}