{"id":26010,"date":"2022-07-14T13:15:32","date_gmt":"2022-07-14T13:15:32","guid":{"rendered":"https:\/\/einfach-mehr-wissen.de\/?page_id=26010"},"modified":"2022-09-30T10:53:13","modified_gmt":"2022-09-30T10:53:13","slug":"nutzungsvereinbarung","status":"publish","type":"page","link":"https:\/\/einfach-mehr-wissen.de\/ro\/nutzungsvereinbarung\/","title":{"rendered":"LV: Acordul de utilizare a platformei de \u00eenv\u0103\u021bare"},"content":{"rendered":"<h1 class=\"wp-block-heading\">Acord de utilizare<\/h1>\n\n\n\n<figure class=\"wp-block-table\"><table><tbody><tr><td>1. utilizarea platformei de \u00eenv\u0103\u021bare <br>Platforma de \u00eenv\u0103\u021bare este operat\u0103 de Lehrke Verlag GmbH. Con\u021binutul platformei de \u00eenv\u0103\u021bare este disponibil pentru utilizatori \u00een conformitate cu administrarea \u0219i, \u00een principiu, gratuit.<br><br>Dreptul de utilizare expir\u0103 \u00een mod automat la p\u0103r\u0103sirea institu\u021biei membre sau la \u00eencetarea unui parteneriat de proiect, cu excep\u021bia cazului \u00een care a fost pronun\u021bat un statut special (de exemplu, ca absolvent).<br><br>2. drepturile de autor<br>Toate drepturile de autor asupra con\u021binutului r\u0103m\u00e2n la autorii respectivi.<br><br>Orice reproducere (suporturi de date, imprim\u0103ri \u0219i copii pe h\u00e2rtie sau pe alte materiale etc.) \u0219i\/sau transferul acestora c\u0103tre ter\u021bi \u00een scopuri comerciale \u00een timpul \u0219i dup\u0103 \u00eencetarea autoriza\u021biei de acces nu este permis\u0103 \u0219i va fi pedepsit\u0103 \u00een conformitate cu legisla\u021bia penal\u0103 \u0219i civil\u0103. De asemenea, aceasta va duce la \u00eencetarea imediat\u0103 a autoriza\u021biei de utilizare. Acest lucru este valabil \u0219i \u00een cazul \u00een care con\u021binutul este f\u0103cut accesibil unor ter\u021bi care nu sunt autoriza\u021bi s\u0103 \u00eel acceseze (de exemplu, prin transmiterea parolei personale).<br><br>3. protec\u021bia datelor<br>3.1 Date colectate, prelucrate \u0219i stocate<br>Pentru \u00eenregistrarea pe platform\u0103 este necesar\u0103 o adres\u0103 de e-mail valid\u0103. \u00cen plus, numele \u0219i prenumele, precum \u0219i numele de utilizator \u0219i institu\u021bia sunt obligatorii. Institu\u021bia este necesar\u0103 pentru atribuirea la institu\u021biile membre \u00een cadrul BAG digitale Lehre H\u00f6D. Aceste date cu caracter personal sunt stocate numai pentru a permite utilizatorilor s\u0103 acceseze con\u021binutul \u0219i numai pe durata utiliz\u0103rii.<br><br>Datele privind comportamentul utilizatorilor pe platforma de \u00eenv\u0103\u021bare sunt \u00eenregistrate de sistem \u0219i pot fi vizualizate de c\u0103tre administratori sau autori. Urm\u0103toarele date sunt \u00eenregistrate \u0219i stocate:<br><br><br>Acordul de consim\u021b\u0103m\u00e2nt pentru utilizare \u0219i data consim\u021b\u0103m\u00e2ntului<br>Permisiunile sau rolurile fiec\u0103rui nume de utilizator<br>Pentru apartenen\u021ba la grupe \u0219i cursuri: data \u00eenscrierii \u0219i progresul \u00eenv\u0103\u021b\u0103rii (\"Nu a \u00eenceput \u00eenc\u0103\" \/ \"\u00cen curs de desf\u0103\u0219urare\" \/ \"Lucrat\" \/ \"E\u0219uat\").<br>Date istorice: Data cre\u0103rii contului \u0219i de c\u0103tre cine (proprietar), ultima autentificare \u0219i proprietatea obiectelor.<br>Atunci c\u00e2nd se utilizeaz\u0103 sistemul de po\u0219t\u0103 electronic\u0103 intern\u0103, mesajele trimise \u0219i primite prin intermediul acestei func\u021bii de e-mail<br>La utilizarea func\u021biei de notificare automat\u0103 \u00een grupuri \u0219i cursuri, mesajele trimise \u0219i primite \u00een fiecare caz.<br>\u00cen cazul unei erori \u0219i \u00een scopul asigur\u0103rii calit\u0103\u021bii, jurnalele serverului pot fi activate \u0219i evaluate de c\u0103tre administratori. Acestea con\u021bin numele fi\u0219ierului sau al paginii recuperate, data \u0219i ora recuper\u0103rii, cantitatea de date transferate, codul de stare http, adresa IP de recuperare, precum \u0219i tipul \u0219i versiunea browserului.<br>Problemele \u0219i solicit\u0103rile de asisten\u021b\u0103 sunt transmise c\u0103tre un sistem de asisten\u021b\u0103 al furnizorului, dac\u0103 este necesar. Pe l\u00e2ng\u0103 datele cu caracter personal (numele, prenumele \u0219i adresa de e-mail), data \u0219i ora cre\u0103rii biletului de asisten\u021b\u0103, con\u021binutul biletului \u0219i istoricul proces\u0103rii acestuia, precum \u0219i cursul comunic\u0103rii ulterioare cu privire la acest bilet p\u00e2n\u0103 la \u00eenchiderea biletului (finalizarea cererii) sunt stocate acolo ca date istorice.<br>Datele pot fi accesate de urm\u0103toarele persoane \u00een scopul \u00eendeplinirii scopului:<br><br><br>Tutorii de curs, administratorii de grup \u0219i\/sau de curs pot vedea participan\u021bii \u00eenscri\u0219i \u0219i progresul lor \u00een \u00eenv\u0103\u021bare, cu date de baz\u0103 \u0219i istoric (starea \u00eenscrierii, lista participan\u021bilor, succesul \u00eenv\u0103\u021b\u0103rii, ultima autentificare\/\u00eenregistrare).<br>Membrii grupului \u0219i\/sau ai cursului v\u0103d numele de utilizator ale membrilor respectivi \u0219i \u00eei pot contacta. Alte detalii (a\u0219a-numitele date de profil) sunt vizibile numai dac\u0103 au fost publicate de c\u0103tre utilizatorul respectiv.<br>\u00cen timpul utiliz\u0103rii, to\u021bi participan\u021bii pot vedea cine se afl\u0103 \u00een acela\u0219i timp pe platforma de \u00eenv\u0103\u021bare (\"Utilizatori activi\" - afi\u0219are). utilizatorii stabilesc ei \u00een\u0219i\u0219i datele dincolo de publicarea numelui \u0219i a numelui de utilizator \u00een profilul personal.<br><br>3.2 Stocarea datelor<br>Datele sunt stocate de c\u0103tre un furnizor sub forma unei prelucr\u0103ri de date comandate. Este disponibil un contract \u00een conformitate cu dispozi\u021biile Regulamentului german privind protec\u021bia datelor (DSGVO).<br>Numele \u0219i adresa furnizorului actual:<br><br>STRATO AG<br>Strada Otto Ostrowski 7<br>D-10249 Berlin<br>\u2003\u2003<a rel=\"noreferrer noopener\" href=\"https:\/\/www.strato.de\/\" target=\"_blank\">www.databay.de<\/a><br><br>3.3 Dezv\u0103luirea datelor c\u0103tre ter\u021bi<br>Nu se transmite niciun fel de date unor ter\u021be p\u0103r\u021bi.<br><br>3.4 Portabilitatea datelor<br>Urm\u0103toarele date pot fi transferate de c\u0103tre utilizatori de pe platforma de \u00eenv\u0103\u021bare:<br><br>Portabile sunt:<br>Profil, set\u0103ri proprii (XML)<br>Note personale pe \"Biroul personal<br>Semne de carte<br>calendare private<br>Situa\u021bii de \u00eenv\u0103\u021bare<br>Exportabile sunt:<br>Certificate<br>Obiecte din spa\u021biul de lucru personal<br>Insigne<br>Bloguri personale<br>Portofolii<br>Contacte proprii<br>3.5 \u0218tergerea datelor<br>De \u00eendat\u0103 ce utilizatorii informeaz\u0103 administratorul local al institu\u021biei lor, \u00een scris sau prin e-mail, c\u0103 nu mai sunt interesa\u021bi de o utilizare ulterioar\u0103, datele lor vor fi \u0219terse. Cu toate acestea, orice informa\u021bii personale din cadrul comentariilor \u0219i forumurilor nu sunt afectate de acest lucru, deoarece acestea nu pot fi automatizate. Prin urmare, intr\u0103rile ar trebui s\u0103 fie considerate ca atare.<br><br>3.6 Stocarea anonim\u0103 a datelor<br>Utilizatorii sunt de acord, de asemenea, ca datele s\u0103 fie stocate dup\u0103 perioada de utilizare, dac\u0103 acest lucru se face \u00eentr-o form\u0103 exclusiv anonim\u0103 \u0219i dac\u0103 informa\u021biile sunt utilizate numai \u00een scopuri \u0219tiin\u021bifice, de exemplu pentru optimizarea pred\u0103rii, pentru a \u00eentocmi statistici privind utilizatorii etc. Datele pot fi utilizate \u0219i \u00een alte scopuri.<br><br>3.7 Note privind cookie-urile<br>Platforma de \u00eenv\u0103\u021bare este accesat\u0103 prin intermediul unui browser. \u00cen acest context, la apelarea versiunilor actuale ale platformei de \u00eenv\u0103\u021bare se scriu dou\u0103 cookie-uri. Cookie-urile sunt stocate pe client (browserul utilizatorului) \u0219i nu \u00een platforma de \u00eenv\u0103\u021bare \u00een sine sau pe serverele furnizorului platformei de \u00eenv\u0103\u021bare. Nu se scriu date cu caracter personal direct \u00een cookie-uri.<br><br>4. obliga\u021biile utilizatorilor<br>Utilizatorii nu au voie s\u0103 publice declara\u021bii \u0219i con\u021binut ofensator sau ilegal \u00een contribu\u021biile lor (forumuri, chat-uri, obiective de hyperlink-uri, precum \u0219i fi\u0219iere \u00eenc\u0103rcate etc.). \u00cenc\u0103lcarea acestor dispozi\u021bii poate fi urm\u0103rit\u0103 penal \u0219i civil \u0219i poate duce la \u00eencetarea imediat\u0103 a autoriza\u021biei utilizatorului.<br><br>Utilizatorii sunt obliga\u021bi, \u00een cuno\u0219tin\u021b\u0103 de cauz\u0103, s\u0103 se ab\u021bin\u0103 de la ac\u021biuni \u0219i introduceri de date pe platforma de \u00eenv\u0103\u021bare care ar putea duce la perturbarea func\u021bion\u0103rii generale.<br><br>5. declara\u021bie de renun\u021bare la r\u0103spundere<br>Nu se accept\u0103 nicio responsabilitate pentru con\u021binutul la care se face trimitere direct\u0103 sau indirect\u0103 (link-uri) \u0219i care se afl\u0103 \u00een afara sferei de influen\u021b\u0103 a Lehrke Verlag GmbH.<br><br>Nu se ofer\u0103 nicio garan\u021bie pentru actualitatea \u0219i caracterul complet al con\u021binutului furnizat pe platforma de \u00eenv\u0103\u021bare. Se exclud preten\u021biile de r\u0103spundere \u00eempotriva autorilor, a Lehrke Verlag GmbH \u0219i a operatorilor platformei de \u00eenv\u0103\u021bare \u00een leg\u0103tur\u0103 cu daune materiale sau morale cauzate de utilizarea sau neutilizarea con\u021binutului furnizat sau de utilizarea unui con\u021binut incorect \u0219i incomplet. Utilizarea se face pe riscul propriu al utilizatorului.<br><br>6. Diverse<br>Acest acord de utilizare este accesibil online de pe pagina de \u00eenregistrare. Acesta poate fi modificat de c\u0103tre Lehrke Verlag GmbH \u00een orice moment, cu condi\u021bia ca acest lucru s\u0103 fie justificat \u00een mod obiectiv.<br><br>Prin acceptarea acestui acord de utilizare, utilizatorul recunoa\u0219te valabilitatea fiec\u0103rei prevederi individuale pentru el \u00eensu\u0219i; valabilitatea fiec\u0103rei prevederi individuale nu este afectat\u0103 de valabilitatea altor prevederi individuale. Modific\u0103rile intr\u0103 \u00een vigoare odat\u0103 cu publicarea online. Prin continuarea utiliz\u0103rii platformei de \u00eenv\u0103\u021bare, utilizatorii sunt de acord cu acordul modificat.<br><br>Statut: 12 august 2022<\/td><\/tr><\/tbody><\/table><\/figure>","protected":false},"excerpt":{"rendered":"<p>Nutzungsvereinbarung 1. Nutzung der Lernplattform Die Lernplattform wird von Lehrke Verlag GmbH betrieben. Die Inhalte der Lernplattform stehen den Nutzenden nach Ma\u00dfgabe der Administration und grunds\u00e4tzlich kostenlos zur Verf\u00fcgung. Das Nutzungsrecht erlischt automatisch mit dem Ausscheiden aus der Mitgliedsinstitution oder mit der Beendigung einer Projektpartnerschaft, sofern kein besonderer Status (z. B. als Alumni) ausgesprochen worden [&hellip;]<\/p>\n","protected":false},"author":1,"featured_media":0,"parent":0,"menu_order":0,"comment_status":"closed","ping_status":"closed","template":"","meta":{"site-sidebar-layout":"default","site-content-layout":"","ast-site-content-layout":"default","site-content-style":"default","site-sidebar-style":"default","ast-global-header-display":"","ast-banner-title-visibility":"","ast-main-header-display":"","ast-hfb-above-header-display":"","ast-hfb-below-header-display":"","ast-hfb-mobile-header-display":"","site-post-title":"","ast-breadcrumbs-content":"","ast-featured-img":"","footer-sml-layout":"","ast-disable-related-posts":"","theme-transparent-header-meta":"","adv-header-id-meta":"","stick-header-meta":"","header-above-stick-meta":"","header-main-stick-meta":"","header-below-stick-meta":"","astra-migrate-meta-layouts":"default","ast-page-background-enabled":"default","ast-page-background-meta":{"desktop":{"background-color":"","background-image":"","background-repeat":"repeat","background-position":"center center","background-size":"auto","background-attachment":"scroll","background-type":"","background-media":"","overlay-type":"","overlay-color":"","overlay-opacity":"","overlay-gradient":""},"tablet":{"background-color":"","background-image":"","background-repeat":"repeat","background-position":"center center","background-size":"auto","background-attachment":"scroll","background-type":"","background-media":"","overlay-type":"","overlay-color":"","overlay-opacity":"","overlay-gradient":""},"mobile":{"background-color":"","background-image":"","background-repeat":"repeat","background-position":"center center","background-size":"auto","background-attachment":"scroll","background-type":"","background-media":"","overlay-type":"","overlay-color":"","overlay-opacity":"","overlay-gradient":""}},"ast-content-background-meta":{"desktop":{"background-color":"var(--ast-global-color-5)","background-image":"","background-repeat":"repeat","background-position":"center center","background-size":"auto","background-attachment":"scroll","background-type":"","background-media":"","overlay-type":"","overlay-color":"","overlay-opacity":"","overlay-gradient":""},"tablet":{"background-color":"var(--ast-global-color-5)","background-image":"","background-repeat":"repeat","background-position":"center center","background-size":"auto","background-attachment":"scroll","background-type":"","background-media":"","overlay-type":"","overlay-color":"","overlay-opacity":"","overlay-gradient":""},"mobile":{"background-color":"var(--ast-global-color-5)","background-image":"","background-repeat":"repeat","background-position":"center center","background-size":"auto","background-attachment":"scroll","background-type":"","background-media":"","overlay-type":"","overlay-color":"","overlay-opacity":"","overlay-gradient":""}},"footnotes":""},"class_list":["post-26010","page","type-page","status-publish","hentry"],"_links":{"self":[{"href":"https:\/\/einfach-mehr-wissen.de\/ro\/wp-json\/wp\/v2\/pages\/26010","targetHints":{"allow":["GET"]}}],"collection":[{"href":"https:\/\/einfach-mehr-wissen.de\/ro\/wp-json\/wp\/v2\/pages"}],"about":[{"href":"https:\/\/einfach-mehr-wissen.de\/ro\/wp-json\/wp\/v2\/types\/page"}],"author":[{"embeddable":true,"href":"https:\/\/einfach-mehr-wissen.de\/ro\/wp-json\/wp\/v2\/users\/1"}],"replies":[{"embeddable":true,"href":"https:\/\/einfach-mehr-wissen.de\/ro\/wp-json\/wp\/v2\/comments?post=26010"}],"version-history":[{"count":6,"href":"https:\/\/einfach-mehr-wissen.de\/ro\/wp-json\/wp\/v2\/pages\/26010\/revisions"}],"predecessor-version":[{"id":27414,"href":"https:\/\/einfach-mehr-wissen.de\/ro\/wp-json\/wp\/v2\/pages\/26010\/revisions\/27414"}],"wp:attachment":[{"href":"https:\/\/einfach-mehr-wissen.de\/ro\/wp-json\/wp\/v2\/media?parent=26010"}],"curies":[{"name":"wp","href":"https:\/\/api.w.org\/{rel}","templated":true}]}}