{"id":26587,"date":"2022-08-12T08:05:58","date_gmt":"2022-08-12T08:05:58","guid":{"rendered":"https:\/\/einfach-mehr-wissen.de\/?page_id=26587"},"modified":"2022-09-30T10:50:40","modified_gmt":"2022-09-30T10:50:40","slug":"nutzungsvereinbarung-cafea-gruppe","status":"publish","type":"page","link":"https:\/\/einfach-mehr-wissen.de\/ru\/nutzungsvereinbarung-cafea-gruppe\/","title":{"rendered":"CAFEA, DEK-B, DEK-HH: \u041f\u043e\u043b\u044c\u0437\u043e\u0432\u0430\u0442\u0435\u043b\u044c\u0441\u043a\u043e\u0435 \u0441\u043e\u0433\u043b\u0430\u0448\u0435\u043d\u0438\u0435"},"content":{"rendered":"<p>\u041f\u041e\u041b\u0418\u0422\u0418\u041a\u0410 \u041a\u041e\u041d\u0424\u0418\u0414\u0415\u041d\u0426\u0418\u0410\u041b\u042c\u041d\u041e\u0421\u0422\u0418 \u0423\u041f\u0420\u0410\u0412\u041b\u0415\u041d\u0418\u0415 \u041f\u041e\u0421\u0415\u0422\u0418\u0422\u0415\u041b\u042f\u041c\u0418<\/p>\n\n\n\n<p>\u041f\u0440\u0435\u0430\u043c\u0431\u0443\u043b\u0430<\/p>\n\n\n\n<p>CAFEA GmbH, Am Sandtorkai 2, 20457 Hamburg (\u0434\u0430\u043b\u0435\u0435 \"CAFEA\", \"\u043c\u044b\", \"\u043d\u0430\u0441\") \u043e\u0441\u0443\u0449\u0435\u0441\u0442\u0432\u043b\u044f\u0435\u0442 \u0434\u0435\u044f\u0442\u0435\u043b\u044c\u043d\u043e\u0441\u0442\u044c \u043f\u043e \u0443\u043f\u0440\u0430\u0432\u043b\u0435\u043d\u0438\u044e \u043f\u043e\u0441\u0435\u0442\u0438\u0442\u0435\u043b\u044f\u043c\u0438 Cafea - Group. \u0412 \u0440\u0430\u043c\u043a\u0430\u0445 \u044d\u0442\u043e\u0439 \u0434\u0435\u044f\u0442\u0435\u043b\u044c\u043d\u043e\u0441\u0442\u0438 CAFEA \u043e\u0431\u0440\u0430\u0431\u0430\u0442\u044b\u0432\u0430\u0435\u0442 \u043f\u0435\u0440\u0441\u043e\u043d\u0430\u043b\u044c\u043d\u044b\u0435 \u0434\u0430\u043d\u043d\u044b\u0435 \u043e\u0442 \u0438\u043c\u0435\u043d\u0438 \u0438 \u0434\u043b\u044f \u0446\u0435\u043b\u0435\u0439 \u043a\u043e\u043c\u043f\u0430\u043d\u0438\u0439 Cafea - Group, \u043f\u043e\u044d\u0442\u043e\u043c\u0443 CAFEA \u043a\u0432\u0430\u043b\u0438\u0444\u0438\u0446\u0438\u0440\u0443\u0435\u0442\u0441\u044f \u0432 \u044d\u0442\u043e\u043c \u043e\u0442\u043d\u043e\u0448\u0435\u043d\u0438\u0438 \u043a\u0430\u043a \u043e\u0431\u0440\u0430\u0431\u043e\u0442\u0447\u0438\u043a \u043f\u043e \u0437\u0430\u043a\u043e\u043d\u0443 \u043e \u0437\u0430\u0449\u0438\u0442\u0435 \u0434\u0430\u043d\u043d\u044b\u0445 \u0432 \u0437\u043d\u0430\u0447\u0435\u043d\u0438\u0438 \u0441\u0442. 4 Z 8 \u041e\u0431\u0449\u0435\u0433\u043e \u0440\u0435\u0433\u043b\u0430\u043c\u0435\u043d\u0442\u0430 \u043e \u0437\u0430\u0449\u0438\u0442\u0435 \u0434\u0430\u043d\u043d\u044b\u0445 (DSGVO). CAFEA \u0434\u043e\u043b\u0436\u043d\u0430 \u0431\u044b\u0442\u044c \u043a\u0432\u0430\u043b\u0438\u0444\u0438\u0446\u0438\u0440\u043e\u0432\u0430\u043d\u0430 \u043a\u0430\u043a \u043a\u043e\u043d\u0442\u0440\u043e\u043b\u043b\u0435\u0440 \u0432 \u0437\u043d\u0430\u0447\u0435\u043d\u0438\u0438 \u0441\u0442. 4 \u0417 7 GDPR, \u0435\u0441\u043b\u0438 \u043f\u0435\u0440\u0441\u043e\u043d\u0430\u043b\u044c\u043d\u044b\u0435 \u0434\u0430\u043d\u043d\u044b\u0435 \u043e\u0431\u0440\u0430\u0431\u0430\u0442\u044b\u0432\u0430\u044e\u0442\u0441\u044f \u0434\u043b\u044f \u0435\u0435 \u0441\u043e\u0431\u0441\u0442\u0432\u0435\u043d\u043d\u044b\u0445 \u0446\u0435\u043b\u0435\u0439. \u0414\u043b\u044f CAFEA \u0437\u0430\u0449\u0438\u0442\u0430 \u0438 \u043a\u043e\u043d\u0444\u0438\u0434\u0435\u043d\u0446\u0438\u0430\u043b\u044c\u043d\u043e\u0441\u0442\u044c \u0432\u0430\u0448\u0438\u0445 \u0434\u0430\u043d\u043d\u044b\u0445 \u0438\u043c\u0435\u0435\u0442 \u043e\u0441\u043e\u0431\u043e\u0435 \u0437\u043d\u0430\u0447\u0435\u043d\u0438\u0435. \u0421\u0430\u043c\u043e \u0441\u043e\u0431\u043e\u0439 \u0440\u0430\u0437\u0443\u043c\u0435\u0435\u0442\u0441\u044f, \u0447\u0442\u043e \u0432\u0430\u0448\u0438 \u0434\u0430\u043d\u043d\u044b\u0435 \u0431\u0443\u0434\u0443\u0442 \u043e\u0431\u0440\u0430\u0431\u0430\u0442\u044b\u0432\u0430\u0442\u044c\u0441\u044f \u0438\u0441\u043a\u043b\u044e\u0447\u0438\u0442\u0435\u043b\u044c\u043d\u043e \u0432 \u0441\u043e\u043e\u0442\u0432\u0435\u0442\u0441\u0442\u0432\u0438\u0438 \u0441 \u0434\u0435\u0439\u0441\u0442\u0432\u0443\u044e\u0449\u0438\u043c\u0438 \u043d\u043e\u0440\u043c\u0430\u0442\u0438\u0432\u043d\u044b\u043c\u0438 \u0430\u043a\u0442\u0430\u043c\u0438 \u043f\u043e \u0437\u0430\u0449\u0438\u0442\u0435 \u0434\u0430\u043d\u043d\u044b\u0445, \u0432 \u0447\u0430\u0441\u0442\u043d\u043e\u0441\u0442\u0438, \u0424\u0435\u0434\u0435\u0440\u0430\u043b\u044c\u043d\u044b\u043c \u0437\u0430\u043a\u043e\u043d\u043e\u043c \u0413\u0435\u0440\u043c\u0430\u043d\u0438\u0438 \u043e \u0437\u0430\u0449\u0438\u0442\u0435 \u0434\u0430\u043d\u043d\u044b\u0445 (BDSG) \u0438 \u0417\u0430\u043a\u043e\u043d\u043e\u043c \u0413\u0435\u0440\u043c\u0430\u043d\u0438\u0438 \u043e \u0442\u0435\u043b\u0435\u043c\u0435\u0434\u0438\u0430 (TMG). \u0414\u0430\u043d\u043d\u0430\u044f \u0434\u0435\u043a\u043b\u0430\u0440\u0430\u0446\u0438\u044f \u043e \u0437\u0430\u0449\u0438\u0442\u0435 \u0434\u0430\u043d\u043d\u044b\u0445 \u0442\u0430\u043a\u0436\u0435 \u0441\u043e\u043e\u0442\u0432\u0435\u0442\u0441\u0442\u0432\u0443\u0435\u0442 \u0432\u0441\u0435\u043c \u0442\u0440\u0435\u0431\u043e\u0432\u0430\u043d\u0438\u044f\u043c \u0437\u0430\u043a\u043e\u043d\u043e\u0434\u0430\u0442\u0435\u043b\u044c\u0441\u0442\u0432\u0430, \u043a\u043e\u0442\u043e\u0440\u044b\u0435 \u0441\u0442\u0430\u043d\u0443\u0442 \u043e\u0431\u044f\u0437\u0430\u0442\u0435\u043b\u044c\u043d\u044b\u043c\u0438 \u043f\u043e\u0441\u043b\u0435 \u0432\u0441\u0442\u0443\u043f\u043b\u0435\u043d\u0438\u044f \u0432 \u0441\u0438\u043b\u0443 \u0415\u0432\u0440\u043e\u043f\u0435\u0439\u0441\u043a\u043e\u0433\u043e \u0440\u0435\u0433\u043b\u0430\u043c\u0435\u043d\u0442\u0430 \u043e \u0437\u0430\u0449\u0438\u0442\u0435 \u0434\u0430\u043d\u043d\u044b\u0445 (DSGVO). DSGVO \u0432\u0441\u0442\u0443\u043f\u0438\u043b \u0432 \u0441\u0438\u043b\u0443 \u0441 25 \u043c\u0430\u044f 2018 \u0433\u043e\u0434\u0430.<\/p>\n\n\n\n<p>\u0427\u0442\u043e \u0442\u0430\u043a\u043e\u0435 \u043f\u0435\u0440\u0441\u043e\u043d\u0430\u043b\u044c\u043d\u044b\u0435 \u0434\u0430\u043d\u043d\u044b\u0435?<br class=\"\">\u041b\u0438\u0447\u043d\u044b\u0435 \u0434\u0430\u043d\u043d\u044b\u0435 - \u044d\u0442\u043e \u043b\u044e\u0431\u0430\u044f \u0438\u043d\u0444\u043e\u0440\u043c\u0430\u0446\u0438\u044f, \u043d\u0430 \u043e\u0441\u043d\u043e\u0432\u0430\u043d\u0438\u0438 \u043a\u043e\u0442\u043e\u0440\u043e\u0439 \u043c\u043e\u0436\u043d\u043e \u0441\u0434\u0435\u043b\u0430\u0442\u044c \u0432\u044b\u0432\u043e\u0434\u044b \u043e \u0432\u0430\u0448\u0438\u0445 \u043b\u0438\u0447\u043d\u044b\u0445 \u0438\u043b\u0438 \u0444\u0430\u043a\u0442\u0438\u0447\u0435\u0441\u043a\u0438\u0445 \u043e\u0431\u0441\u0442\u043e\u044f\u0442\u0435\u043b\u044c\u0441\u0442\u0432\u0430\u0445 \u0438\u043b\u0438 \u043a\u043e\u0442\u043e\u0440\u0430\u044f \u043f\u043e\u0437\u0432\u043e\u043b\u044f\u0435\u0442 \u0438\u0434\u0435\u043d\u0442\u0438\u0444\u0438\u0446\u0438\u0440\u043e\u0432\u0430\u0442\u044c \u0432\u0430\u0441.<\/p>\n\n\n\n<p>2. \u043a\u0430\u043a\u0438\u0435 \u0434\u0430\u043d\u043d\u044b\u0435 \u0445\u0440\u0430\u043d\u044f\u0442\u0441\u044f?<br class=\"\">\u041d\u0430\u0437\u0432\u0430\u043d\u0438\u0435 \u0438 \u0430\u0434\u0440\u0435\u0441 \u043a\u043e\u043c\u043f\u0430\u043d\u0438\u0438<br class=\"\">\u0418\u043c\u044f \u0438 \u0444\u0430\u043c\u0438\u043b\u0438\u044f \u043f\u043e\u0441\u0435\u0442\u0438\u0442\u0435\u043b\u044f<br class=\"\">\u041f\u0440\u0438\u0447\u0438\u043d\u0430 \u0432\u0438\u0437\u0438\u0442\u0430<br class=\"\">\u0415\u0441\u043b\u0438 \u0442\u0440\u0435\u0431\u0443\u0435\u0442\u0441\u044f: \u0418\u043d\u0444\u043e\u0440\u043c\u0430\u0446\u0438\u044f \u043e \u0433\u0438\u0433\u0438\u0435\u043d\u0438\u0447\u0435\u0441\u043a\u043e\u043c \u043f\u0440\u0435\u0434\u043f\u0438\u0441\u0430\u043d\u0438\u0438 \u0438 \u0441\u043e\u043e\u0442\u0432\u0435\u0442\u0441\u0442\u0432\u0443\u044e\u0449\u0438\u0439 \u0441\u0440\u043e\u043a \u0434\u0435\u0439\u0441\u0442\u0432\u0438\u044f<br class=\"\">\u0414\u0430\u0442\u0430 \u0438 \u0432\u0440\u0435\u043c\u044f \u043d\u0430\u0447\u0430\u043b\u0430 \u0438 \u043e\u043a\u043e\u043d\u0447\u0430\u043d\u0438\u044f \u0432\u0438\u0437\u0438\u0442\u0430<br class=\"\">\u0415\u0441\u043b\u0438 \u0432\u044b \u0432\u044a\u0435\u0437\u0436\u0430\u0435\u0442\u0435 \u043d\u0430 \u0443\u0447\u0430\u0441\u0442\u043e\u043a \u043d\u0430 \u0430\u0432\u0442\u043e\u043c\u043e\u0431\u0438\u043b\u0435; \u0440\u0435\u0433\u0438\u0441\u0442\u0440\u0430\u0446\u0438\u043e\u043d\u043d\u044b\u0439 \u043d\u043e\u043c\u0435\u0440 \u0430\u0432\u0442\u043e\u043c\u043e\u0431\u0438\u043b\u044f<\/p>\n\n\n\n<p>3. \u0446\u0435\u043b\u044c \u0441\u0431\u043e\u0440\u0430 \u0434\u0430\u043d\u043d\u044b\u0445<br class=\"\">CAFEA \u0438\u0441\u043f\u043e\u043b\u044c\u0437\u0443\u0435\u0442 \u0432\u0430\u0448\u0438 \u043f\u0435\u0440\u0441\u043e\u043d\u0430\u043b\u044c\u043d\u044b\u0435 \u0434\u0430\u043d\u043d\u044b\u0435 \u0438\u0441\u043a\u043b\u044e\u0447\u0438\u0442\u0435\u043b\u044c\u043d\u043e \u0434\u043b\u044f \u0441\u043e\u0431\u043b\u044e\u0434\u0435\u043d\u0438\u044f \u0434\u043e\u043a\u0443\u043c\u0435\u043d\u0442\u0430\u0446\u0438\u0438 \u043f\u043e \u0434\u0432\u0438\u0436\u0435\u043d\u0438\u044e \u043f\u043e\u0441\u0435\u0442\u0438\u0442\u0435\u043b\u0435\u0439 \u0432 \u0440\u0430\u043c\u043a\u0430\u0445 \u0442\u0440\u0435\u0431\u043e\u0432\u0430\u043d\u0438\u0439 \u043f\u043e \u0437\u0430\u0449\u0438\u0442\u0435 \u043f\u0440\u043e\u0434\u0443\u043a\u0446\u0438\u0438, \u0441\u0442\u0430\u0442\u0443\u0441\u0430 AEO \u0438 \u0442\u0440\u0435\u0431\u043e\u0432\u0430\u043d\u0438\u0439 \u0430\u0441\u0441\u043e\u0446\u0438\u0430\u0446\u0438\u0438 \u0441\u0442\u0440\u0430\u0445\u043e\u0432\u0430\u043d\u0438\u044f \u043e\u0442\u0432\u0435\u0442\u0441\u0442\u0432\u0435\u043d\u043d\u043e\u0441\u0442\u0438 \u0440\u0430\u0431\u043e\u0442\u043e\u0434\u0430\u0442\u0435\u043b\u0435\u0439.<\/p>\n\n\n\n<p>4. \u043f\u0435\u0440\u0435\u0434\u0430\u044e\u0442\u0441\u044f \u043b\u0438 \u0434\u0430\u043d\u043d\u044b\u0435 \u0442\u0440\u0435\u0442\u044c\u0438\u043c \u043b\u0438\u0446\u0430\u043c \u0438\u043b\u0438 \u0441\u043e\u0431\u0438\u0440\u0430\u044e\u0442\u0441\u044f \u043b\u0438 \u043e\u043d\u0438 \u0443 \u043d\u0438\u0445?<br class=\"\">\u0414\u0430\u043d\u043d\u044b\u0435, \u0441\u043e\u0431\u0440\u0430\u043d\u043d\u044b\u0435 CAFEA, \u043d\u0435 \u0431\u0443\u0434\u0443\u0442 \u043f\u0443\u0431\u043b\u0438\u043a\u043e\u0432\u0430\u0442\u044c\u0441\u044f CAFEA \u0438\u043b\u0438 \u043f\u0435\u0440\u0435\u0434\u0430\u0432\u0430\u0442\u044c\u0441\u044f \u0442\u0440\u0435\u0442\u044c\u0438\u043c \u043b\u0438\u0446\u0430\u043c \u0431\u0435\u0437 \u0440\u0430\u0437\u0440\u0435\u0448\u0435\u043d\u0438\u044f, \u0442\u043e \u0435\u0441\u0442\u044c, \u0432 \u0447\u0430\u0441\u0442\u043d\u043e\u0441\u0442\u0438, \u0431\u0435\u0437 \u0432\u0430\u0448\u0435\u0433\u043e \u0441\u043e\u0433\u043b\u0430\u0441\u0438\u044f.<br class=\"\">CAFEA \u043c\u043e\u0436\u0435\u0442 \u0431\u044b\u0442\u044c \u044e\u0440\u0438\u0434\u0438\u0447\u0435\u0441\u043a\u0438 \u043e\u0431\u044f\u0437\u0430\u043d\u0430 \u0440\u0430\u0441\u043a\u0440\u044b\u0432\u0430\u0442\u044c \u0434\u0430\u043d\u043d\u044b\u0435, \u0435\u0441\u043b\u0438 \u0440\u0430\u0441\u043a\u0440\u044b\u0442\u0438\u0435 \u0434\u0430\u043d\u043d\u044b\u0445 \u043d\u0435\u043e\u0431\u0445\u043e\u0434\u0438\u043c\u043e \u0434\u043b\u044f \u0443\u0442\u0432\u0435\u0440\u0436\u0434\u0435\u043d\u0438\u044f, \u043e\u0441\u0443\u0449\u0435\u0441\u0442\u0432\u043b\u0435\u043d\u0438\u044f \u0438\u043b\u0438 \u0437\u0430\u0449\u0438\u0442\u044b \u0437\u0430\u043a\u043e\u043d\u043d\u044b\u0445 \u0442\u0440\u0435\u0431\u043e\u0432\u0430\u043d\u0438\u0439 \u043f\u0440\u0438\u043d\u0446\u0438\u043f\u0430\u043b\u0430 \u0432 \u0433\u043e\u0441\u0443\u0434\u0430\u0440\u0441\u0442\u0432\u0435\u043d\u043d\u043e\u043c \u043e\u0440\u0433\u0430\u043d\u0435.<br class=\"\">\u0415\u0441\u043b\u0438 CAFEA \u0436\u0435\u043b\u0430\u0435\u0442 \u0438\u0441\u043f\u043e\u043b\u044c\u0437\u043e\u0432\u0430\u0442\u044c \u0432\u0430\u0448\u0438 \u0434\u0430\u043d\u043d\u044b\u0435 \u0432 \u0446\u0435\u043b\u044f\u0445, \u0432\u044b\u0445\u043e\u0434\u044f\u0449\u0438\u0445 \u0437\u0430 \u0440\u0430\u043c\u043a\u0438 \u0432\u044b\u0448\u0435\u043e\u043f\u0438\u0441\u0430\u043d\u043d\u044b\u0445, CAFEA \u043f\u0440\u0435\u0434\u0432\u0430\u0440\u0438\u0442\u0435\u043b\u044c\u043d\u043e \u043f\u043e\u043b\u0443\u0447\u0438\u0442 \u0432\u0430\u0448\u0435 \u043f\u0440\u044f\u043c\u043e\u0435 \u0441\u043e\u0433\u043b\u0430\u0441\u0438\u0435.<\/p>\n\n\n\n<p>5. \u0441\u0440\u043e\u043a\u0438 \u0445\u0440\u0430\u043d\u0435\u043d\u0438\u044f<br class=\"\">\u0412 \u0440\u0430\u043c\u043a\u0430\u0445 \u0432\u044b\u0448\u0435\u0443\u043f\u043e\u043c\u044f\u043d\u0443\u0442\u044b\u0445 \u0442\u0440\u0435\u0431\u043e\u0432\u0430\u043d\u0438\u0439 \u043c\u044b \u0443\u0441\u0442\u0430\u043d\u043e\u0432\u0438\u043b\u0438 \u0441\u0440\u043e\u043a \u0445\u0440\u0430\u043d\u0435\u043d\u0438\u044f \u0434\u0430\u043d\u043d\u044b\u0445 \u043e \u043f\u043e\u0441\u0435\u0442\u0438\u0442\u0435\u043b\u044f\u0445, \u0431\u0438\u043b\u0435\u0442\u043e\u0432 \u0438 \u043f\u0440\u043e\u043f\u0443\u0441\u043a\u043e\u0432 \u043d\u0430 \u0442\u0440\u0430\u043d\u0441\u043f\u043e\u0440\u0442\u043d\u044b\u0435 \u0441\u0440\u0435\u0434\u0441\u0442\u0432\u0430 - 5 \u043b\u0435\u0442 \u043f\u043e\u0441\u043b\u0435 \u043e\u043a\u043e\u043d\u0447\u0430\u043d\u0438\u044f \u043a\u0430\u043b\u0435\u043d\u0434\u0430\u0440\u043d\u043e\u0433\u043e \u0433\u043e\u0434\u0430.<br class=\"\">\u0411\u043e\u043b\u0435\u0435 \u0434\u043b\u0438\u0442\u0435\u043b\u044c\u043d\u044b\u0435 \u0441\u0440\u043e\u043a\u0438 \u0445\u0440\u0430\u043d\u0435\u043d\u0438\u044f, \u0447\u0435\u043c \u0443\u043f\u043e\u043c\u044f\u043d\u0443\u0442\u044b\u0435, \u043c\u043e\u0433\u0443\u0442 \u0431\u044b\u0442\u044c \u043e\u0431\u0443\u0441\u043b\u043e\u0432\u043b\u0435\u043d\u044b \u0442\u0430\u043a\u0436\u0435 \u0442\u0435\u043c, \u0447\u0442\u043e \u0434\u0430\u043d\u043d\u044b\u0435 \u043d\u0435\u043e\u0431\u0445\u043e\u0434\u0438\u043c\u044b \u0434\u043b\u044f \u043f\u0440\u0435\u0434\u044a\u044f\u0432\u043b\u0435\u043d\u0438\u044f, \u043e\u0441\u0443\u0449\u0435\u0441\u0442\u0432\u043b\u0435\u043d\u0438\u044f \u0438\u043b\u0438 \u0437\u0430\u0449\u0438\u0442\u044b \u044e\u0440\u0438\u0434\u0438\u0447\u0435\u0441\u043a\u0438\u0445 \u043f\u0440\u0435\u0442\u0435\u043d\u0437\u0438\u0439 \u0432 \u043a\u0430\u043a\u043e\u043c-\u043b\u0438\u0431\u043e \u043e\u0440\u0433\u0430\u043d\u0435 \u0438\u043b\u0438 \u0447\u0442\u043e \u0441\u0443\u0449\u0435\u0441\u0442\u0432\u0443\u044e\u0442 \u0443\u0441\u0442\u0430\u043d\u043e\u0432\u043b\u0435\u043d\u043d\u044b\u0435 \u0437\u0430\u043a\u043e\u043d\u043e\u043c \u043e\u0431\u044f\u0437\u0430\u0442\u0435\u043b\u044c\u0441\u0442\u0432\u0430 \u043f\u043e \u0445\u0440\u0430\u043d\u0435\u043d\u0438\u044e \u0434\u0430\u043d\u043d\u044b\u0445. \u0414\u0430\u043d\u043d\u044b\u0435 \u0431\u0443\u0434\u0443\u0442 \u0445\u0440\u0430\u043d\u0438\u0442\u044c\u0441\u044f \u0441\u0442\u043e\u043b\u044c\u043a\u043e, \u0441\u043a\u043e\u043b\u044c\u043a\u043e \u043d\u0435\u043e\u0431\u0445\u043e\u0434\u0438\u043c\u043e \u0434\u043b\u044f \u0432\u044b\u043f\u043e\u043b\u043d\u0435\u043d\u0438\u044f \u044d\u0442\u0438\u0445 \u0446\u0435\u043b\u0435\u0439.<\/p>\n\n\n\n<p>5. \u0432\u0430\u0448\u0438 \u043f\u0440\u0430\u0432\u0430 \u0432 \u043e\u0442\u043d\u043e\u0448\u0435\u043d\u0438\u0438 \u0441\u043e\u0445\u0440\u0430\u043d\u0435\u043d\u043d\u044b\u0445 \u0434\u0430\u043d\u043d\u044b\u0445<br>\u0412\u044b \u0438\u043c\u0435\u0435\u0442\u0435 \u043f\u0440\u0430\u0432\u043e \u043d\u0430 \u043f\u043e\u043b\u0443\u0447\u0435\u043d\u0438\u0435 \u0431\u0435\u0441\u043f\u043b\u0430\u0442\u043d\u043e\u0439 \u0438\u043d\u0444\u043e\u0440\u043c\u0430\u0446\u0438\u0438 \u043e \u0442\u043e\u043c, \u043a\u0430\u043a\u0438\u0435 \u0432\u0430\u0448\u0438 \u043b\u0438\u0447\u043d\u044b\u0435 \u0434\u0430\u043d\u043d\u044b\u0435 \u043c\u044b \u043e\u0431\u0440\u0430\u0431\u0430\u0442\u044b\u0432\u0430\u0435\u043c, \u0430 \u0442\u0430\u043a\u0436\u0435 \u043f\u0440\u0430\u0432\u043e \u043d\u0430 \u0438\u0441\u043f\u0440\u0430\u0432\u043b\u0435\u043d\u0438\u0435, \u0441\u0442\u0438\u0440\u0430\u043d\u0438\u0435, \u043e\u0433\u0440\u0430\u043d\u0438\u0447\u0435\u043d\u0438\u0435 \u043e\u0431\u0440\u0430\u0431\u043e\u0442\u043a\u0438 \u0434\u0430\u043d\u043d\u044b\u0445 \u0438 \u043f\u0435\u0440\u0435\u043d\u043e\u0441\u0438\u043c\u043e\u0441\u0442\u044c \u0434\u0430\u043d\u043d\u044b\u0445. \u0427\u0442\u043e\u0431\u044b \u0432\u043e\u0441\u043f\u043e\u043b\u044c\u0437\u043e\u0432\u0430\u0442\u044c\u0441\u044f \u044d\u0442\u0438\u043c\u0438 \u043f\u0440\u0430\u0432\u0430\u043c\u0438 \u0438\u043b\u0438 \u043f\u043e\u043b\u0443\u0447\u0438\u0442\u044c \u0434\u043e\u043f\u043e\u043b\u043d\u0438\u0442\u0435\u043b\u044c\u043d\u0443\u044e \u0438\u043d\u0444\u043e\u0440\u043c\u0430\u0446\u0438\u044e \u043e \u043d\u0438\u0445, \u0441\u0432\u044f\u0436\u0438\u0442\u0435\u0441\u044c \u0441 \u043d\u0430\u043c\u0438 \u043f\u043e \u044d\u043b\u0435\u043a\u0442\u0440\u043e\u043d\u043d\u043e\u0439 \u043f\u043e\u0447\u0442\u0435 \u043f\u043e \u0430\u0434\u0440\u0435\u0441\u0443\u00a0<a class=\"\" rel=\"noreferrer noopener\" href=\"mailto:DSB@CAFEA.de\" target=\"_blank\">DSB@CAFEA.de<\/a>.<\/p>\n\n\n\n<p>6. \u0432\u043e\u0437\u043c\u043e\u0436\u043d\u043e\u0441\u0442\u044c \u043e\u0442\u0437\u044b\u0432\u0430<br class=\"\">\u0412\u044b \u043c\u043e\u0436\u0435\u0442\u0435 \u0432 \u043b\u044e\u0431\u043e\u0435 \u0432\u0440\u0435\u043c\u044f \u043e\u0442\u043e\u0437\u0432\u0430\u0442\u044c \u0441\u043e\u0433\u043b\u0430\u0441\u0438\u0435, \u043f\u0440\u0435\u0434\u043e\u0441\u0442\u0430\u0432\u043b\u0435\u043d\u043d\u043e\u0435 \u0432 \u0441\u043e\u043e\u0442\u0432\u0435\u0442\u0441\u0442\u0432\u0438\u0438 \u0441 \u0437\u0430\u043a\u043e\u043d\u043e\u043c \u043e \u0437\u0430\u0449\u0438\u0442\u0435 \u0434\u0430\u043d\u043d\u044b\u0445, \u0441 \u0434\u0435\u0439\u0441\u0442\u0432\u0438\u0435\u043c \u043d\u0430 \u0431\u0443\u0434\u0443\u0449\u0435\u0435. \u0427\u0442\u043e\u0431\u044b \u0432\u043e\u0441\u043f\u043e\u043b\u044c\u0437\u043e\u0432\u0430\u0442\u044c\u0441\u044f \u0432\u043e\u0437\u043c\u043e\u0436\u043d\u043e\u0441\u0442\u044c\u044e \u043e\u0442\u0437\u044b\u0432\u0430 \u0432\u0430\u0448\u0435\u0433\u043e \u0441\u043e\u0433\u043b\u0430\u0441\u0438\u044f, \u043f\u043e\u0436\u0430\u043b\u0443\u0439\u0441\u0442\u0430, \u0441\u0432\u044f\u0436\u0438\u0442\u0435\u0441\u044c \u0441 \u043d\u0430\u043c\u0438 \u043f\u043e \u044d\u043b\u0435\u043a\u0442\u0440\u043e\u043d\u043d\u043e\u0439 \u043f\u043e\u0447\u0442\u0435 \u043f\u043e \u0430\u0434\u0440\u0435\u0441\u0443&nbsp;<a href=\"mailto:DSB@CAFEA.de\" class=\"\" target=\"_blank\" rel=\"noreferrer noopener\">DSB@CAFEA.de<\/a><\/p>\n\n\n\n<p>7 \u0414\u0435\u0439\u0441\u0442\u0432\u0438\u0442\u0435\u043b\u044c\u043d\u043e\u0441\u0442\u044c \u0441\u043e\u0433\u043b\u0430\u0448\u0435\u043d\u0438\u044f (\u043e\u0433\u043e\u0432\u043e\u0440\u043a\u0430 \u043e \u0434\u0435\u043b\u0438\u043c\u043e\u0441\u0442\u0438)<br class=\"\">\u041d\u0435\u0437\u0430\u043a\u043e\u043d\u043d\u043e\u0441\u0442\u044c, \u043d\u0435\u044d\u0444\u0444\u0435\u043a\u0442\u0438\u0432\u043d\u043e\u0441\u0442\u044c, \u043d\u0435\u0434\u0435\u0439\u0441\u0442\u0432\u0438\u0442\u0435\u043b\u044c\u043d\u043e\u0441\u0442\u044c \u0438\u043b\u0438 \u043d\u0435\u0438\u0441\u043f\u043e\u043b\u043d\u0438\u043c\u043e\u0441\u0442\u044c \u0447\u0430\u0441\u0442\u0438 \u044d\u0442\u0438\u0445 \u043f\u043e\u043b\u043e\u0436\u0435\u043d\u0438\u0439 \u043e \u0437\u0430\u0449\u0438\u0442\u0435 \u0434\u0430\u043d\u043d\u044b\u0445 \u0438 \u0443\u0441\u043b\u043e\u0432\u0438\u0439 \u0438\u0441\u043f\u043e\u043b\u044c\u0437\u043e\u0432\u0430\u043d\u0438\u044f \u043d\u0435 \u0432\u043b\u0438\u044f\u0435\u0442 \u043d\u0430 \u044d\u0444\u0444\u0435\u043a\u0442\u0438\u0432\u043d\u043e\u0441\u0442\u044c \u0438 \u0434\u0435\u0439\u0441\u0442\u0432\u0438\u0442\u0435\u043b\u044c\u043d\u043e\u0441\u0442\u044c \u043e\u0441\u0442\u0430\u043b\u044c\u043d\u044b\u0445 \u043f\u043e\u043b\u043e\u0436\u0435\u043d\u0438\u0439.<\/p>\n\n\n\n<p>8. \u0436\u0430\u043b\u043e\u0431\u0430 \u0432 \u043e\u0440\u0433\u0430\u043d \u043f\u043e \u0437\u0430\u0449\u0438\u0442\u0435 \u0434\u0430\u043d\u043d\u044b\u0445<br class=\"\">\u0415\u0441\u043b\u0438 \u0432\u044b \u0441\u0447\u0438\u0442\u0430\u0435\u0442\u0435, \u0447\u0442\u043e \u043c\u044b \u043e\u0431\u0440\u0430\u0431\u0430\u0442\u044b\u0432\u0430\u0435\u043c \u0432\u0430\u0448\u0438 \u0434\u0430\u043d\u043d\u044b\u0435 \u0441 \u043d\u0430\u0440\u0443\u0448\u0435\u043d\u0438\u0435\u043c \u0434\u0435\u0439\u0441\u0442\u0432\u0443\u044e\u0449\u0435\u0433\u043e \u0437\u0430\u043a\u043e\u043d\u043e\u0434\u0430\u0442\u0435\u043b\u044c\u0441\u0442\u0432\u0430, \u0432\u044b \u043c\u043e\u0436\u0435\u0442\u0435 \u043f\u043e\u0434\u0430\u0442\u044c \u0436\u0430\u043b\u043e\u0431\u0443 \u0432 \u043a\u043e\u043c\u043f\u0435\u0442\u0435\u043d\u0442\u043d\u044b\u0439 \u043d\u0430\u0434\u0437\u043e\u0440\u043d\u044b\u0439 \u043e\u0440\u0433\u0430\u043d.<\/p>\n\n\n\n<p>\u041a\u043e\u043d\u0442\u0430\u043a\u0442\u043d\u0430\u044f \u0438\u043d\u0444\u043e\u0440\u043c\u0430\u0446\u0438\u044f CAFEA<br class=\"\">CAFEA GmbH<br class=\"\">\u0410\u043c \u0421\u0430\u043d\u0434\u0442\u043e\u0440\u043a\u0430\u0439 2<br class=\"\">D 20457 \u0413\u0430\u043c\u0431\u0443\u0440\u0433<br class=\"\">\u0422\u0435\u043b\u0435\u0444\u043e\u043d: +49 (0)40 378890<br class=\"\">\u0424\u0430\u043a\u0441: +49(0)40 364311<br class=\"\"><a href=\"mailto:info@cafea.com\" class=\"\" target=\"_blank\" rel=\"noreferrer noopener\">\u042d\u043b\u0435\u043a\u0442\u0440\u043e\u043d\u043d\u0430\u044f \u043f\u043e\u0447\u0442\u0430: info@cafea.com<\/a><\/p>\n\n\n\n<p>\u041e\u0440\u0433\u0430\u043d\u0438\u0437\u0430\u0446\u0438\u043e\u043d\u043d\u043e-\u043f\u0440\u0430\u0432\u043e\u0432\u0430\u044f \u0444\u043e\u0440\u043c\u0430: GmbH, \u044e\u0440\u0438\u0434\u0438\u0447\u0435\u0441\u043a\u0438\u0439 \u0430\u0434\u0440\u0435\u0441: \u0413\u0430\u043c\u0431\u0443\u0440\u0433<br class=\"\">\u0423\u043f\u0440\u0430\u0432\u043b\u044f\u044e\u0449\u0438\u0435 \u0434\u0438\u0440\u0435\u043a\u0442\u043e\u0440\u0430: \u042f\u043d \u0411\u0438\u0440\u043d\u0434 \u0420\u043e\u0442\u0444\u043e\u0441, \u0425\u043e\u043b\u044c\u0433\u0435\u0440 \u0411\u0435\u0431\u0435\u043d\u0437\u0435\u0435, \u041c\u0438\u0445\u0430\u044d\u043b\u044c \u041b\u043e\u0441\u0441, \u0410\u043d\u043d\u0430 \u041a\u0430\u0442\u0440\u0438\u043d \u0420\u043e\u0442\u0444\u043e\u0441<br class=\"\">\u0420\u0435\u0433\u0438\u0441\u0442\u0440\u0430\u0446\u0438\u043e\u043d\u043d\u044b\u0439 \u0441\u0443\u0434: \u041c\u0435\u0441\u0442\u043d\u044b\u0439 \u0441\u0443\u0434 \u0413\u0430\u043c\u0431\u0443\u0440\u0433\u0430 \/ HRB 103 189<br class=\"\">\u0418\u0434\u0435\u043d\u0442\u0438\u0444\u0438\u043a\u0430\u0446\u0438\u043e\u043d\u043d\u044b\u0439 \u043d\u043e\u043c\u0435\u0440 \u041d\u0414\u0421: DE257137937<\/p>","protected":false},"excerpt":{"rendered":"<p>DATENSCHUTZERKL\u00c4RUNG BESUCHERVERWALTUNG Pr\u00e4ambel Die CAFEA GmbH, Am Sandtorkai 2, 20457 Hamburg (nachfolgend \u201eCAFEA\u201c, \u201ewir\u201c, \u201euns\u201c) betreibt die Besucherverwaltung der Cafea \u2013 Gruppe. Die CAFEA verarbeitet im Rahmen dieser T\u00e4tigkeiten personenbezogene Daten im Auftrag und f\u00fcr die Zwecke der Unternehmen der Cafea &#8211; Gruppe, weshalb die CAFEA diesbez\u00fcglich als datenschutzrechtlicher Auftragsverarbeiter im Sinne des Art 4 [&hellip;]<\/p>\n","protected":false},"author":1,"featured_media":0,"parent":0,"menu_order":0,"comment_status":"closed","ping_status":"closed","template":"","meta":{"site-sidebar-layout":"default","site-content-layout":"","ast-site-content-layout":"default","site-content-style":"default","site-sidebar-style":"default","ast-global-header-display":"","ast-banner-title-visibility":"","ast-main-header-display":"","ast-hfb-above-header-display":"","ast-hfb-below-header-display":"","ast-hfb-mobile-header-display":"","site-post-title":"","ast-breadcrumbs-content":"","ast-featured-img":"","footer-sml-layout":"","ast-disable-related-posts":"","theme-transparent-header-meta":"","adv-header-id-meta":"","stick-header-meta":"","header-above-stick-meta":"","header-main-stick-meta":"","header-below-stick-meta":"","astra-migrate-meta-layouts":"default","ast-page-background-enabled":"default","ast-page-background-meta":{"desktop":{"background-color":"","background-image":"","background-repeat":"repeat","background-position":"center center","background-size":"auto","background-attachment":"scroll","background-type":"","background-media":"","overlay-type":"","overlay-color":"","overlay-opacity":"","overlay-gradient":""},"tablet":{"background-color":"","background-image":"","background-repeat":"repeat","background-position":"center center","background-size":"auto","background-attachment":"scroll","background-type":"","background-media":"","overlay-type":"","overlay-color":"","overlay-opacity":"","overlay-gradient":""},"mobile":{"background-color":"","background-image":"","background-repeat":"repeat","background-position":"center center","background-size":"auto","background-attachment":"scroll","background-type":"","background-media":"","overlay-type":"","overlay-color":"","overlay-opacity":"","overlay-gradient":""}},"ast-content-background-meta":{"desktop":{"background-color":"var(--ast-global-color-5)","background-image":"","background-repeat":"repeat","background-position":"center center","background-size":"auto","background-attachment":"scroll","background-type":"","background-media":"","overlay-type":"","overlay-color":"","overlay-opacity":"","overlay-gradient":""},"tablet":{"background-color":"var(--ast-global-color-5)","background-image":"","background-repeat":"repeat","background-position":"center center","background-size":"auto","background-attachment":"scroll","background-type":"","background-media":"","overlay-type":"","overlay-color":"","overlay-opacity":"","overlay-gradient":""},"mobile":{"background-color":"var(--ast-global-color-5)","background-image":"","background-repeat":"repeat","background-position":"center center","background-size":"auto","background-attachment":"scroll","background-type":"","background-media":"","overlay-type":"","overlay-color":"","overlay-opacity":"","overlay-gradient":""}},"footnotes":""},"class_list":["post-26587","page","type-page","status-publish","hentry"],"_links":{"self":[{"href":"https:\/\/einfach-mehr-wissen.de\/ru\/wp-json\/wp\/v2\/pages\/26587","targetHints":{"allow":["GET"]}}],"collection":[{"href":"https:\/\/einfach-mehr-wissen.de\/ru\/wp-json\/wp\/v2\/pages"}],"about":[{"href":"https:\/\/einfach-mehr-wissen.de\/ru\/wp-json\/wp\/v2\/types\/page"}],"author":[{"embeddable":true,"href":"https:\/\/einfach-mehr-wissen.de\/ru\/wp-json\/wp\/v2\/users\/1"}],"replies":[{"embeddable":true,"href":"https:\/\/einfach-mehr-wissen.de\/ru\/wp-json\/wp\/v2\/comments?post=26587"}],"version-history":[{"count":3,"href":"https:\/\/einfach-mehr-wissen.de\/ru\/wp-json\/wp\/v2\/pages\/26587\/revisions"}],"predecessor-version":[{"id":30765,"href":"https:\/\/einfach-mehr-wissen.de\/ru\/wp-json\/wp\/v2\/pages\/26587\/revisions\/30765"}],"wp:attachment":[{"href":"https:\/\/einfach-mehr-wissen.de\/ru\/wp-json\/wp\/v2\/media?parent=26587"}],"curies":[{"name":"wp","href":"https:\/\/api.w.org\/{rel}","templated":true}]}}