{"id":13,"date":"2022-06-29T11:04:01","date_gmt":"2022-06-29T11:04:01","guid":{"rendered":"https:\/\/einfach-mehr-wissen.de\/registration\/"},"modified":"2022-09-30T10:53:54","modified_gmt":"2022-09-30T10:53:54","slug":"registration","status":"publish","type":"page","link":"https:\/\/einfach-mehr-wissen.de\/tr\/registration\/","title":{"rendered":"LV: Kay\u0131t"},"content":{"rendered":"<p><strong>Kay\u0131t olduktan sonra, kurslar\u0131n\u0131z\u0131 en \u00fcstte \"Kullan\u0131c\u0131 Hesab\u0131\" alt\u0131nda bulacaks\u0131n\u0131z.<\/strong><\/p>\n\n<div class=\"learndash-wrap\">\n\t<div class=\"learndash-wrapper\">\n\n\t<div id=\"learndash-registration-wrapper\" >\n\n\t\n\t<p class=\"registration-login\">Zaten bir hesab\u0131n\u0131z var m\u0131? <a class=\"registration-login-link\" href=\"\">Giri\u015f Yap<\/a><\/p><div class=\"registration-login-form\" style=\"display: none;\"><form name=\"loginform\" id=\"loginform\" action=\"https:\/\/einfach-mehr-wissen.de\/wp-login.php\" method=\"post\"><input id=\"learndash-login-form\" type=\"hidden\" name=\"learndash-login-form\" value=\"31779093f9\" \/><p class=\"login-username\">\n\t\t\t\t<label for=\"user_login\">Kullan\u0131c\u0131 ad\u0131 ya da e-posta adresi<\/label>\n\t\t\t\t<input type=\"text\" name=\"log\" id=\"user_login\" autocomplete=\"username\" class=\"input\" value=\"\" size=\"20\" \/>\n\t\t\t<\/p><p class=\"login-password\">\n\t\t\t\t<label for=\"user_pass\">Parola<\/label>\n\t\t\t\t<input type=\"password\" name=\"pwd\" id=\"user_pass\" autocomplete=\"current-password\" spellcheck=\"false\" class=\"input\" value=\"\" size=\"20\" \/>\n\t\t\t<\/p><p class=\"login-remember\"><label><input name=\"rememberme\" type=\"checkbox\" id=\"rememberme\" value=\"forever\" \/> Beni hat\u0131rla<\/label><\/p><p class=\"login-submit\">\n\t\t\t\t<input type=\"submit\" name=\"wp-submit\" id=\"wp-submit\" class=\"button button-primary\" value=\"Oturum a\u00e7\" \/>\n\t\t\t\t<input type=\"hidden\" name=\"redirect_to\" value=\"https:\/\/einfach-mehr-wissen.de\/tr\/registration\/\" \/>\n\t\t\t<\/p><\/form><\/div><p class=\"show-password-reset-link\" style=\"display: none;\">\u015eifrenizi mi unuttunuz? <a href=\"https:\/\/einfach-mehr-wissen.de\/tr\/reset-password\/\">S\u0131f\u0131rlamak i\u00e7in buraya t\u0131klay\u0131n.<\/a><\/p><p class=\"show-register-form\" style=\"display: none;\"><a href=\"\">Kay\u0131t formunu g\u00f6ster<\/a><\/p>\t\t\t\t<form name=\"learndash_registerform\" id=\"learndash_registerform\" class=\"ldregister\" action=\"https:\/\/einfach-mehr-wissen.de\/wp-login.php?action=register\" method=\"post\">\n\t\t\t\t<p class=\"learndash-registration-field learndash-registration-field-username learndash-required\"><label for=\"username\">Kullan\u0131c\u0131 Ad\u0131 <span class=\"learndash-required-field\">*<\/span><\/label>\n\t\t\t\t\t\t<input aria-required=\"&quot;true&quot;\" type=\"text\" id=\"username\" name=\"user_login\" value=\"\" \/><\/p><p class=\"learndash-registration-field learndash-registration-field-email learndash-required\"><label for=\"email\">E-posta adresi <span class=\"learndash-required-field\">*<\/span><\/label>\n\t\t\t\t\t\t<input aria-required=\"&quot;true&quot;\" type=\"text\" id=\"email\" name=\"user_email\" value=\"\" \/><\/p><p class=\"learndash-registration-field learndash-registration-field-first_name learndash-required\"><label for=\"first_name\">\u0130lk isim <span class=\"learndash-required-field\">*<\/span><\/label>\n\t\t\t\t\t\t<input aria-required=\"&quot;true&quot;\" type=\"text\" id=\"first_name\" name=\"first_name\" value=\"\" \/><\/p><p class=\"learndash-registration-field learndash-registration-field-last_name learndash-required\"><label for=\"last_name\">Soyad\u0131 <span class=\"learndash-required-field\">*<\/span><\/label>\n\t\t\t\t\t\t<input aria-required=\"&quot;true&quot;\" type=\"text\" id=\"last_name\" name=\"last_name\" value=\"\" \/><\/p><p class=\"learndash-registration-field learndash-registration-field-password learndash-required\"><label for=\"password\">\u015eifre <span class=\"learndash-required-field\">*<\/span><\/label>\n\t\t\t\t\t\t<input aria-required=\"&quot;true&quot;\" type=\"password\" id=\"password\" name=\"password\" value=\"\" \/><\/p><p class=\"learndash-registration-field learndash-registration-field-confirmpassword learndash-required\"><label for=\"confirm_password\">\u015eifreyi Onayla <span class=\"learndash-required-field\">*<\/span><\/label><input aria-required=\"&quot;true&quot;\" type=\"password\" id=\"confirm_password\" name=\"confirm_password\" \/><\/p><p style=\"display: none;\"><label>\u00d6zel bir \u015fey girin:<\/label><input name=\"aio_special_field\" type=\"text\" class=\"aio_special_field\" value=\"\" \/><\/p>\t\t\t\t<input name=\"ld_register_id\" value=\"0\" type=\"hidden\" \/>\n\t\t\t\t<input type=\"hidden\" name=\"learndash-registration-form\" value=\"9c79cde09e\" \/>\n\t\t\t\t<input type=\"hidden\" name=\"redirect_to\" value=\"https:\/\/einfach-mehr-wissen.de\/tr\/registration\/?ld-registered=true&#038;ld_register_id=0\" \/>\n\t\t\t\t<p><input type=\"submit\" name=\"wp-submit\" id=\"wp-submit\" class=\"button button-primary button-large\" value=\"Kay\u0131t Olun\" \/><\/p>\n\t\t\t<\/form>\n\t\t\t\t<\/div><\/div><\/div>","protected":false},"excerpt":{"rendered":"<p>Kay\u0131t olduktan sonra, kurslar\u0131n\u0131z\u0131 en \u00fcstte \"Kullan\u0131c\u0131 Hesab\u0131\" alt\u0131nda bulacaks\u0131n\u0131z.<\/p>","protected":false},"author":1,"featured_media":0,"parent":0,"menu_order":0,"comment_status":"closed","ping_status":"closed","template":"","meta":{"site-sidebar-layout":"default","site-content-layout":"","ast-site-content-layout":"default","site-content-style":"default","site-sidebar-style":"default","ast-global-header-display":"","ast-banner-title-visibility":"","ast-main-header-display":"","ast-hfb-above-header-display":"","ast-hfb-below-header-display":"","ast-hfb-mobile-header-display":"","site-post-title":"","ast-breadcrumbs-content":"","ast-featured-img":"","footer-sml-layout":"","ast-disable-related-posts":"","theme-transparent-header-meta":"","adv-header-id-meta":"","stick-header-meta":"","header-above-stick-meta":"","header-main-stick-meta":"","header-below-stick-meta":"","astra-migrate-meta-layouts":"default","ast-page-background-enabled":"default","ast-page-background-meta":{"desktop":{"background-color":"","background-image":"","background-repeat":"repeat","background-position":"center center","background-size":"auto","background-attachment":"scroll","background-type":"","background-media":"","overlay-type":"","overlay-color":"","overlay-opacity":"","overlay-gradient":""},"tablet":{"background-color":"","background-image":"","background-repeat":"repeat","background-position":"center center","background-size":"auto","background-attachment":"scroll","background-type":"","background-media":"","overlay-type":"","overlay-color":"","overlay-opacity":"","overlay-gradient":""},"mobile":{"background-color":"","background-image":"","background-repeat":"repeat","background-position":"center center","background-size":"auto","background-attachment":"scroll","background-type":"","background-media":"","overlay-type":"","overlay-color":"","overlay-opacity":"","overlay-gradient":""}},"ast-content-background-meta":{"desktop":{"background-color":"var(--ast-global-color-5)","background-image":"","background-repeat":"repeat","background-position":"center center","background-size":"auto","background-attachment":"scroll","background-type":"","background-media":"","overlay-type":"","overlay-color":"","overlay-opacity":"","overlay-gradient":""},"tablet":{"background-color":"var(--ast-global-color-5)","background-image":"","background-repeat":"repeat","background-position":"center center","background-size":"auto","background-attachment":"scroll","background-type":"","background-media":"","overlay-type":"","overlay-color":"","overlay-opacity":"","overlay-gradient":""},"mobile":{"background-color":"var(--ast-global-color-5)","background-image":"","background-repeat":"repeat","background-position":"center center","background-size":"auto","background-attachment":"scroll","background-type":"","background-media":"","overlay-type":"","overlay-color":"","overlay-opacity":"","overlay-gradient":""}},"footnotes":""},"class_list":["post-13","page","type-page","status-publish","hentry"],"_links":{"self":[{"href":"https:\/\/einfach-mehr-wissen.de\/tr\/wp-json\/wp\/v2\/pages\/13","targetHints":{"allow":["GET"]}}],"collection":[{"href":"https:\/\/einfach-mehr-wissen.de\/tr\/wp-json\/wp\/v2\/pages"}],"about":[{"href":"https:\/\/einfach-mehr-wissen.de\/tr\/wp-json\/wp\/v2\/types\/page"}],"author":[{"embeddable":true,"href":"https:\/\/einfach-mehr-wissen.de\/tr\/wp-json\/wp\/v2\/users\/1"}],"replies":[{"embeddable":true,"href":"https:\/\/einfach-mehr-wissen.de\/tr\/wp-json\/wp\/v2\/comments?post=13"}],"version-history":[{"count":12,"href":"https:\/\/einfach-mehr-wissen.de\/tr\/wp-json\/wp\/v2\/pages\/13\/revisions"}],"predecessor-version":[{"id":29855,"href":"https:\/\/einfach-mehr-wissen.de\/tr\/wp-json\/wp\/v2\/pages\/13\/revisions\/29855"}],"wp:attachment":[{"href":"https:\/\/einfach-mehr-wissen.de\/tr\/wp-json\/wp\/v2\/media?parent=13"}],"curies":[{"name":"wp","href":"https:\/\/api.w.org\/{rel}","templated":true}]}}