{"id":26010,"date":"2022-07-14T13:15:32","date_gmt":"2022-07-14T13:15:32","guid":{"rendered":"https:\/\/einfach-mehr-wissen.de\/?page_id=26010"},"modified":"2022-09-30T10:53:13","modified_gmt":"2022-09-30T10:53:13","slug":"nutzungsvereinbarung","status":"publish","type":"page","link":"https:\/\/einfach-mehr-wissen.de\/tr\/nutzungsvereinbarung\/","title":{"rendered":"LV: \u00d6\u011frenme Platformu Kullan\u0131c\u0131 S\u00f6zle\u015fmesi"},"content":{"rendered":"<h1 class=\"wp-block-heading\">Kullan\u0131c\u0131 s\u00f6zle\u015fmesi<\/h1>\n\n\n\n<figure class=\"wp-block-table\"><table><tbody><tr><td>1. \u00f6\u011frenme platformunun kullan\u0131m\u0131 <br>\u00d6\u011frenme platformu Lehrke Verlag GmbH taraf\u0131ndan i\u015fletilmektedir. \u00d6\u011frenme platformunun i\u00e7eri\u011fi, y\u00f6netime uygun olarak ve temelde \u00fccretsiz olarak kullan\u0131c\u0131lara sunulmaktad\u0131r.<br><br>Kullan\u0131m hakk\u0131, \u00f6zel bir stat\u00fc (\u00f6rne\u011fin mezun olarak) belirtilmedi\u011fi s\u00fcrece, \u00fcye kurumdan ayr\u0131lma veya proje ortakl\u0131\u011f\u0131n\u0131n sona ermesiyle otomatik olarak sona erer.<br><br>2. Telif haklar\u0131<br>\u0130\u00e7eri\u011fin t\u00fcm telif haklar\u0131 ilgili yazarlara aittir.<br><br>Eri\u015fim yetkisinin sona ermesi s\u0131ras\u0131nda ve sonras\u0131nda herhangi bir \u00e7o\u011faltma (veri ta\u015f\u0131y\u0131c\u0131lar\u0131, \u00e7\u0131kt\u0131lar ve ka\u011f\u0131t veya di\u011fer malzemeler \u00fczerine kopyalar, vb.) ve\/veya bunlar\u0131n ticari ama\u00e7larla \u00fc\u00e7\u00fcnc\u00fc taraflara aktar\u0131lmas\u0131na izin verilmez ve ceza hukuku ve medeni hukuk kapsam\u0131nda kovu\u015fturulacakt\u0131r. Ayr\u0131ca kullan\u0131c\u0131 yetkisinin derhal feshedilmesine yol a\u00e7acakt\u0131r. Bu durum, i\u00e7eri\u011fin eri\u015fim yetkisi olmayan \u00fc\u00e7\u00fcnc\u00fc taraflarca eri\u015filebilir k\u0131l\u0131nmas\u0131 i\u00e7in de ge\u00e7erlidir (\u00f6rn. ki\u015fisel \u015fifrenin aktar\u0131lmas\u0131 yoluyla).<br><br>3. veri\u0307 koruma<br>3.1 Toplanan, i\u015flenen ve saklanan veriler<br>Platforma kay\u0131t i\u00e7in ge\u00e7erli bir e-posta adresi gereklidir. Ayr\u0131ca ad ve soyad\u0131n yan\u0131 s\u0131ra kullan\u0131c\u0131 ad\u0131 ve kurumun da belirtilmesi zorunludur. Kurum, BAG digitale Lehre H\u00f6D b\u00fcnyesindeki \u00fcye kurumlara atama i\u00e7in gereklidir. Bu ki\u015fisel veriler yaln\u0131zca kullan\u0131c\u0131lar\u0131n i\u00e7eri\u011fe eri\u015febilmelerini sa\u011flamak i\u00e7in ve yaln\u0131zca kullan\u0131m s\u00fcresi boyunca saklan\u0131r.<br><br>\u00d6\u011frenme platformundaki kullan\u0131c\u0131 davran\u0131\u015flar\u0131na ili\u015fkin veriler sistem taraf\u0131ndan kaydedilir ve y\u00f6neticiler veya yazarlar taraf\u0131ndan g\u00f6r\u00fcnt\u00fclenebilir. A\u015fa\u011f\u0131daki veriler kaydedilir ve saklan\u0131r:<br><br><br>Kullan\u0131m onay\u0131 s\u00f6zle\u015fmesi ve onay tarihi<br>Her kullan\u0131c\u0131 ad\u0131n\u0131n izinleri veya rolleri<br>Gruplara ve kurslara \u00fcyelik i\u00e7in: kay\u0131t tarihi ve \u00f6\u011frenme ilerlemesi (\"Hen\u00fcz ba\u015flamad\u0131\" \/ \"Devam ediyor\" \/ \"\u00dczerinde \u00e7al\u0131\u015f\u0131l\u0131yor\" \/ \"Ba\u015far\u0131s\u0131z\")<br>Ge\u00e7mi\u015f verileri: Hesap olu\u015fturma tarihi ve kim taraf\u0131ndan (sahip), son oturum a\u00e7ma ve nesnelerin sahipli\u011fi.<br>Dahili posta sistemi kullan\u0131l\u0131rken, bu e-posta i\u015flevi arac\u0131l\u0131\u011f\u0131yla g\u00f6nderilen ve al\u0131nan mesajlar<br>Gruplarda ve kurslarda otomatik bildirim i\u015flevini kullan\u0131rken, her durumda g\u00f6nderilen ve al\u0131nan mesajlar.<br>Bir hata durumunda ve kalite g\u00fcvencesi amac\u0131yla, sunucu g\u00fcnl\u00fckleri y\u00f6neticiler taraf\u0131ndan etkinle\u015ftirilebilir ve de\u011ferlendirilebilir. Bunlar, al\u0131nan dosya veya sayfan\u0131n ad\u0131n\u0131, al\u0131nma tarih ve saatini, aktar\u0131lan veri miktar\u0131n\u0131, http durum kodunu, alan IP adresini ve taray\u0131c\u0131 t\u00fcr\u00fc ve s\u00fcr\u00fcm\u00fcn\u00fc i\u00e7erir.<br>Destek sorunlar\u0131 ve talepleri gerekirse sa\u011flay\u0131c\u0131daki bir destek sistemine iletilir. Ki\u015fisel verilere (soyad\u0131, ad ve e-posta adresi) ek olarak, destek biletinin olu\u015fturulma tarihi ve saati, biletin i\u00e7eri\u011fi ve i\u015flem ge\u00e7mi\u015fi ile bilet kapat\u0131lana kadar (talebin tamamlanmas\u0131) bu biletle ilgili daha fazla ileti\u015fimin seyri ge\u00e7mi\u015f verileri olarak burada saklan\u0131r.<br>Verilere, amac\u0131n ger\u00e7ekle\u015ftirilmesi i\u00e7in a\u015fa\u011f\u0131daki ki\u015filer taraf\u0131ndan eri\u015filebilir:<br><br><br>Kurs \u00f6\u011fretmenleri, grup ve\/veya kurs y\u00f6neticileri kay\u0131tl\u0131 kat\u0131l\u0131mc\u0131lar\u0131 ve onlar\u0131n \u00f6\u011frenme ilerlemelerini ana ve ge\u00e7mi\u015f verilerle (kay\u0131t durumu, kat\u0131l\u0131mc\u0131 listesi, \u00f6\u011frenme ba\u015far\u0131s\u0131, son giri\u015f\/kay\u0131t) g\u00f6rebilirler.<br>Grup ve\/veya kurs \u00fcyeleri, ilgili \u00fcyelerin kullan\u0131c\u0131 adlar\u0131n\u0131 g\u00f6r\u00fcr ve onlarla ileti\u015fime ge\u00e7ebilir. Di\u011fer ayr\u0131nt\u0131lar (profil verileri olarak adland\u0131r\u0131l\u0131r) yaln\u0131zca ilgili kullan\u0131c\u0131 taraf\u0131ndan yay\u0131nlanm\u0131\u015fsa g\u00f6r\u00fclebilir.<br>Kullan\u0131m s\u0131ras\u0131nda, t\u00fcm kat\u0131l\u0131mc\u0131lar ayn\u0131 anda \u00f6\u011frenme platformunda kimlerin oldu\u011funu g\u00f6rebilir (\"aktif kullan\u0131c\u0131lar\" - ekran). kullan\u0131c\u0131lar, ki\u015fisel profilde ad ve kullan\u0131c\u0131 ad\u0131n\u0131n yay\u0131nlanmas\u0131n\u0131n \u00f6tesindeki verileri kendileri belirler.<br><br>3.2 Veri depolama<br>Veriler, g\u00f6revlendirilmi\u015f veri i\u015fleme \u015feklinde bir sa\u011flay\u0131c\u0131 taraf\u0131ndan saklan\u0131r. Alman Veri Koruma Y\u00f6netmeli\u011fi (DSGVO) h\u00fck\u00fcmlerine uygun bir s\u00f6zle\u015fme mevcuttur.<br>Mevcut sa\u011flay\u0131c\u0131n\u0131n ad\u0131 ve adresi:<br><br>STRATO AG<br>Otto Ostrowski Sokak 7<br>D-10249 Berlin<br>\u2003\u2003<a rel=\"noreferrer noopener\" href=\"https:\/\/www.strato.de\/\" target=\"_blank\">www.databay.de<\/a><br><br>3.3 Verilerin \u00fc\u00e7\u00fcnc\u00fc taraflara a\u00e7\u0131klanmas\u0131<br>\u00dc\u00e7\u00fcnc\u00fc taraflara hi\u00e7bir veri aktar\u0131lmaz.<br><br>3.4 Veri ta\u015f\u0131nabilirli\u011fi<br>A\u015fa\u011f\u0131daki veriler kullan\u0131c\u0131lar taraf\u0131ndan \u00f6\u011frenme platformundan aktar\u0131labilir:<br><br>Portatifler:<br>Profil, kendi ayarlar\u0131 (XML)<br>\"Ki\u015fisel Masa\" \u00fczerine ki\u015fisel notlar<br>Yer \u0130mleri<br>\u00f6zel takvi\u0307mler<br>\u00d6\u011frenme durumlar\u0131<br>\u0130hra\u00e7 edilebilir:<br>Sertifikalar<br>Ki\u015fisel \u00e7al\u0131\u015fma alan\u0131ndan nesneler<br>Rozetler<br>Ki\u015fisel bloglar<br>Portf\u00f6yler<br>Kendi ba\u011flant\u0131lar\u0131n\u0131z<br>3.5 Veri silme<br>Kullan\u0131c\u0131lar, kurumlar\u0131n\u0131n yerel y\u00f6neticisine yaz\u0131l\u0131 olarak veya e-posta yoluyla daha fazla kullan\u0131mla art\u0131k ilgilenmediklerini bildirir bildirmez, verileri silinecektir. Ancak, yorumlar ve forumlardaki ki\u015fisel bilgiler otomatikle\u015ftirilemedi\u011fi i\u00e7in bundan etkilenmez. Bu nedenle, giri\u015fler bu \u015fekilde de\u011ferlendirilmelidir.<br><br>3.6 Anonimle\u015ftirilmi\u015f veri depolama<br>Kullan\u0131c\u0131lar ayr\u0131ca, verilerin yaln\u0131zca anonim bir bi\u00e7imde yap\u0131lmas\u0131 ve bilgilerin yaln\u0131zca bilimsel ama\u00e7larla, \u00f6rne\u011fin \u00f6\u011fretimi optimize etmek, kullan\u0131c\u0131 istatistiklerini derlemek vb. i\u00e7in kullan\u0131lmas\u0131 durumunda kullan\u0131m s\u00fcresinden sonra da saklanabilece\u011fini kabul eder.<br><br>3.7 \u00c7erezler hakk\u0131nda notlar<br>\u00d6\u011frenme platformuna bir taray\u0131c\u0131 \u00fczerinden eri\u015filir. Bu ba\u011flamda, mevcut \u00f6\u011frenim platformu s\u00fcr\u00fcmleri \u00e7a\u011fr\u0131l\u0131rken iki \u00e7erez yaz\u0131l\u0131r. \u00c7erezler, \u00f6\u011frenme platformunun kendisinde veya \u00f6\u011frenme platformu sa\u011flay\u0131c\u0131s\u0131n\u0131n sunucular\u0131nda de\u011fil, istemcide (kullan\u0131c\u0131n\u0131n taray\u0131c\u0131s\u0131) saklan\u0131r. \u00c7erezlere do\u011frudan hi\u00e7bir ki\u015fisel veri yaz\u0131lmaz.<br><br>4. Kullan\u0131c\u0131lar\u0131n y\u00fck\u00fcml\u00fcl\u00fckleri<br>Kullan\u0131c\u0131lar, katk\u0131lar\u0131nda (forumlar, sohbetler, k\u00f6pr\u00fclerin hedefleri ve y\u00fcklenen dosyalar vb.) sald\u0131rgan veya yasa d\u0131\u015f\u0131 ifadeler ve i\u00e7erik yay\u0131nlayamazlar. Bu h\u00fck\u00fcmlerin ihlali ceza hukuku ve medeni hukuk kapsam\u0131nda kovu\u015fturulabilir ve kullan\u0131c\u0131n\u0131n yetkisinin derhal feshedilmesine yol a\u00e7abilir.<br><br>Kullan\u0131c\u0131lar, bildikleri ve inand\u0131klar\u0131 kadar\u0131yla, \u00f6\u011frenme platformunda genel i\u015fleyi\u015fin aksamas\u0131na yol a\u00e7abilecek eylemlerden ve veri giri\u015flerinden ka\u00e7\u0131nmakla y\u00fck\u00fcml\u00fcd\u00fcr.<br><br>5. feragatname<br>Do\u011frudan veya dolayl\u0131 olarak at\u0131fta bulunulan (ba\u011flant\u0131lar) ve Lehrke Verlag GmbH'nin etki alan\u0131 d\u0131\u015f\u0131nda kalan i\u00e7erikler i\u00e7in hi\u00e7bir sorumluluk kabul edilmez.<br><br>\u00d6\u011frenme platformunda sa\u011flanan i\u00e7eri\u011fin g\u00fcncelli\u011fi ve eksiksizli\u011fi konusunda hi\u00e7bir garanti verilmemektedir. Yazarlara, Lehrke Verlag GmbH'ye ve \u00f6\u011frenme platformunun operat\u00f6rlerine kar\u015f\u0131, sa\u011flanan i\u00e7eri\u011fin kullan\u0131lmas\u0131 veya kullan\u0131lmamas\u0131ndan veya yanl\u0131\u015f ve eksik i\u00e7eri\u011fin kullan\u0131lmas\u0131ndan kaynaklanan maddi veya manevi zararlarla ilgili sorumluluk talepleri hari\u00e7 tutulur. Kullan\u0131m riski kullan\u0131c\u0131ya aittir.<br><br>6. muhteli\u0307f<br>Bu kullan\u0131c\u0131 s\u00f6zle\u015fmesine kay\u0131t sayfas\u0131ndan \u00e7evrimi\u00e7i olarak eri\u015filebilir. Objektif olarak gerek\u00e7elendirilmesi ko\u015fuluyla, Lehrke Verlag GmbH taraf\u0131ndan herhangi bir zamanda de\u011fi\u015ftirilebilir.<br><br>Bu kullan\u0131c\u0131 s\u00f6zle\u015fmesini kabul ederek, kullan\u0131c\u0131 her bir h\u00fckm\u00fcn kendisi i\u00e7in ge\u00e7erlili\u011fini kabul eder; her bir h\u00fckm\u00fcn ge\u00e7erlili\u011fi di\u011fer bireysel h\u00fck\u00fcmlerin ge\u00e7erlili\u011finden etkilenmez. De\u011fi\u015fiklikler \u00e7evrimi\u00e7i yay\u0131nla birlikte y\u00fcr\u00fcrl\u00fc\u011fe girer. Kullan\u0131c\u0131lar, \u00f6\u011frenme platformunu kullanmaya devam ederek de\u011fi\u015ftirilmi\u015f s\u00f6zle\u015fmeyi kabul etmi\u015f olurlar.<br><br>Stat\u00fc: 12 A\u011fustos 2022<\/td><\/tr><\/tbody><\/table><\/figure>","protected":false},"excerpt":{"rendered":"<p>Nutzungsvereinbarung 1. Nutzung der Lernplattform Die Lernplattform wird von Lehrke Verlag GmbH betrieben. Die Inhalte der Lernplattform stehen den Nutzenden nach Ma\u00dfgabe der Administration und grunds\u00e4tzlich kostenlos zur Verf\u00fcgung. Das Nutzungsrecht erlischt automatisch mit dem Ausscheiden aus der Mitgliedsinstitution oder mit der Beendigung einer Projektpartnerschaft, sofern kein besonderer Status (z. B. als Alumni) ausgesprochen worden [&hellip;]<\/p>\n","protected":false},"author":1,"featured_media":0,"parent":0,"menu_order":0,"comment_status":"closed","ping_status":"closed","template":"","meta":{"site-sidebar-layout":"default","site-content-layout":"","ast-site-content-layout":"default","site-content-style":"default","site-sidebar-style":"default","ast-global-header-display":"","ast-banner-title-visibility":"","ast-main-header-display":"","ast-hfb-above-header-display":"","ast-hfb-below-header-display":"","ast-hfb-mobile-header-display":"","site-post-title":"","ast-breadcrumbs-content":"","ast-featured-img":"","footer-sml-layout":"","ast-disable-related-posts":"","theme-transparent-header-meta":"","adv-header-id-meta":"","stick-header-meta":"","header-above-stick-meta":"","header-main-stick-meta":"","header-below-stick-meta":"","astra-migrate-meta-layouts":"default","ast-page-background-enabled":"default","ast-page-background-meta":{"desktop":{"background-color":"","background-image":"","background-repeat":"repeat","background-position":"center center","background-size":"auto","background-attachment":"scroll","background-type":"","background-media":"","overlay-type":"","overlay-color":"","overlay-opacity":"","overlay-gradient":""},"tablet":{"background-color":"","background-image":"","background-repeat":"repeat","background-position":"center center","background-size":"auto","background-attachment":"scroll","background-type":"","background-media":"","overlay-type":"","overlay-color":"","overlay-opacity":"","overlay-gradient":""},"mobile":{"background-color":"","background-image":"","background-repeat":"repeat","background-position":"center center","background-size":"auto","background-attachment":"scroll","background-type":"","background-media":"","overlay-type":"","overlay-color":"","overlay-opacity":"","overlay-gradient":""}},"ast-content-background-meta":{"desktop":{"background-color":"var(--ast-global-color-5)","background-image":"","background-repeat":"repeat","background-position":"center center","background-size":"auto","background-attachment":"scroll","background-type":"","background-media":"","overlay-type":"","overlay-color":"","overlay-opacity":"","overlay-gradient":""},"tablet":{"background-color":"var(--ast-global-color-5)","background-image":"","background-repeat":"repeat","background-position":"center center","background-size":"auto","background-attachment":"scroll","background-type":"","background-media":"","overlay-type":"","overlay-color":"","overlay-opacity":"","overlay-gradient":""},"mobile":{"background-color":"var(--ast-global-color-5)","background-image":"","background-repeat":"repeat","background-position":"center center","background-size":"auto","background-attachment":"scroll","background-type":"","background-media":"","overlay-type":"","overlay-color":"","overlay-opacity":"","overlay-gradient":""}},"footnotes":""},"class_list":["post-26010","page","type-page","status-publish","hentry"],"_links":{"self":[{"href":"https:\/\/einfach-mehr-wissen.de\/tr\/wp-json\/wp\/v2\/pages\/26010","targetHints":{"allow":["GET"]}}],"collection":[{"href":"https:\/\/einfach-mehr-wissen.de\/tr\/wp-json\/wp\/v2\/pages"}],"about":[{"href":"https:\/\/einfach-mehr-wissen.de\/tr\/wp-json\/wp\/v2\/types\/page"}],"author":[{"embeddable":true,"href":"https:\/\/einfach-mehr-wissen.de\/tr\/wp-json\/wp\/v2\/users\/1"}],"replies":[{"embeddable":true,"href":"https:\/\/einfach-mehr-wissen.de\/tr\/wp-json\/wp\/v2\/comments?post=26010"}],"version-history":[{"count":6,"href":"https:\/\/einfach-mehr-wissen.de\/tr\/wp-json\/wp\/v2\/pages\/26010\/revisions"}],"predecessor-version":[{"id":27414,"href":"https:\/\/einfach-mehr-wissen.de\/tr\/wp-json\/wp\/v2\/pages\/26010\/revisions\/27414"}],"wp:attachment":[{"href":"https:\/\/einfach-mehr-wissen.de\/tr\/wp-json\/wp\/v2\/media?parent=26010"}],"curies":[{"name":"wp","href":"https:\/\/api.w.org\/{rel}","templated":true}]}}