{"id":26587,"date":"2022-08-12T08:05:58","date_gmt":"2022-08-12T08:05:58","guid":{"rendered":"https:\/\/einfach-mehr-wissen.de\/?page_id=26587"},"modified":"2022-09-30T10:50:40","modified_gmt":"2022-09-30T10:50:40","slug":"nutzungsvereinbarung-cafea-gruppe","status":"publish","type":"page","link":"https:\/\/einfach-mehr-wissen.de\/tr\/nutzungsvereinbarung-cafea-gruppe\/","title":{"rendered":"CAFEA, DEK-B, DEK-HH: Kullan\u0131c\u0131 s\u00f6zle\u015fmesi"},"content":{"rendered":"<p>GI\u0307ZLI\u0307LI\u0307K POLI\u0307TI\u0307KASI ZI\u0307YARET\u00c7I\u0307 Y\u00d6NETI\u0307MI\u0307<\/p>\n\n\n\n<p>\u00d6ns\u00f6z<\/p>\n\n\n\n<p>CAFEA GmbH, Am Sandtorkai 2, 20457 Hamburg (bundan b\u00f6yle \"CAFEA\", \"biz\", \"bize\" olarak an\u0131lacakt\u0131r), Cafea - Group'un ziyaret\u00e7i y\u00f6netimini y\u00fcr\u00fctmektedir. Bu faaliyetler kapsam\u0131nda CAFEA, Cafea - Group \u015firketleri ad\u0131na ve ama\u00e7lar\u0131 do\u011frultusunda ki\u015fisel verileri i\u015fler, bu nedenle CAFEA bu ba\u011flamda Genel Veri Koruma Y\u00f6netmeli\u011fi (DSGVO) Madde 4 Z 8 anlam\u0131nda bir veri koruma kanunu i\u015flemcisi olarak nitelendirilir. CAFEA, ki\u015fisel verilerin kendi ama\u00e7lar\u0131 do\u011frultusunda i\u015flenmesi halinde GDPR Madde 4 No. 7 anlam\u0131nda bir kontrol\u00f6r olarak nitelendirilecektir. CAFEA i\u00e7in verilerinizin korunmas\u0131 ve gizlili\u011fi \u00f6zel bir \u00f6nem ta\u015f\u0131maktad\u0131r. Verilerinizin yaln\u0131zca ge\u00e7erli veri koruma d\u00fczenlemelerine, \u00f6zellikle de Alman Federal Veri Koruma Yasas\u0131 (BDSG) ve Alman Telemedya Yasas\u0131'na (TMG) uygun olarak i\u015flenece\u011fini s\u00f6ylemeye gerek yoktur. Bu veri koruma beyan\u0131, Avrupa Veri Koruma Y\u00f6netmeli\u011fi (DSGVO) y\u00fcr\u00fcrl\u00fc\u011fe girdi\u011finde zorunlu hale gelecek olan t\u00fcm yasal gerekliliklere de uygundur. DSGVO 25 May\u0131s 2018 tarihinden beri y\u00fcr\u00fcrl\u00fcktedir.<\/p>\n\n\n\n<p>Ki\u015fisel veri nedir?<br class=\"\">Ki\u015fisel veriler, ki\u015fisel veya ger\u00e7ek durumunuz hakk\u0131nda sonu\u00e7 \u00e7\u0131kar\u0131labilecek veya sizi tan\u0131mlanabilir k\u0131lan her t\u00fcrl\u00fc bilgidir.<\/p>\n\n\n\n<p>2. Hangi veriler saklan\u0131yor?<br class=\"\">\u015eirket ad\u0131 ve adresi<br class=\"\">Ziyaret\u00e7inin ad\u0131 ve soyad\u0131<br class=\"\">Ziyaret nedeni<br class=\"\">E\u011fer gerekliyse: Hijyen talimat\u0131 ve ilgili ge\u00e7erlilik tarihi hakk\u0131nda bilgi<br class=\"\">Ziyaretin ba\u015flang\u0131\u00e7 ve biti\u015f tarih ve saati<br class=\"\">Tesislere bir ara\u00e7la giriyorsan\u0131z; ara\u00e7 kay\u0131t numaras\u0131<\/p>\n\n\n\n<p>3. Veri toplaman\u0131n amac\u0131<br class=\"\">CAFEA, ki\u015fisel verilerinizi yaln\u0131zca \u00fcr\u00fcn koruma gereklilikleri, AEO stat\u00fcs\u00fc ve i\u015fverenlerin sorumluluk sigortas\u0131 birli\u011finin gereklilikleri \u00e7er\u00e7evesinde ziyaret\u00e7i trafi\u011finin belgelendirilmesine uymak i\u00e7in kullan\u0131r.<\/p>\n\n\n\n<p>4. veriler \u00fc\u00e7\u00fcnc\u00fc taraflara aktar\u0131l\u0131yor mu veya \u00fc\u00e7\u00fcnc\u00fc taraflardan toplan\u0131yor mu?<br class=\"\">CAFEA taraf\u0131ndan toplanan veriler, CAFEA taraf\u0131ndan yay\u0131nlanmayacak veya izinsiz olarak, yani \u00f6zellikle sizin izniniz olmadan \u00fc\u00e7\u00fcnc\u00fc taraflara aktar\u0131lmayacakt\u0131r.<br class=\"\">CAFEA, verilerin serbest b\u0131rak\u0131lmas\u0131n\u0131n bir kamu otoritesi nezdinde m\u00fcvekkilin yasal taleplerinin ileri s\u00fcr\u00fclmesi, uygulanmas\u0131 veya savunulmas\u0131 i\u00e7in gerekli olmas\u0131 halinde yasal olarak verileri serbest b\u0131rakmak zorunda kalabilir.<br class=\"\">CAFEA'n\u0131n verilerinizi yukar\u0131da a\u00e7\u0131klananlar\u0131n \u00f6tesine ge\u00e7en bir \u015fekilde kullanmak istemesi halinde, CAFEA \u00f6nceden a\u00e7\u0131k r\u0131zan\u0131z\u0131 alacakt\u0131r.<\/p>\n\n\n\n<p>5. depolama s\u00fcreleri<br class=\"\">Yukar\u0131da belirtilen gereklilikler \u00e7er\u00e7evesinde, ziyaret\u00e7i verileri, biletler ve ara\u00e7 kartlar\u0131 i\u00e7in takvim y\u0131l\u0131n\u0131n bitiminden sonra 5 y\u0131ll\u0131k bir saklama s\u00fcresi belirledik.<br class=\"\">Belirtilenlerden daha uzun saklama s\u00fcreleri, verilerin bir makam nezdinde yasal taleplerin ileri s\u00fcr\u00fclmesi, uygulanmas\u0131 veya savunulmas\u0131 i\u00e7in gerekli olmas\u0131ndan veya yasal saklama y\u00fck\u00fcml\u00fcl\u00fcklerinin bulunmas\u0131ndan da kaynaklanabilir. Veriler bu ama\u00e7lar\u0131n yerine getirilmesi i\u00e7in gerekli oldu\u011fu s\u00fcrece saklanacakt\u0131r.<\/p>\n\n\n\n<p>5. saklanan verilere ili\u015fkin haklar\u0131n\u0131z<br>Hangi ki\u015fisel verilerinizi i\u015fledi\u011fimiz hakk\u0131nda \u00fccretsiz bilgi edinme hakk\u0131n\u0131z\u0131n yan\u0131 s\u0131ra d\u00fczeltme, silme, veri i\u015flemenin k\u0131s\u0131tlanmas\u0131 ve veri ta\u015f\u0131nabilirli\u011fi haklar\u0131na da sahipsiniz. Bu haklar\u0131n\u0131z\u0131 kullanmak veya bunlar hakk\u0131nda daha fazla bilgi almak i\u00e7in l\u00fctfen bizimle e-posta yoluyla ileti\u015fime ge\u00e7in\u00a0<a class=\"\" rel=\"noreferrer noopener\" href=\"mailto:DSB@CAFEA.de\" target=\"_blank\">DSB@CAFEA.de<\/a>.<\/p>\n\n\n\n<p>6. iptal olas\u0131l\u0131\u011f\u0131<br class=\"\">Veri koruma yasas\u0131 kapsam\u0131nda verilen herhangi bir onay\u0131, gelecekte ge\u00e7erli olmak \u00fczere istedi\u011finiz zaman iptal edebilirsiniz. Onay\u0131n\u0131z\u0131 iptal etme olana\u011f\u0131ndan yararlanmak i\u00e7in l\u00fctfen bizimle e-posta yoluyla ileti\u015fime ge\u00e7in&nbsp;<a href=\"mailto:DSB@CAFEA.de\" class=\"\" target=\"_blank\" rel=\"noreferrer noopener\">DSB@CAFEA.de<\/a><\/p>\n\n\n\n<p>7 S\u00f6zle\u015fmenin ge\u00e7erlili\u011fi (b\u00f6l\u00fcnebilirlik maddesi)<br class=\"\">Bu veri koruma h\u00fck\u00fcmlerinin ve kullan\u0131m ko\u015fullar\u0131n\u0131n bir k\u0131sm\u0131n\u0131n hukuka ayk\u0131r\u0131, etkisiz, ge\u00e7ersiz veya uygulanamaz olmas\u0131, geri kalan h\u00fck\u00fcmlerin etkinli\u011fini ve ge\u00e7erlili\u011fini etkilemeyecektir.<\/p>\n\n\n\n<p>8. Veri koruma kurumuna \u015fikayet<br class=\"\">Verilerinizi y\u00fcr\u00fcrl\u00fckteki mevzuata ayk\u0131r\u0131 olarak i\u015fledi\u011fimizi d\u00fc\u015f\u00fcn\u00fcyorsan\u0131z, yetkili denetim makam\u0131na \u015fikayette bulunabilirsiniz.<\/p>\n\n\n\n<p>CAFEA ileti\u015fim bilgileri<br class=\"\">CAFEA GmbH<br class=\"\">Am Sandtorkai 2<br class=\"\">D 20457 Hamburg<br class=\"\">Telefon: +49 (0)40 378890<br class=\"\">Faks: +49(0)40 364311<br class=\"\"><a href=\"mailto:info@cafea.com\" class=\"\" target=\"_blank\" rel=\"noreferrer noopener\">E-posta: info@cafea.com<\/a><\/p>\n\n\n\n<p>Yasal yap\u0131: GmbH, kay\u0131tl\u0131 ofis: Hamburg<br class=\"\">Genel M\u00fcd\u00fcrler: Jan Beernd Rothfos, Holger Bebensee, Michael Lo\u00df, Anne Kathrin Rothfos<br class=\"\">Sicil Mahkemesi: Hamburg Yerel Mahkemesi \/ HRB 103 189<br class=\"\">KDV Kimlik No: DE257137937<\/p>","protected":false},"excerpt":{"rendered":"<p>DATENSCHUTZERKL\u00c4RUNG BESUCHERVERWALTUNG Pr\u00e4ambel Die CAFEA GmbH, Am Sandtorkai 2, 20457 Hamburg (nachfolgend \u201eCAFEA\u201c, \u201ewir\u201c, \u201euns\u201c) betreibt die Besucherverwaltung der Cafea \u2013 Gruppe. Die CAFEA verarbeitet im Rahmen dieser T\u00e4tigkeiten personenbezogene Daten im Auftrag und f\u00fcr die Zwecke der Unternehmen der Cafea &#8211; Gruppe, weshalb die CAFEA diesbez\u00fcglich als datenschutzrechtlicher Auftragsverarbeiter im Sinne des Art 4 [&hellip;]<\/p>\n","protected":false},"author":1,"featured_media":0,"parent":0,"menu_order":0,"comment_status":"closed","ping_status":"closed","template":"","meta":{"site-sidebar-layout":"default","site-content-layout":"","ast-site-content-layout":"default","site-content-style":"default","site-sidebar-style":"default","ast-global-header-display":"","ast-banner-title-visibility":"","ast-main-header-display":"","ast-hfb-above-header-display":"","ast-hfb-below-header-display":"","ast-hfb-mobile-header-display":"","site-post-title":"","ast-breadcrumbs-content":"","ast-featured-img":"","footer-sml-layout":"","ast-disable-related-posts":"","theme-transparent-header-meta":"","adv-header-id-meta":"","stick-header-meta":"","header-above-stick-meta":"","header-main-stick-meta":"","header-below-stick-meta":"","astra-migrate-meta-layouts":"default","ast-page-background-enabled":"default","ast-page-background-meta":{"desktop":{"background-color":"","background-image":"","background-repeat":"repeat","background-position":"center center","background-size":"auto","background-attachment":"scroll","background-type":"","background-media":"","overlay-type":"","overlay-color":"","overlay-opacity":"","overlay-gradient":""},"tablet":{"background-color":"","background-image":"","background-repeat":"repeat","background-position":"center center","background-size":"auto","background-attachment":"scroll","background-type":"","background-media":"","overlay-type":"","overlay-color":"","overlay-opacity":"","overlay-gradient":""},"mobile":{"background-color":"","background-image":"","background-repeat":"repeat","background-position":"center center","background-size":"auto","background-attachment":"scroll","background-type":"","background-media":"","overlay-type":"","overlay-color":"","overlay-opacity":"","overlay-gradient":""}},"ast-content-background-meta":{"desktop":{"background-color":"var(--ast-global-color-5)","background-image":"","background-repeat":"repeat","background-position":"center center","background-size":"auto","background-attachment":"scroll","background-type":"","background-media":"","overlay-type":"","overlay-color":"","overlay-opacity":"","overlay-gradient":""},"tablet":{"background-color":"var(--ast-global-color-5)","background-image":"","background-repeat":"repeat","background-position":"center center","background-size":"auto","background-attachment":"scroll","background-type":"","background-media":"","overlay-type":"","overlay-color":"","overlay-opacity":"","overlay-gradient":""},"mobile":{"background-color":"var(--ast-global-color-5)","background-image":"","background-repeat":"repeat","background-position":"center center","background-size":"auto","background-attachment":"scroll","background-type":"","background-media":"","overlay-type":"","overlay-color":"","overlay-opacity":"","overlay-gradient":""}},"footnotes":""},"class_list":["post-26587","page","type-page","status-publish","hentry"],"_links":{"self":[{"href":"https:\/\/einfach-mehr-wissen.de\/tr\/wp-json\/wp\/v2\/pages\/26587","targetHints":{"allow":["GET"]}}],"collection":[{"href":"https:\/\/einfach-mehr-wissen.de\/tr\/wp-json\/wp\/v2\/pages"}],"about":[{"href":"https:\/\/einfach-mehr-wissen.de\/tr\/wp-json\/wp\/v2\/types\/page"}],"author":[{"embeddable":true,"href":"https:\/\/einfach-mehr-wissen.de\/tr\/wp-json\/wp\/v2\/users\/1"}],"replies":[{"embeddable":true,"href":"https:\/\/einfach-mehr-wissen.de\/tr\/wp-json\/wp\/v2\/comments?post=26587"}],"version-history":[{"count":3,"href":"https:\/\/einfach-mehr-wissen.de\/tr\/wp-json\/wp\/v2\/pages\/26587\/revisions"}],"predecessor-version":[{"id":30765,"href":"https:\/\/einfach-mehr-wissen.de\/tr\/wp-json\/wp\/v2\/pages\/26587\/revisions\/30765"}],"wp:attachment":[{"href":"https:\/\/einfach-mehr-wissen.de\/tr\/wp-json\/wp\/v2\/media?parent=26587"}],"curies":[{"name":"wp","href":"https:\/\/api.w.org\/{rel}","templated":true}]}}